{"id":41909,"date":"2016-03-12T09:14:31","date_gmt":"2016-03-12T08:14:31","guid":{"rendered":"https:\/\/jonkopingmarathon.se\/registration\/"},"modified":"2024-10-29T08:19:57","modified_gmt":"2024-10-29T07:19:57","slug":"registration","status":"publish","type":"page","link":"https:\/\/jonkopingmarathon.se\/en\/registration\/","title":{"rendered":"Registration"},"content":{"rendered":"\n<h2><strong>Registration for the J\u00f6nk\u00f6ping Marathon &#038; Half Marathon<\/strong><\/h2>\n<div class=\"column-wrap\">\n<div class=\"fakta halv-column\">\n<table>\n<tbody><tr><td><span class=\"label\">Date:<\/span><\/td><td><span>29. august 2026<\/span><\/td><\/tr>\n<tr><td><span class=\"label\">Time:<\/span><\/td><td>10:00<\/td><\/tr>\n<tr><td><span class=\"label\">Location:<\/span><\/td><td>Spira (Expo), Munksj\u00f6bron (Start\/Finish)<\/td><\/tr>\n<tr><td><span class=\"label\">Time limit:<\/span><\/td><td>3 hours (Half Marathon), 6 hours (Marathon)<\/td><\/tr>\n<tr><td><span class=\"label\">Price:<\/span><\/td><td>895 SEK (Half Marathon), 1095 SEK(Marathon)<\/td> <\/tr>\n<tr><td><span class=\"label\">Age:<\/span><\/td><td>17 years +<\/td><\/tr>\n<tr><td><span class=\"label\">Hashtag:<\/span><\/td><td>#j\u00f6nk\u00f6pingmarathon #j\u00f6nk\u00f6pinghalfmarathon<\/td><\/tr>\n<\/tbody><\/table>\n<div class=\"register-wrap\"><p><a class=\"action button large\" href=\"\/en\/registration-form\/\" target=\"_blank\" rel=\"noopener\">Register<\/a><\/p>\n<p>You can register up to 5 runners at the same time. To register more then 5 runners go to <a  target=\"_blank\" href=\"https:\/\/jonkopingmarathon.se\/en\/group-registration\/\">group registration<\/a>.\nRead <a href=\"https:\/\/jonkopingmarathon.se\/en\/terms\/\">our terms<\/a> before you register.<\/p><\/div>\n<\/div>\n<div class=\"halv-column\"><img decoding=\"async\" class=\"alignnone wp-image-29769 size-full\" src=\"\/wp-content\/uploads\/2022\/03\/jonkoping-marathon.jpg\"\/><\/div>\n<\/div>\n<h2>Registration fee includes<\/h2>\n<ul>\n<li>Energy and fluid stations along the track, water, sports drink (Enervit), pickles and bananas<\/li>\n<li>Electronic timing with a chip (on the bib)<\/li>\n<li>Finisher T-shirt<\/li>\n<li>Finisher bag with plenty of goodies<\/li>\n<li>Nice medal at the finish line<\/li>\n<li>Running sessions where we try the track (2 sessions)<\/li>\n<li>A training session with Team Runner&#8217;s HIGH during the competition week. Preparatory session<\/li>\n<\/ul><br\/>\n<h2>Payment<\/h2>\n<p>Payment options: card payment, Swish (direct payment), invoice &#038; installment.<br\/>Direct payment means immediate payment (within 5 minutes). After registration, you will receive a confirmation directly on the screen and via e-mail (if you do not receive this, feel free to check your spam or e.g. campaign folder if you have Gmail as your e-mail provider.<\/p>\n<p>With the web invoice payment option: The invoice is visible directly on the screen after completed registration and is emailed directly to you automatically (keep an eye on your spam folder). Enter your order number as &#8220;message&#8221;.<\/p><br\/>\n<h2>Cancellation<\/h2>\n<p>Registration is definitive and non-refundable (also applies when purchasing gift cards). We therefore recommend <a href=\"http:\/\/www.startklar.nu\"><span class=\"s3\">Startklar<\/span><\/a> insurance The insurance applies to all Swedish long-distance races you sign up for and includes accident insurance for only SEK 155. <\/p><br\/>\n<h2>Name change\/Transfer<\/h2>\n<p>Until <strong>August 9, 2024<\/strong>, you have the possibility to transfer your starting place to someone else for an administrative fee of 150 SEK that you pay to us. It is <strong>NOT<\/strong> permitted to transfer a starting place to someone else or let someone else run in your place, without paying the fee and reporting the transfer of your starting place via email.<\/p>\n<p>To make a name change and pay the administration fee <a href=\"https:\/\/jonkopingmarathon.se\/en\/product\/name-change-transfer\/\"> &#8211; click here<\/a><\/p>\n<p><strong>The registration fee must be paid within the specified time.<\/strong> Otherwise, a reminder with a fee will be sent out. In the case of unpaid reminder invoices, the case is forwarded to the bailiff.<\/p>\n<p>J\u00f6nk\u00f6ping Marathon refers to the <a href=\"https:\/\/www.riksdagen.se\/sv\/Dokument-Lagar\/Lagar\/Svenskforfattningssamling\/Distans--och-hemforsaljningsla_sfs-2005-59\/\">Distance Shopping Act <\/a>:<\/p>\n<p>\u00a7 3 The provisions on the obligation to provide information in \u00a7 7 and on the right of withdrawal in \u00a7\u00a7 9-16 do not apply to distance contracts where the trader on a fixed day or during a fixed period of time must provide<\/p>\n<p>1. accommodation<br\/>2. transportation<br\/>3. serving, catering or any other similar service, or<br\/>4. cultural, sporting events or any other similar leisure activity<\/p>\n<p>This means that once the notification\/payment is made, the notification is binding.<\/p>\n<br\/>\n<h2>Change of distance<\/h2>\n<p>Only possible until July 26, 2024. Administration fee is charged.<\/p>\n<p><a href=\"target=\" _blank=\"\" rel=\"noopener\">Change from marathon to half marathon<\/a><\/p>\n<p><a href=\"target=\" _blank=\"\" rel=\"noopener\">Change from half marathon to marathon<\/a><\/p>\n<br\/>\n<h2>Approval of publication of personal data<\/h2>\n<p>With your registration, you agree that your name, hometown, association\/company, start number, year of birth, photos from the race, start time and meals are published on the internet or in other media.<\/p>\n","protected":false},"excerpt":{"rendered":"<p>Date: Time: Location:Spira (Expo), Munksj\u00f6bron (Start\/Finish) Time limit:3 hours (Half Marathon), 6 hours (Marathon) Price: (Half Marathon), (Marathon) Age:17 years + Hashtag:#j\u00f6nk\u00f6pingmarathon #j\u00f6nk\u00f6pinghalfmarathon Energy and fluid stations along the track, water, sports drink (Enervit), pickles and bananas Electronic timing with a chip (on the bib) Finisher T-shirt Finisher bag with plenty of goodies Nice medal [&#8230;]<\/p>\n","protected":false},"author":21,"featured_media":0,"parent":0,"menu_order":0,"comment_status":"closed","ping_status":"closed","template":"","meta":{"_acf_changed":false,"footnotes":""},"class_list":["post-41909","page","type-page","status-publish","hentry"],"acf":[],"yoast_head":"<!-- This site is optimized with the Yoast SEO plugin v27.4 - https:\/\/yoast.com\/product\/yoast-seo-wordpress\/ -->\n<title>Registration - J\u00f6nk\u00f6ping Marathon<\/title>\n<meta name=\"description\" content=\"Registration for the J\u00f6nk\u00f6ping Marathon and Half Marathon - one of Sweden&#039;s largest marathons and half marathons with a mighty finish in the middle of the Munksj\u00f6 Bridge - 26. August 2023\" \/>\n<meta name=\"robots\" content=\"index, follow, max-snippet:-1, max-image-preview:large, max-video-preview:-1\" \/>\n<link rel=\"canonical\" href=\"https:\/\/jonkopingmarathon.se\/en\/registration\/\" \/>\n<meta property=\"og:locale\" content=\"en_US\" \/>\n<meta property=\"og:type\" content=\"article\" \/>\n<meta property=\"og:title\" content=\"Registration - J\u00f6nk\u00f6ping Marathon\" \/>\n<meta property=\"og:description\" content=\"Registration for the J\u00f6nk\u00f6ping Marathon and Half Marathon - one of Sweden&#039;s largest marathons and half marathons with a mighty finish in the middle of the Munksj\u00f6 Bridge - 26. August 2023\" \/>\n<meta property=\"og:url\" content=\"https:\/\/jonkopingmarathon.se\/en\/registration\/\" \/>\n<meta property=\"og:site_name\" content=\"J\u00f6nk\u00f6ping Marathon\" \/>\n<meta property=\"article:publisher\" content=\"https:\/\/www.facebook.com\/stadenarredo\" \/>\n<meta property=\"article:modified_time\" content=\"2024-10-29T07:19:57+00:00\" \/>\n<meta name=\"twitter:card\" content=\"summary_large_image\" \/>\n<meta name=\"twitter:label1\" content=\"Est. reading time\" \/>\n\t<meta name=\"twitter:data1\" content=\"2 minutes\" \/>\n<script type=\"application\/ld+json\" class=\"yoast-schema-graph\">{\"@context\":\"https:\\\/\\\/schema.org\",\"@graph\":[{\"@type\":\"WebPage\",\"@id\":\"https:\\\/\\\/jonkopingmarathon.se\\\/en\\\/registration\\\/\",\"url\":\"https:\\\/\\\/jonkopingmarathon.se\\\/en\\\/registration\\\/\",\"name\":\"Registration - J\u00f6nk\u00f6ping Marathon\",\"isPartOf\":{\"@id\":\"https:\\\/\\\/jonkopingmarathon.se\\\/en\\\/#website\"},\"datePublished\":\"2016-03-12T08:14:31+00:00\",\"dateModified\":\"2024-10-29T07:19:57+00:00\",\"description\":\"Registration for the J\u00f6nk\u00f6ping Marathon and Half Marathon - one of Sweden's largest marathons and half marathons with a mighty finish in the middle of the Munksj\u00f6 Bridge - 26. August 2023\",\"breadcrumb\":{\"@id\":\"https:\\\/\\\/jonkopingmarathon.se\\\/en\\\/registration\\\/#breadcrumb\"},\"inLanguage\":\"en-US\",\"potentialAction\":[{\"@type\":\"ReadAction\",\"target\":[\"https:\\\/\\\/jonkopingmarathon.se\\\/en\\\/registration\\\/\"]}]},{\"@type\":\"BreadcrumbList\",\"@id\":\"https:\\\/\\\/jonkopingmarathon.se\\\/en\\\/registration\\\/#breadcrumb\",\"itemListElement\":[{\"@type\":\"ListItem\",\"position\":1,\"name\":\"Start\",\"item\":\"https:\\\/\\\/jonkopingmarathon.se\\\/en\\\/\"},{\"@type\":\"ListItem\",\"position\":2,\"name\":\"Registration\"}]},{\"@type\":\"WebSite\",\"@id\":\"https:\\\/\\\/jonkopingmarathon.se\\\/en\\\/#website\",\"url\":\"https:\\\/\\\/jonkopingmarathon.se\\\/en\\\/\",\"name\":\"J\u00f6nk\u00f6ping Marathon\",\"description\":\"jonkopingmarathon.se\",\"publisher\":{\"@id\":\"https:\\\/\\\/jonkopingmarathon.se\\\/en\\\/#organization\"},\"potentialAction\":[{\"@type\":\"SearchAction\",\"target\":{\"@type\":\"EntryPoint\",\"urlTemplate\":\"https:\\\/\\\/jonkopingmarathon.se\\\/en\\\/?s={search_term_string}\"},\"query-input\":{\"@type\":\"PropertyValueSpecification\",\"valueRequired\":true,\"valueName\":\"search_term_string\"}}],\"inLanguage\":\"en-US\"},{\"@type\":\"Organization\",\"@id\":\"https:\\\/\\\/jonkopingmarathon.se\\\/en\\\/#organization\",\"name\":\"J\u00f6nk\u00f6ping Marathon\",\"url\":\"https:\\\/\\\/jonkopingmarathon.se\\\/en\\\/\",\"logo\":{\"@type\":\"ImageObject\",\"inLanguage\":\"en-US\",\"@id\":\"https:\\\/\\\/jonkopingmarathon.se\\\/en\\\/#\\\/schema\\\/logo\\\/image\\\/\",\"url\":\"https:\\\/\\\/jonkopingmarathon.se\\\/wp-content\\\/uploads\\\/2024\\\/01\\\/OG_IMAGE_JonkopingMarathon.jpg\",\"contentUrl\":\"https:\\\/\\\/jonkopingmarathon.se\\\/wp-content\\\/uploads\\\/2024\\\/01\\\/OG_IMAGE_JonkopingMarathon.jpg\",\"width\":1200,\"height\":630,\"caption\":\"J\u00f6nk\u00f6ping Marathon\"},\"image\":{\"@id\":\"https:\\\/\\\/jonkopingmarathon.se\\\/en\\\/#\\\/schema\\\/logo\\\/image\\\/\"},\"sameAs\":[\"https:\\\/\\\/www.facebook.com\\\/stadenarredo\",\"https:\\\/\\\/www.instagram.com\\\/jonkopingmarathon\\\/\",\"https:\\\/\\\/www.youtube.com\\\/channel\\\/UCbXk-FxL8Z1K_OdthfGt-YA\"]}]}<\/script>\n<!-- \/ Yoast SEO plugin. -->","yoast_head_json":{"title":"Registration - J\u00f6nk\u00f6ping Marathon","description":"Registration for the J\u00f6nk\u00f6ping Marathon and Half Marathon - one of Sweden's largest marathons and half marathons with a mighty finish in the middle of the Munksj\u00f6 Bridge - 26. August 2023","robots":{"index":"index","follow":"follow","max-snippet":"max-snippet:-1","max-image-preview":"max-image-preview:large","max-video-preview":"max-video-preview:-1"},"canonical":"https:\/\/jonkopingmarathon.se\/en\/registration\/","og_locale":"en_US","og_type":"article","og_title":"Registration - J\u00f6nk\u00f6ping Marathon","og_description":"Registration for the J\u00f6nk\u00f6ping Marathon and Half Marathon - one of Sweden's largest marathons and half marathons with a mighty finish in the middle of the Munksj\u00f6 Bridge - 26. August 2023","og_url":"https:\/\/jonkopingmarathon.se\/en\/registration\/","og_site_name":"J\u00f6nk\u00f6ping Marathon","article_publisher":"https:\/\/www.facebook.com\/stadenarredo","article_modified_time":"2024-10-29T07:19:57+00:00","twitter_card":"summary_large_image","twitter_misc":{"Est. reading time":"2 minutes"},"schema":{"@context":"https:\/\/schema.org","@graph":[{"@type":"WebPage","@id":"https:\/\/jonkopingmarathon.se\/en\/registration\/","url":"https:\/\/jonkopingmarathon.se\/en\/registration\/","name":"Registration - J\u00f6nk\u00f6ping Marathon","isPartOf":{"@id":"https:\/\/jonkopingmarathon.se\/en\/#website"},"datePublished":"2016-03-12T08:14:31+00:00","dateModified":"2024-10-29T07:19:57+00:00","description":"Registration for the J\u00f6nk\u00f6ping Marathon and Half Marathon - one of Sweden's largest marathons and half marathons with a mighty finish in the middle of the Munksj\u00f6 Bridge - 26. August 2023","breadcrumb":{"@id":"https:\/\/jonkopingmarathon.se\/en\/registration\/#breadcrumb"},"inLanguage":"en-US","potentialAction":[{"@type":"ReadAction","target":["https:\/\/jonkopingmarathon.se\/en\/registration\/"]}]},{"@type":"BreadcrumbList","@id":"https:\/\/jonkopingmarathon.se\/en\/registration\/#breadcrumb","itemListElement":[{"@type":"ListItem","position":1,"name":"Start","item":"https:\/\/jonkopingmarathon.se\/en\/"},{"@type":"ListItem","position":2,"name":"Registration"}]},{"@type":"WebSite","@id":"https:\/\/jonkopingmarathon.se\/en\/#website","url":"https:\/\/jonkopingmarathon.se\/en\/","name":"J\u00f6nk\u00f6ping Marathon","description":"jonkopingmarathon.se","publisher":{"@id":"https:\/\/jonkopingmarathon.se\/en\/#organization"},"potentialAction":[{"@type":"SearchAction","target":{"@type":"EntryPoint","urlTemplate":"https:\/\/jonkopingmarathon.se\/en\/?s={search_term_string}"},"query-input":{"@type":"PropertyValueSpecification","valueRequired":true,"valueName":"search_term_string"}}],"inLanguage":"en-US"},{"@type":"Organization","@id":"https:\/\/jonkopingmarathon.se\/en\/#organization","name":"J\u00f6nk\u00f6ping Marathon","url":"https:\/\/jonkopingmarathon.se\/en\/","logo":{"@type":"ImageObject","inLanguage":"en-US","@id":"https:\/\/jonkopingmarathon.se\/en\/#\/schema\/logo\/image\/","url":"https:\/\/jonkopingmarathon.se\/wp-content\/uploads\/2024\/01\/OG_IMAGE_JonkopingMarathon.jpg","contentUrl":"https:\/\/jonkopingmarathon.se\/wp-content\/uploads\/2024\/01\/OG_IMAGE_JonkopingMarathon.jpg","width":1200,"height":630,"caption":"J\u00f6nk\u00f6ping Marathon"},"image":{"@id":"https:\/\/jonkopingmarathon.se\/en\/#\/schema\/logo\/image\/"},"sameAs":["https:\/\/www.facebook.com\/stadenarredo","https:\/\/www.instagram.com\/jonkopingmarathon\/","https:\/\/www.youtube.com\/channel\/UCbXk-FxL8Z1K_OdthfGt-YA"]}]}},"_links":{"self":[{"href":"https:\/\/jonkopingmarathon.se\/en\/wp-json\/wp\/v2\/pages\/41909","targetHints":{"allow":["GET"]}}],"collection":[{"href":"https:\/\/jonkopingmarathon.se\/en\/wp-json\/wp\/v2\/pages"}],"about":[{"href":"https:\/\/jonkopingmarathon.se\/en\/wp-json\/wp\/v2\/types\/page"}],"author":[{"embeddable":true,"href":"https:\/\/jonkopingmarathon.se\/en\/wp-json\/wp\/v2\/users\/21"}],"replies":[{"embeddable":true,"href":"https:\/\/jonkopingmarathon.se\/en\/wp-json\/wp\/v2\/comments?post=41909"}],"version-history":[{"count":2,"href":"https:\/\/jonkopingmarathon.se\/en\/wp-json\/wp\/v2\/pages\/41909\/revisions"}],"predecessor-version":[{"id":55513,"href":"https:\/\/jonkopingmarathon.se\/en\/wp-json\/wp\/v2\/pages\/41909\/revisions\/55513"}],"wp:attachment":[{"href":"https:\/\/jonkopingmarathon.se\/en\/wp-json\/wp\/v2\/media?parent=41909"}],"curies":[{"name":"wp","href":"https:\/\/api.w.org\/{rel}","templated":true}]}}