{"id":41944,"date":"2016-03-12T09:16:58","date_gmt":"2016-03-12T08:16:58","guid":{"rendered":"https:\/\/jonkopingmarathon.se\/audience\/"},"modified":"2025-08-26T09:02:38","modified_gmt":"2025-08-26T07:02:38","slug":"audience","status":"publish","type":"page","link":"https:\/\/jonkopingmarathon.se\/en\/audience\/","title":{"rendered":"Audience"},"content":{"rendered":"<h2>Audience<\/h2>\n<p><strong>Start: <\/strong><span>29. august 2026<\/span> 10:00 on the Munksj\u00f6bron<\/p>\n<p><strong>Start relay: <\/strong><span>29. august 2026<\/span> at 10:15 on Munksj\u00f6bron<\/p>\n<p><strong>Good places for the audience: <\/strong>Knektaparken (both distances pass this area), around Munksj\u00f6n, Haga, Gr\u00e4shagen, V\u00e4tterstranden, close to Shell Huskvarna and above all meet the runners and cheer them on to the finish on the bridge.<\/p>\n<p>As the start is on the bridge (no audience is allowed at the bridge by start, only after the start), you can see the start from Slottsbron, and all the way along S\u00f6dra Strandgatan etc. The runners start in the direction towards the courthouse (west direction)<\/p>\n<p>Check our maps to find the right place to cheer. Click on the kilometer markers on the map to see the times the runners pass &#8211; <a href=\"https:\/\/jonkopingmarathon.se\/en\/map-marathon\/\" target=\"_blank\" rel=\"noopener\">Map J\u00f6nk\u00f6ping Marathon<\/a>, <a href=\"https:\/\/jonkopingmarathon.se\/en\/map-half-marathon\/\" target=\"_blank\" rel=\"noopener\">Map J\u00f6nk\u00f6ping Half Marathon<\/a><\/p>\n<p><strong>Powerzones:<\/strong> there are built-up zones with music and extra pep along the course including JLE Audio: at about the 10 KM mark, TMG Taberg&#8217;s Powerzone in Liljeholmsparken (here the runners run past twice), Svensk fastighetsf\u00f6rmedling powerzone at V\u00e4tterstranden.<\/p>\n<p><strong>Finish:<\/strong> In the middle of the Munksj\u00f6 bridge.<\/p>\n<p><strong>Prize ceremony: <\/strong>30 minutes after the 3rd place finisher in each distance.<\/p>\n<div class=\"\" style=\"text-align: left;\">\n<h2 style=\"text-align: left;\"><strong>Parking<\/strong><\/h2>\n<p>Near the start\/finish:<br \/>\n<a href=\"https:\/\/www.google.se\/maps\/dir\/''\/Parkeringshus+Sesam,+Bredgr%C3%A4nd+1,+553+20+J%C3%B6nk%C3%B6ping\/data=!4m5!4m4!1m0!1m2!1m1!1s0x465a6d9552891c93:0xf8a12368735f8567?sa=X&amp;ved=0ahUKEwjkrIKxiMvVAhWNZ1AKHXByBt0QiBMIPjAA\">Sesame<\/a>, <a href=\"https:\/\/www.google.se\/maps\/dir\/''\/Parkeringshus+Atollen,+553+20+J%C3%B6nk%C3%B6ping\/data=!4m5!4m4!1m0!1m2!1m1!1s0x465a6d94e51597b9:0x6a08167a7dd84ece?sa=X&amp;ved=0ahUKEwjkrIKxiMvVAhWNZ1AKHXByBt0QiBMIRDAB\">Atollen<\/a>, <a href=\"https:\/\/www.google.se\/maps\/dir\/''\/parkeringshus+j%C3%B6nk%C3%B6ping+smedjan\/@57.7807845,14.1040279,12z\/data=!3m1!4b1!4m8!4m7!1m0!1m5!1m1!1s0x465a6d95020c0679:0x9c0cf1c818bcbc1d!2m2!1d14.1740672!2d57.7808038\">Smedjan<\/a>, <a href=\"https:\/\/www.google.se\/maps\/dir\/''\/spira+j%C3%B6nk%C3%B6ping\/data=!4m5!4m4!1m0!1m2!1m1!1s0x465a6d937b2b028d:0x64a15f7c28f276d3?sa=X&amp;ved=0ahUKEwiEjZ39isvVAhUGElAKHQhXDWQQ9RcIiQEwCw\">Kulturhuset spira<\/a>, <a href=\"https:\/\/www.google.se\/search?q=parkeringshus+j%C3%B6nk%C3%B6ping&amp;npsic=0&amp;rflfq=1&amp;rlha=0&amp;rllag=57781687,14174438,257&amp;tbm=lcl&amp;ved=0ahUKEwjkrIKxiMvVAhWNZ1AKHXByBt0QjGoISg&amp;tbs=lrf:!2m1!1e3!3sIAE,lf:1,lf_ui:3&amp;rldoc=1#rlfi=hd:;si:2142636266568511995;mv:!1m3!1d10726.778480897385!2d14.1650841!3d57.77375919999999!2m3!1f0!2f0!3f0!3m2!1i165!2i242!4f13.1\">Biblioteket<\/a><\/p>\n<p>A bit away:<br \/>\n<a href=\"https:\/\/www.google.se\/maps\/dir\/''\/hasse+p%C3%A5+sj%C3%B6kanten\/data=!4m5!4m4!1m0!1m2!1m1!1s0x465a6d9ea2746e3f:0xaef7580e5b79ffab?sa=X&amp;ved=0ahUKEwi2xcSZisvVAhXLYVAKHeEEDMUQ9RcIggEwDg\">by restraurant Hasse p\u00e5 sj\u00f6kanten<\/a>, <a href=\"https:\/\/www.google.se\/maps\/dir\/''\/erik+dahlbergsgymnasiet+adress\/@57.7803385,14.1199002,12z\/data=!3m1!4b1!4m8!4m7!1m0!1m5!1m1!1s0x465a6d983fd557b9:0xc5bbfb1f603bafd6!2m2!1d14.1899395!2d57.7803578\">Erik dahlbergsgymnasiet<\/a><\/p>\n<h2 style=\"text-align: left;\"><strong>Traffic restrictions<\/strong><\/h2>\n<p class=\"normal\" style=\"text-align: left;\">For a few hours on Saturday, August 30, some roads in J\u00f6nk\u00f6ping will be closed during the J\u00f6nk\u00f6ping Marathon.<\/p>\n<p>Thank you for your understanding!<\/p>\n<p><a href=\"https:\/\/jonkopingmarathon.se\/en\/traffic\/\" target=\"_blank\" rel=\"noopener noreferrer\">Click here to see the map and read about the traffic diversions.<\/a><\/p>\n<h2>Follow the runners<\/h2>\n<p>Let family and friends follow and support you during your J\u00f6nk\u00f6ping Marathon &amp; Half Marathon. This year everyone has the opportunity to follow the lead and of course any runner you wish to follow. <\/p>\n<p><strong>Here&#8217;s what you do:<\/strong><\/p>\n<ol>\n<li><strong>To follow the leaders, visit the following link <\/strong><strong><a href=\"https:\/\/www.racetimer.se\/sv\/race\/leaderboard\/6571?layout=racetimer\" target=\"_blank\" rel=\"noopener\">Click here<\/a><\/strong><\/li>\n<li><strong>Visit the following link to search for any person<\/strong> &#8211; <strong><a href=\"https:\/\/www.racetimer.se\/sv\/race\/show\/6571?layout=racetimer\" target=\"_blank\" rel=\"noopener\">click here<\/a><\/strong><\/li>\n<li><strong>Visit the following link to see the results<\/strong> <strong><a href=\"https:\/\/www.racetimer.se\/sv\/race\/show\/6571?layout=racetimer\" target=\"_blank\" rel=\"noopener\">Click here<\/a><\/strong><\/li>\n<\/ol>\n<p>You will see runners time as the runners pass timing mats that are placed approximately every five kilometers.<\/p>\n<p>Also help to enhance the race experience by getting out on the course and cheering on the runners!<\/p>\n<div><\/div>\n<h2>Volunteers:<\/h2>\n<p>We need lots of volunteers Being an official is indeed an extraordinary experience. So we are looking for those who want to help make the J\u00f6nk\u00f6ping Marathon a great race. We need volunteers to stand for a few hours at a water station or giving direction and cheering during the race.<\/p>\n<p><a href=\"https:\/\/jonkopingmarathon.se\/en\/volunteers\/\"><strong>Sign up here<\/strong><\/a><\/p>\n<\/div>\n","protected":false},"excerpt":{"rendered":"<p>Start: on the Munksj\u00f6bron Start relay: at on Munksj\u00f6bron Good places for the audience: Knektaparken (both distances pass this area), around Munksj\u00f6n, Haga, Gr\u00e4shagen, V\u00e4tterstranden, close to Shell Huskvarna and above all meet the runners and cheer them on to the finish on the bridge. As the start is on the bridge (no audience is [&#8230;]<\/p>\n","protected":false},"author":21,"featured_media":51872,"parent":0,"menu_order":0,"comment_status":"closed","ping_status":"closed","template":"","meta":{"_acf_changed":false,"footnotes":""},"class_list":["post-41944","page","type-page","status-publish","has-post-thumbnail","hentry"],"acf":[],"yoast_head":"<!-- This site is optimized with the Yoast SEO plugin v27.4 - https:\/\/yoast.com\/product\/yoast-seo-wordpress\/ -->\n<title>Audience - J\u00f6nk\u00f6ping Marathon<\/title>\n<meta name=\"robots\" content=\"index, follow, max-snippet:-1, max-image-preview:large, max-video-preview:-1\" \/>\n<link rel=\"canonical\" href=\"https:\/\/jonkopingmarathon.se\/en\/audience\/\" \/>\n<meta property=\"og:locale\" content=\"en_US\" \/>\n<meta property=\"og:type\" content=\"article\" \/>\n<meta property=\"og:title\" content=\"Audience - J\u00f6nk\u00f6ping Marathon\" \/>\n<meta property=\"og:description\" content=\"Start: on the Munksj\u00f6bron Start relay: at on Munksj\u00f6bron Good places for the audience: Knektaparken (both distances pass this area), around Munksj\u00f6n, Haga, Gr\u00e4shagen, V\u00e4tterstranden, close to Shell Huskvarna and above all meet the runners and cheer them on to the finish on the bridge. As the start is on the bridge (no audience is [...]\" \/>\n<meta property=\"og:url\" content=\"https:\/\/jonkopingmarathon.se\/en\/audience\/\" \/>\n<meta property=\"og:site_name\" content=\"J\u00f6nk\u00f6ping Marathon\" \/>\n<meta property=\"article:publisher\" content=\"https:\/\/www.facebook.com\/stadenarredo\" \/>\n<meta property=\"article:modified_time\" content=\"2025-08-26T07:02:38+00:00\" \/>\n<meta property=\"og:image\" content=\"https:\/\/jonkopingmarathon.se\/wp-content\/uploads\/2024\/05\/publik_jonkoping_marathon.jpg\" \/>\n\t<meta property=\"og:image:width\" content=\"1400\" \/>\n\t<meta property=\"og:image:height\" content=\"408\" \/>\n\t<meta property=\"og:image:type\" content=\"image\/jpeg\" \/>\n<meta name=\"twitter:card\" content=\"summary_large_image\" \/>\n<meta name=\"twitter:label1\" content=\"Est. reading time\" \/>\n\t<meta name=\"twitter:data1\" content=\"2 minutes\" \/>\n<script type=\"application\/ld+json\" class=\"yoast-schema-graph\">{\"@context\":\"https:\\\/\\\/schema.org\",\"@graph\":[{\"@type\":\"WebPage\",\"@id\":\"https:\\\/\\\/jonkopingmarathon.se\\\/en\\\/audience\\\/\",\"url\":\"https:\\\/\\\/jonkopingmarathon.se\\\/en\\\/audience\\\/\",\"name\":\"Audience - J\u00f6nk\u00f6ping Marathon\",\"isPartOf\":{\"@id\":\"https:\\\/\\\/jonkopingmarathon.se\\\/en\\\/#website\"},\"primaryImageOfPage\":{\"@id\":\"https:\\\/\\\/jonkopingmarathon.se\\\/en\\\/audience\\\/#primaryimage\"},\"image\":{\"@id\":\"https:\\\/\\\/jonkopingmarathon.se\\\/en\\\/audience\\\/#primaryimage\"},\"thumbnailUrl\":\"https:\\\/\\\/jonkopingmarathon.se\\\/wp-content\\\/uploads\\\/2024\\\/05\\\/publik_jonkoping_marathon.jpg\",\"datePublished\":\"2016-03-12T08:16:58+00:00\",\"dateModified\":\"2025-08-26T07:02:38+00:00\",\"breadcrumb\":{\"@id\":\"https:\\\/\\\/jonkopingmarathon.se\\\/en\\\/audience\\\/#breadcrumb\"},\"inLanguage\":\"en-US\",\"potentialAction\":[{\"@type\":\"ReadAction\",\"target\":[\"https:\\\/\\\/jonkopingmarathon.se\\\/en\\\/audience\\\/\"]}]},{\"@type\":\"ImageObject\",\"inLanguage\":\"en-US\",\"@id\":\"https:\\\/\\\/jonkopingmarathon.se\\\/en\\\/audience\\\/#primaryimage\",\"url\":\"https:\\\/\\\/jonkopingmarathon.se\\\/wp-content\\\/uploads\\\/2024\\\/05\\\/publik_jonkoping_marathon.jpg\",\"contentUrl\":\"https:\\\/\\\/jonkopingmarathon.se\\\/wp-content\\\/uploads\\\/2024\\\/05\\\/publik_jonkoping_marathon.jpg\",\"width\":1400,\"height\":408},{\"@type\":\"BreadcrumbList\",\"@id\":\"https:\\\/\\\/jonkopingmarathon.se\\\/en\\\/audience\\\/#breadcrumb\",\"itemListElement\":[{\"@type\":\"ListItem\",\"position\":1,\"name\":\"Start\",\"item\":\"https:\\\/\\\/jonkopingmarathon.se\\\/en\\\/\"},{\"@type\":\"ListItem\",\"position\":2,\"name\":\"Audience\"}]},{\"@type\":\"WebSite\",\"@id\":\"https:\\\/\\\/jonkopingmarathon.se\\\/en\\\/#website\",\"url\":\"https:\\\/\\\/jonkopingmarathon.se\\\/en\\\/\",\"name\":\"J\u00f6nk\u00f6ping Marathon\",\"description\":\"jonkopingmarathon.se\",\"publisher\":{\"@id\":\"https:\\\/\\\/jonkopingmarathon.se\\\/en\\\/#organization\"},\"potentialAction\":[{\"@type\":\"SearchAction\",\"target\":{\"@type\":\"EntryPoint\",\"urlTemplate\":\"https:\\\/\\\/jonkopingmarathon.se\\\/en\\\/?s={search_term_string}\"},\"query-input\":{\"@type\":\"PropertyValueSpecification\",\"valueRequired\":true,\"valueName\":\"search_term_string\"}}],\"inLanguage\":\"en-US\"},{\"@type\":\"Organization\",\"@id\":\"https:\\\/\\\/jonkopingmarathon.se\\\/en\\\/#organization\",\"name\":\"J\u00f6nk\u00f6ping Marathon\",\"url\":\"https:\\\/\\\/jonkopingmarathon.se\\\/en\\\/\",\"logo\":{\"@type\":\"ImageObject\",\"inLanguage\":\"en-US\",\"@id\":\"https:\\\/\\\/jonkopingmarathon.se\\\/en\\\/#\\\/schema\\\/logo\\\/image\\\/\",\"url\":\"https:\\\/\\\/jonkopingmarathon.se\\\/wp-content\\\/uploads\\\/2024\\\/01\\\/OG_IMAGE_JonkopingMarathon.jpg\",\"contentUrl\":\"https:\\\/\\\/jonkopingmarathon.se\\\/wp-content\\\/uploads\\\/2024\\\/01\\\/OG_IMAGE_JonkopingMarathon.jpg\",\"width\":1200,\"height\":630,\"caption\":\"J\u00f6nk\u00f6ping Marathon\"},\"image\":{\"@id\":\"https:\\\/\\\/jonkopingmarathon.se\\\/en\\\/#\\\/schema\\\/logo\\\/image\\\/\"},\"sameAs\":[\"https:\\\/\\\/www.facebook.com\\\/stadenarredo\",\"https:\\\/\\\/www.instagram.com\\\/jonkopingmarathon\\\/\",\"https:\\\/\\\/www.youtube.com\\\/channel\\\/UCbXk-FxL8Z1K_OdthfGt-YA\"]}]}<\/script>\n<!-- \/ Yoast SEO plugin. -->","yoast_head_json":{"title":"Audience - J\u00f6nk\u00f6ping Marathon","robots":{"index":"index","follow":"follow","max-snippet":"max-snippet:-1","max-image-preview":"max-image-preview:large","max-video-preview":"max-video-preview:-1"},"canonical":"https:\/\/jonkopingmarathon.se\/en\/audience\/","og_locale":"en_US","og_type":"article","og_title":"Audience - J\u00f6nk\u00f6ping Marathon","og_description":"Start: on the Munksj\u00f6bron Start relay: at on Munksj\u00f6bron Good places for the audience: Knektaparken (both distances pass this area), around Munksj\u00f6n, Haga, Gr\u00e4shagen, V\u00e4tterstranden, close to Shell Huskvarna and above all meet the runners and cheer them on to the finish on the bridge. As the start is on the bridge (no audience is [...]","og_url":"https:\/\/jonkopingmarathon.se\/en\/audience\/","og_site_name":"J\u00f6nk\u00f6ping Marathon","article_publisher":"https:\/\/www.facebook.com\/stadenarredo","article_modified_time":"2025-08-26T07:02:38+00:00","og_image":[{"width":1400,"height":408,"url":"https:\/\/jonkopingmarathon.se\/wp-content\/uploads\/2024\/05\/publik_jonkoping_marathon.jpg","type":"image\/jpeg"}],"twitter_card":"summary_large_image","twitter_misc":{"Est. reading time":"2 minutes"},"schema":{"@context":"https:\/\/schema.org","@graph":[{"@type":"WebPage","@id":"https:\/\/jonkopingmarathon.se\/en\/audience\/","url":"https:\/\/jonkopingmarathon.se\/en\/audience\/","name":"Audience - J\u00f6nk\u00f6ping Marathon","isPartOf":{"@id":"https:\/\/jonkopingmarathon.se\/en\/#website"},"primaryImageOfPage":{"@id":"https:\/\/jonkopingmarathon.se\/en\/audience\/#primaryimage"},"image":{"@id":"https:\/\/jonkopingmarathon.se\/en\/audience\/#primaryimage"},"thumbnailUrl":"https:\/\/jonkopingmarathon.se\/wp-content\/uploads\/2024\/05\/publik_jonkoping_marathon.jpg","datePublished":"2016-03-12T08:16:58+00:00","dateModified":"2025-08-26T07:02:38+00:00","breadcrumb":{"@id":"https:\/\/jonkopingmarathon.se\/en\/audience\/#breadcrumb"},"inLanguage":"en-US","potentialAction":[{"@type":"ReadAction","target":["https:\/\/jonkopingmarathon.se\/en\/audience\/"]}]},{"@type":"ImageObject","inLanguage":"en-US","@id":"https:\/\/jonkopingmarathon.se\/en\/audience\/#primaryimage","url":"https:\/\/jonkopingmarathon.se\/wp-content\/uploads\/2024\/05\/publik_jonkoping_marathon.jpg","contentUrl":"https:\/\/jonkopingmarathon.se\/wp-content\/uploads\/2024\/05\/publik_jonkoping_marathon.jpg","width":1400,"height":408},{"@type":"BreadcrumbList","@id":"https:\/\/jonkopingmarathon.se\/en\/audience\/#breadcrumb","itemListElement":[{"@type":"ListItem","position":1,"name":"Start","item":"https:\/\/jonkopingmarathon.se\/en\/"},{"@type":"ListItem","position":2,"name":"Audience"}]},{"@type":"WebSite","@id":"https:\/\/jonkopingmarathon.se\/en\/#website","url":"https:\/\/jonkopingmarathon.se\/en\/","name":"J\u00f6nk\u00f6ping Marathon","description":"jonkopingmarathon.se","publisher":{"@id":"https:\/\/jonkopingmarathon.se\/en\/#organization"},"potentialAction":[{"@type":"SearchAction","target":{"@type":"EntryPoint","urlTemplate":"https:\/\/jonkopingmarathon.se\/en\/?s={search_term_string}"},"query-input":{"@type":"PropertyValueSpecification","valueRequired":true,"valueName":"search_term_string"}}],"inLanguage":"en-US"},{"@type":"Organization","@id":"https:\/\/jonkopingmarathon.se\/en\/#organization","name":"J\u00f6nk\u00f6ping Marathon","url":"https:\/\/jonkopingmarathon.se\/en\/","logo":{"@type":"ImageObject","inLanguage":"en-US","@id":"https:\/\/jonkopingmarathon.se\/en\/#\/schema\/logo\/image\/","url":"https:\/\/jonkopingmarathon.se\/wp-content\/uploads\/2024\/01\/OG_IMAGE_JonkopingMarathon.jpg","contentUrl":"https:\/\/jonkopingmarathon.se\/wp-content\/uploads\/2024\/01\/OG_IMAGE_JonkopingMarathon.jpg","width":1200,"height":630,"caption":"J\u00f6nk\u00f6ping Marathon"},"image":{"@id":"https:\/\/jonkopingmarathon.se\/en\/#\/schema\/logo\/image\/"},"sameAs":["https:\/\/www.facebook.com\/stadenarredo","https:\/\/www.instagram.com\/jonkopingmarathon\/","https:\/\/www.youtube.com\/channel\/UCbXk-FxL8Z1K_OdthfGt-YA"]}]}},"_links":{"self":[{"href":"https:\/\/jonkopingmarathon.se\/en\/wp-json\/wp\/v2\/pages\/41944","targetHints":{"allow":["GET"]}}],"collection":[{"href":"https:\/\/jonkopingmarathon.se\/en\/wp-json\/wp\/v2\/pages"}],"about":[{"href":"https:\/\/jonkopingmarathon.se\/en\/wp-json\/wp\/v2\/types\/page"}],"author":[{"embeddable":true,"href":"https:\/\/jonkopingmarathon.se\/en\/wp-json\/wp\/v2\/users\/21"}],"replies":[{"embeddable":true,"href":"https:\/\/jonkopingmarathon.se\/en\/wp-json\/wp\/v2\/comments?post=41944"}],"version-history":[{"count":2,"href":"https:\/\/jonkopingmarathon.se\/en\/wp-json\/wp\/v2\/pages\/41944\/revisions"}],"predecessor-version":[{"id":60003,"href":"https:\/\/jonkopingmarathon.se\/en\/wp-json\/wp\/v2\/pages\/41944\/revisions\/60003"}],"wp:featuredmedia":[{"embeddable":true,"href":"https:\/\/jonkopingmarathon.se\/en\/wp-json\/wp\/v2\/media\/51872"}],"wp:attachment":[{"href":"https:\/\/jonkopingmarathon.se\/en\/wp-json\/wp\/v2\/media?parent=41944"}],"curies":[{"name":"wp","href":"https:\/\/api.w.org\/{rel}","templated":true}]}}