{"id":41985,"date":"2018-06-21T11:24:49","date_gmt":"2018-06-21T09:24:49","guid":{"rendered":"https:\/\/jonkopingmarathon.se\/mini-jonkoping-marathon\/"},"modified":"2023-09-29T16:00:39","modified_gmt":"2023-09-29T14:00:39","slug":"mini-jonkoping-marathon","status":"publish","type":"page","link":"https:\/\/jonkopingmarathon.se\/en\/mini-jonkoping-marathon\/","title":{"rendered":"MINI J\u00f6nk\u00f6ping Marathon"},"content":{"rendered":"<p><a href=\"https:\/\/jonkopingmarathon.se\/wp-content\/uploads\/2018\/06\/MINIJM-1.png\"><img loading=\"lazy\" decoding=\"async\" class=\"wp-image-3564 size-large aligncenter\" src=\"https:\/\/jonkopingmarathon.se\/wp-content\/uploads\/2018\/06\/MINIJM-1-1024x484.png\" alt=\"\" width=\"800\" height=\"378\" srcset=\"https:\/\/jonkopingmarathon.se\/wp-content\/uploads\/2018\/06\/MINIJM-1-1024x484.png 1024w, https:\/\/jonkopingmarathon.se\/wp-content\/uploads\/2018\/06\/MINIJM-1-600x284.png 600w, https:\/\/jonkopingmarathon.se\/wp-content\/uploads\/2018\/06\/MINIJM-1-300x142.png 300w, https:\/\/jonkopingmarathon.se\/wp-content\/uploads\/2018\/06\/MINIJM-1-768x363.png 768w, https:\/\/jonkopingmarathon.se\/wp-content\/uploads\/2018\/06\/MINIJM-1.png 1692w\" sizes=\"auto, (max-width: 800px) 100vw, 800px\" \/><\/a><\/p>\n<h1 style=\"text-align: center;\">Your child is now registered. Yippie!!<\/h1>\n<p style=\"text-align: center;\">We recommend you to pick up your bib early on Friday, August 30, 2024. Latest 16:20.<\/p>\n<p style=\"text-align: center;\"><a href=\"https:\/\/www.facebook.com\/events\/192773124648686\/\">Keep an eye on the events page for the children&#8217;s race<\/a><\/p>\n<p style=\"text-align: center;\"><strong>See you in August!<\/strong><\/p>\n","protected":false},"excerpt":{"rendered":"<p>We recommend you to pick up your bib early on Friday, August 30, 2024. Latest 16:20. Keep an eye on the events page for the children&#8217;s race See you in August!<\/p>\n","protected":false},"author":21,"featured_media":0,"parent":0,"menu_order":0,"comment_status":"closed","ping_status":"closed","template":"","meta":{"_acf_changed":false,"footnotes":""},"class_list":["post-41985","page","type-page","status-publish","hentry"],"acf":[],"yoast_head":"<!-- This site is optimized with the Yoast SEO plugin v27.4 - https:\/\/yoast.com\/product\/yoast-seo-wordpress\/ -->\n<title>MINI J\u00f6nk\u00f6ping Marathon - J\u00f6nk\u00f6ping Marathon<\/title>\n<meta name=\"robots\" content=\"index, follow, max-snippet:-1, max-image-preview:large, max-video-preview:-1\" \/>\n<link rel=\"canonical\" href=\"https:\/\/jonkopingmarathon.se\/en\/mini-jonkoping-marathon\/\" \/>\n<meta property=\"og:locale\" content=\"en_US\" \/>\n<meta property=\"og:type\" content=\"article\" \/>\n<meta property=\"og:title\" content=\"MINI J\u00f6nk\u00f6ping Marathon - J\u00f6nk\u00f6ping Marathon\" \/>\n<meta property=\"og:description\" content=\"We recommend you to pick up your bib early on Friday, August 30, 2024. Latest 16:20. Keep an eye on the events page for the children&#8217;s race See you in August!\" \/>\n<meta property=\"og:url\" content=\"https:\/\/jonkopingmarathon.se\/en\/mini-jonkoping-marathon\/\" \/>\n<meta property=\"og:site_name\" content=\"J\u00f6nk\u00f6ping Marathon\" \/>\n<meta property=\"article:publisher\" content=\"https:\/\/www.facebook.com\/stadenarredo\" \/>\n<meta property=\"article:modified_time\" content=\"2023-09-29T14:00:39+00:00\" \/>\n<meta property=\"og:image\" content=\"https:\/\/jonkopingmarathon.se\/wp-content\/uploads\/2018\/06\/MINIJM-1-1024x484.png\" \/>\n<meta name=\"twitter:card\" content=\"summary_large_image\" \/>\n<script type=\"application\/ld+json\" class=\"yoast-schema-graph\">{\"@context\":\"https:\\\/\\\/schema.org\",\"@graph\":[{\"@type\":\"WebPage\",\"@id\":\"https:\\\/\\\/jonkopingmarathon.se\\\/en\\\/mini-jonkoping-marathon\\\/\",\"url\":\"https:\\\/\\\/jonkopingmarathon.se\\\/en\\\/mini-jonkoping-marathon\\\/\",\"name\":\"MINI J\u00f6nk\u00f6ping Marathon - J\u00f6nk\u00f6ping Marathon\",\"isPartOf\":{\"@id\":\"https:\\\/\\\/jonkopingmarathon.se\\\/en\\\/#website\"},\"primaryImageOfPage\":{\"@id\":\"https:\\\/\\\/jonkopingmarathon.se\\\/en\\\/mini-jonkoping-marathon\\\/#primaryimage\"},\"image\":{\"@id\":\"https:\\\/\\\/jonkopingmarathon.se\\\/en\\\/mini-jonkoping-marathon\\\/#primaryimage\"},\"thumbnailUrl\":\"https:\\\/\\\/jonkopingmarathon.se\\\/wp-content\\\/uploads\\\/2018\\\/06\\\/MINIJM-1-1024x484.png\",\"datePublished\":\"2018-06-21T09:24:49+00:00\",\"dateModified\":\"2023-09-29T14:00:39+00:00\",\"breadcrumb\":{\"@id\":\"https:\\\/\\\/jonkopingmarathon.se\\\/en\\\/mini-jonkoping-marathon\\\/#breadcrumb\"},\"inLanguage\":\"en-US\",\"potentialAction\":[{\"@type\":\"ReadAction\",\"target\":[\"https:\\\/\\\/jonkopingmarathon.se\\\/en\\\/mini-jonkoping-marathon\\\/\"]}]},{\"@type\":\"ImageObject\",\"inLanguage\":\"en-US\",\"@id\":\"https:\\\/\\\/jonkopingmarathon.se\\\/en\\\/mini-jonkoping-marathon\\\/#primaryimage\",\"url\":\"https:\\\/\\\/jonkopingmarathon.se\\\/wp-content\\\/uploads\\\/2018\\\/06\\\/MINIJM-1-1024x484.png\",\"contentUrl\":\"https:\\\/\\\/jonkopingmarathon.se\\\/wp-content\\\/uploads\\\/2018\\\/06\\\/MINIJM-1-1024x484.png\"},{\"@type\":\"BreadcrumbList\",\"@id\":\"https:\\\/\\\/jonkopingmarathon.se\\\/en\\\/mini-jonkoping-marathon\\\/#breadcrumb\",\"itemListElement\":[{\"@type\":\"ListItem\",\"position\":1,\"name\":\"Start\",\"item\":\"https:\\\/\\\/jonkopingmarathon.se\\\/en\\\/\"},{\"@type\":\"ListItem\",\"position\":2,\"name\":\"MINI J\u00f6nk\u00f6ping Marathon\"}]},{\"@type\":\"WebSite\",\"@id\":\"https:\\\/\\\/jonkopingmarathon.se\\\/en\\\/#website\",\"url\":\"https:\\\/\\\/jonkopingmarathon.se\\\/en\\\/\",\"name\":\"J\u00f6nk\u00f6ping Marathon\",\"description\":\"jonkopingmarathon.se\",\"publisher\":{\"@id\":\"https:\\\/\\\/jonkopingmarathon.se\\\/en\\\/#organization\"},\"potentialAction\":[{\"@type\":\"SearchAction\",\"target\":{\"@type\":\"EntryPoint\",\"urlTemplate\":\"https:\\\/\\\/jonkopingmarathon.se\\\/en\\\/?s={search_term_string}\"},\"query-input\":{\"@type\":\"PropertyValueSpecification\",\"valueRequired\":true,\"valueName\":\"search_term_string\"}}],\"inLanguage\":\"en-US\"},{\"@type\":\"Organization\",\"@id\":\"https:\\\/\\\/jonkopingmarathon.se\\\/en\\\/#organization\",\"name\":\"J\u00f6nk\u00f6ping Marathon\",\"url\":\"https:\\\/\\\/jonkopingmarathon.se\\\/en\\\/\",\"logo\":{\"@type\":\"ImageObject\",\"inLanguage\":\"en-US\",\"@id\":\"https:\\\/\\\/jonkopingmarathon.se\\\/en\\\/#\\\/schema\\\/logo\\\/image\\\/\",\"url\":\"https:\\\/\\\/jonkopingmarathon.se\\\/wp-content\\\/uploads\\\/2024\\\/01\\\/OG_IMAGE_JonkopingMarathon.jpg\",\"contentUrl\":\"https:\\\/\\\/jonkopingmarathon.se\\\/wp-content\\\/uploads\\\/2024\\\/01\\\/OG_IMAGE_JonkopingMarathon.jpg\",\"width\":1200,\"height\":630,\"caption\":\"J\u00f6nk\u00f6ping Marathon\"},\"image\":{\"@id\":\"https:\\\/\\\/jonkopingmarathon.se\\\/en\\\/#\\\/schema\\\/logo\\\/image\\\/\"},\"sameAs\":[\"https:\\\/\\\/www.facebook.com\\\/stadenarredo\",\"https:\\\/\\\/www.instagram.com\\\/jonkopingmarathon\\\/\",\"https:\\\/\\\/www.youtube.com\\\/channel\\\/UCbXk-FxL8Z1K_OdthfGt-YA\"]}]}<\/script>\n<!-- \/ Yoast SEO plugin. -->","yoast_head_json":{"title":"MINI J\u00f6nk\u00f6ping Marathon - J\u00f6nk\u00f6ping Marathon","robots":{"index":"index","follow":"follow","max-snippet":"max-snippet:-1","max-image-preview":"max-image-preview:large","max-video-preview":"max-video-preview:-1"},"canonical":"https:\/\/jonkopingmarathon.se\/en\/mini-jonkoping-marathon\/","og_locale":"en_US","og_type":"article","og_title":"MINI J\u00f6nk\u00f6ping Marathon - J\u00f6nk\u00f6ping Marathon","og_description":"We recommend you to pick up your bib early on Friday, August 30, 2024. Latest 16:20. Keep an eye on the events page for the children&#8217;s race See you in August!","og_url":"https:\/\/jonkopingmarathon.se\/en\/mini-jonkoping-marathon\/","og_site_name":"J\u00f6nk\u00f6ping Marathon","article_publisher":"https:\/\/www.facebook.com\/stadenarredo","article_modified_time":"2023-09-29T14:00:39+00:00","og_image":[{"url":"https:\/\/jonkopingmarathon.se\/wp-content\/uploads\/2018\/06\/MINIJM-1-1024x484.png","type":"","width":"","height":""}],"twitter_card":"summary_large_image","schema":{"@context":"https:\/\/schema.org","@graph":[{"@type":"WebPage","@id":"https:\/\/jonkopingmarathon.se\/en\/mini-jonkoping-marathon\/","url":"https:\/\/jonkopingmarathon.se\/en\/mini-jonkoping-marathon\/","name":"MINI J\u00f6nk\u00f6ping Marathon - J\u00f6nk\u00f6ping Marathon","isPartOf":{"@id":"https:\/\/jonkopingmarathon.se\/en\/#website"},"primaryImageOfPage":{"@id":"https:\/\/jonkopingmarathon.se\/en\/mini-jonkoping-marathon\/#primaryimage"},"image":{"@id":"https:\/\/jonkopingmarathon.se\/en\/mini-jonkoping-marathon\/#primaryimage"},"thumbnailUrl":"https:\/\/jonkopingmarathon.se\/wp-content\/uploads\/2018\/06\/MINIJM-1-1024x484.png","datePublished":"2018-06-21T09:24:49+00:00","dateModified":"2023-09-29T14:00:39+00:00","breadcrumb":{"@id":"https:\/\/jonkopingmarathon.se\/en\/mini-jonkoping-marathon\/#breadcrumb"},"inLanguage":"en-US","potentialAction":[{"@type":"ReadAction","target":["https:\/\/jonkopingmarathon.se\/en\/mini-jonkoping-marathon\/"]}]},{"@type":"ImageObject","inLanguage":"en-US","@id":"https:\/\/jonkopingmarathon.se\/en\/mini-jonkoping-marathon\/#primaryimage","url":"https:\/\/jonkopingmarathon.se\/wp-content\/uploads\/2018\/06\/MINIJM-1-1024x484.png","contentUrl":"https:\/\/jonkopingmarathon.se\/wp-content\/uploads\/2018\/06\/MINIJM-1-1024x484.png"},{"@type":"BreadcrumbList","@id":"https:\/\/jonkopingmarathon.se\/en\/mini-jonkoping-marathon\/#breadcrumb","itemListElement":[{"@type":"ListItem","position":1,"name":"Start","item":"https:\/\/jonkopingmarathon.se\/en\/"},{"@type":"ListItem","position":2,"name":"MINI J\u00f6nk\u00f6ping Marathon"}]},{"@type":"WebSite","@id":"https:\/\/jonkopingmarathon.se\/en\/#website","url":"https:\/\/jonkopingmarathon.se\/en\/","name":"J\u00f6nk\u00f6ping Marathon","description":"jonkopingmarathon.se","publisher":{"@id":"https:\/\/jonkopingmarathon.se\/en\/#organization"},"potentialAction":[{"@type":"SearchAction","target":{"@type":"EntryPoint","urlTemplate":"https:\/\/jonkopingmarathon.se\/en\/?s={search_term_string}"},"query-input":{"@type":"PropertyValueSpecification","valueRequired":true,"valueName":"search_term_string"}}],"inLanguage":"en-US"},{"@type":"Organization","@id":"https:\/\/jonkopingmarathon.se\/en\/#organization","name":"J\u00f6nk\u00f6ping Marathon","url":"https:\/\/jonkopingmarathon.se\/en\/","logo":{"@type":"ImageObject","inLanguage":"en-US","@id":"https:\/\/jonkopingmarathon.se\/en\/#\/schema\/logo\/image\/","url":"https:\/\/jonkopingmarathon.se\/wp-content\/uploads\/2024\/01\/OG_IMAGE_JonkopingMarathon.jpg","contentUrl":"https:\/\/jonkopingmarathon.se\/wp-content\/uploads\/2024\/01\/OG_IMAGE_JonkopingMarathon.jpg","width":1200,"height":630,"caption":"J\u00f6nk\u00f6ping Marathon"},"image":{"@id":"https:\/\/jonkopingmarathon.se\/en\/#\/schema\/logo\/image\/"},"sameAs":["https:\/\/www.facebook.com\/stadenarredo","https:\/\/www.instagram.com\/jonkopingmarathon\/","https:\/\/www.youtube.com\/channel\/UCbXk-FxL8Z1K_OdthfGt-YA"]}]}},"_links":{"self":[{"href":"https:\/\/jonkopingmarathon.se\/en\/wp-json\/wp\/v2\/pages\/41985","targetHints":{"allow":["GET"]}}],"collection":[{"href":"https:\/\/jonkopingmarathon.se\/en\/wp-json\/wp\/v2\/pages"}],"about":[{"href":"https:\/\/jonkopingmarathon.se\/en\/wp-json\/wp\/v2\/types\/page"}],"author":[{"embeddable":true,"href":"https:\/\/jonkopingmarathon.se\/en\/wp-json\/wp\/v2\/users\/21"}],"replies":[{"embeddable":true,"href":"https:\/\/jonkopingmarathon.se\/en\/wp-json\/wp\/v2\/comments?post=41985"}],"version-history":[{"count":1,"href":"https:\/\/jonkopingmarathon.se\/en\/wp-json\/wp\/v2\/pages\/41985\/revisions"}],"predecessor-version":[{"id":49761,"href":"https:\/\/jonkopingmarathon.se\/en\/wp-json\/wp\/v2\/pages\/41985\/revisions\/49761"}],"wp:attachment":[{"href":"https:\/\/jonkopingmarathon.se\/en\/wp-json\/wp\/v2\/media?parent=41985"}],"curies":[{"name":"wp","href":"https:\/\/api.w.org\/{rel}","templated":true}]}}