{"id":41986,"date":"2018-06-21T11:03:15","date_gmt":"2018-06-21T09:03:15","guid":{"rendered":"https:\/\/jonkopingmarathon.se\/mini-jonkoping-marathon-childrens-race\/"},"modified":"2025-10-03T09:56:34","modified_gmt":"2025-10-03T07:56:34","slug":"mini-jonkoping-marathon-childrens-race","status":"publish","type":"page","link":"https:\/\/jonkopingmarathon.se\/en\/mini-jonkoping-marathon-childrens-race\/","title":{"rendered":"MINI J\u00f6nk\u00f6ping Marathon (children&#8217;s race)"},"content":{"rendered":"\n<h2>One of the country&#8217;s biggest children&#8217;s races, the MINI J\u00f6nk\u00f6ping Marathon is back!<\/h2>\n<p>Even the youngest ones can enjoy the festival and experience the true marathon atmosphere. We promise lots of laughter, fun and movement. Our partners for the children&#8217;s race &#8211; Husqvarna AB and L\u00e4nsf\u00f6rs\u00e4kringar &#8211; will be there and together we will organise a day filled with fun activities for the whole family. All children who run will receive a nice medal and snacks after the race. <strong>Here are ALL the winners!!<\/strong><\/p>\n<div class=\"column-wrap\">\n<div class=\"fakta halv-column\">\n<table>\n<tbody>\n<tr>\n<td><span class=\"label\">Date:<\/span><\/td>\n<td><span>28. august 2026<\/span><\/td>\n<\/tr>\n<tr>\n<td><span class=\"label\">Start:<\/span><\/td>\n<td>17:00<\/td>\n<\/tr>\n<tr>\n<td>\n  <span class=\"label\">Distribution of BIB<\/span>\n<\/td>\n<td>14:00 &#8211; 16:20<\/td>\n<\/tr>\n<tr>\n<td><span class=\"label\">Warm-up:<\/span><\/td>\n<td>16:40<\/td>\n<\/tr>\n<tr>\n<td>\n  <span class=\"label\">Location:<\/span>\n<\/td>\n<td>Kulturhuset Spira<\/td>\n<\/tr>\n<tr>\n<td><span class=\"label\">Price:<\/span><\/td>\n<td>130 SEK<\/td>\n<\/tr>\n<tr>\n<td><span class=\"label\">Start groups:<\/span><\/td>\n<td>1. age 0 &#8211; 5 years, about 400 m<br\/>2. Age 6 &#8211; 9 years, about 800 m<br\/>3. Age 10 &#8211; 12 years, about 1200 m<\/td>\n<\/tr>\n<tr>\n<td>\n  <span class=\"label\">Hashtag:<\/span>\n<\/td>\n<td>#minij\u00f6nk\u00f6pingmarathon<\/td>\n<\/tr>\n<\/tbody>\n<\/table>\n<p><br\/><strong>Online registration for one of the country&#8217;s largest marathons is closed. Late registration takes place on site in Marathon-EXPO from 14:00 on Friday.\nLate registration closes at 16:00. <\/strong><\/p>\n<div class=\"register-wrap\"><p><a class=\"action button large\" href=\"\/en\/registration-mini-jonkoping-marathon\/\" target=\"_blank\" rel=\"noopener\">Anm\u00e4lan<\/a><\/p>\nL\u00e4s <a href=\"\/anmalningsvillkor\/\">anm\u00e4lningsvillkor<\/a> innan.<\/p><\/div>\n<\/div>\n<div class=\"halv-column\"><img decoding=\"async\" src=\"\/wp-content\/uploads\/2022\/09\/Minimarathon_barnlopp2022.jpg\" alt=\"Mini J\u00f6nk\u00f6ping Marathon\"\/>\n<\/div>\n<\/div>\n<img decoding=\"async\" src=\"\/wp-content\/uploads\/2025\/08\/karta-barnloppet-bron2.jpg\" alt=\"MINI J\u00f6nk\u00f6ping Marathon\"\/>\n\n<div class=\"wp-block-columns is-layout-flex wp-container-core-columns-is-layout-28f84493 wp-block-columns-is-layout-flex\">\n<div class=\"wp-block-column is-layout-flow wp-block-column-is-layout-flow\" style=\"flex-basis:100%\"><\/div>\n<\/div>\n","protected":false},"excerpt":{"rendered":"<p>Even the youngest ones can enjoy the festival and experience the true marathon atmosphere. We promise lots of laughter, fun and movement. Our partners for the children&#8217;s race &#8211; Husqvarna AB and L\u00e4nsf\u00f6rs\u00e4kringar &#8211; will be there and together we will organise a day filled with fun activities for the whole family. All children who [&#8230;]<\/p>\n","protected":false},"author":21,"featured_media":0,"parent":0,"menu_order":0,"comment_status":"closed","ping_status":"closed","template":"","meta":{"_acf_changed":false,"footnotes":""},"class_list":["post-41986","page","type-page","status-publish","hentry"],"acf":[],"yoast_head":"<!-- This site is optimized with the Yoast SEO plugin v27.4 - https:\/\/yoast.com\/product\/yoast-seo-wordpress\/ -->\n<title>MINI J\u00f6nk\u00f6ping Marathon (children&#039;s race) - J\u00f6nk\u00f6ping Marathon<\/title>\n<meta name=\"robots\" content=\"index, follow, max-snippet:-1, max-image-preview:large, max-video-preview:-1\" \/>\n<link rel=\"canonical\" href=\"https:\/\/jonkopingmarathon.se\/en\/mini-jonkoping-marathon-childrens-race\/\" \/>\n<meta property=\"og:locale\" content=\"en_US\" \/>\n<meta property=\"og:type\" content=\"article\" \/>\n<meta property=\"og:title\" content=\"MINI J\u00f6nk\u00f6ping Marathon (children&#039;s race) - J\u00f6nk\u00f6ping Marathon\" \/>\n<meta property=\"og:description\" content=\"Even the youngest ones can enjoy the festival and experience the true marathon atmosphere. We promise lots of laughter, fun and movement. Our partners for the children&#8217;s race &#8211; Husqvarna AB and L\u00e4nsf\u00f6rs\u00e4kringar &#8211; will be there and together we will organise a day filled with fun activities for the whole family. All children who [...]\" \/>\n<meta property=\"og:url\" content=\"https:\/\/jonkopingmarathon.se\/en\/mini-jonkoping-marathon-childrens-race\/\" \/>\n<meta property=\"og:site_name\" content=\"J\u00f6nk\u00f6ping Marathon\" \/>\n<meta property=\"article:publisher\" content=\"https:\/\/www.facebook.com\/stadenarredo\" \/>\n<meta property=\"article:modified_time\" content=\"2025-10-03T07:56:34+00:00\" \/>\n<meta name=\"twitter:card\" content=\"summary_large_image\" \/>\n<meta name=\"twitter:label1\" content=\"Est. reading time\" \/>\n\t<meta name=\"twitter:data1\" content=\"2 minutes\" \/>\n<script type=\"application\/ld+json\" class=\"yoast-schema-graph\">{\"@context\":\"https:\\\/\\\/schema.org\",\"@graph\":[{\"@type\":\"WebPage\",\"@id\":\"https:\\\/\\\/jonkopingmarathon.se\\\/en\\\/mini-jonkoping-marathon-childrens-race\\\/\",\"url\":\"https:\\\/\\\/jonkopingmarathon.se\\\/en\\\/mini-jonkoping-marathon-childrens-race\\\/\",\"name\":\"MINI J\u00f6nk\u00f6ping Marathon (children's race) - J\u00f6nk\u00f6ping Marathon\",\"isPartOf\":{\"@id\":\"https:\\\/\\\/jonkopingmarathon.se\\\/en\\\/#website\"},\"datePublished\":\"2018-06-21T09:03:15+00:00\",\"dateModified\":\"2025-10-03T07:56:34+00:00\",\"breadcrumb\":{\"@id\":\"https:\\\/\\\/jonkopingmarathon.se\\\/en\\\/mini-jonkoping-marathon-childrens-race\\\/#breadcrumb\"},\"inLanguage\":\"en-US\",\"potentialAction\":[{\"@type\":\"ReadAction\",\"target\":[\"https:\\\/\\\/jonkopingmarathon.se\\\/en\\\/mini-jonkoping-marathon-childrens-race\\\/\"]}]},{\"@type\":\"BreadcrumbList\",\"@id\":\"https:\\\/\\\/jonkopingmarathon.se\\\/en\\\/mini-jonkoping-marathon-childrens-race\\\/#breadcrumb\",\"itemListElement\":[{\"@type\":\"ListItem\",\"position\":1,\"name\":\"Start\",\"item\":\"https:\\\/\\\/jonkopingmarathon.se\\\/en\\\/\"},{\"@type\":\"ListItem\",\"position\":2,\"name\":\"MINI J\u00f6nk\u00f6ping Marathon (children&#8217;s race)\"}]},{\"@type\":\"WebSite\",\"@id\":\"https:\\\/\\\/jonkopingmarathon.se\\\/en\\\/#website\",\"url\":\"https:\\\/\\\/jonkopingmarathon.se\\\/en\\\/\",\"name\":\"J\u00f6nk\u00f6ping Marathon\",\"description\":\"jonkopingmarathon.se\",\"publisher\":{\"@id\":\"https:\\\/\\\/jonkopingmarathon.se\\\/en\\\/#organization\"},\"potentialAction\":[{\"@type\":\"SearchAction\",\"target\":{\"@type\":\"EntryPoint\",\"urlTemplate\":\"https:\\\/\\\/jonkopingmarathon.se\\\/en\\\/?s={search_term_string}\"},\"query-input\":{\"@type\":\"PropertyValueSpecification\",\"valueRequired\":true,\"valueName\":\"search_term_string\"}}],\"inLanguage\":\"en-US\"},{\"@type\":\"Organization\",\"@id\":\"https:\\\/\\\/jonkopingmarathon.se\\\/en\\\/#organization\",\"name\":\"J\u00f6nk\u00f6ping Marathon\",\"url\":\"https:\\\/\\\/jonkopingmarathon.se\\\/en\\\/\",\"logo\":{\"@type\":\"ImageObject\",\"inLanguage\":\"en-US\",\"@id\":\"https:\\\/\\\/jonkopingmarathon.se\\\/en\\\/#\\\/schema\\\/logo\\\/image\\\/\",\"url\":\"https:\\\/\\\/jonkopingmarathon.se\\\/wp-content\\\/uploads\\\/2024\\\/01\\\/OG_IMAGE_JonkopingMarathon.jpg\",\"contentUrl\":\"https:\\\/\\\/jonkopingmarathon.se\\\/wp-content\\\/uploads\\\/2024\\\/01\\\/OG_IMAGE_JonkopingMarathon.jpg\",\"width\":1200,\"height\":630,\"caption\":\"J\u00f6nk\u00f6ping Marathon\"},\"image\":{\"@id\":\"https:\\\/\\\/jonkopingmarathon.se\\\/en\\\/#\\\/schema\\\/logo\\\/image\\\/\"},\"sameAs\":[\"https:\\\/\\\/www.facebook.com\\\/stadenarredo\",\"https:\\\/\\\/www.instagram.com\\\/jonkopingmarathon\\\/\",\"https:\\\/\\\/www.youtube.com\\\/channel\\\/UCbXk-FxL8Z1K_OdthfGt-YA\"]}]}<\/script>\n<!-- \/ Yoast SEO plugin. -->","yoast_head_json":{"title":"MINI J\u00f6nk\u00f6ping Marathon (children's race) - J\u00f6nk\u00f6ping Marathon","robots":{"index":"index","follow":"follow","max-snippet":"max-snippet:-1","max-image-preview":"max-image-preview:large","max-video-preview":"max-video-preview:-1"},"canonical":"https:\/\/jonkopingmarathon.se\/en\/mini-jonkoping-marathon-childrens-race\/","og_locale":"en_US","og_type":"article","og_title":"MINI J\u00f6nk\u00f6ping Marathon (children's race) - J\u00f6nk\u00f6ping Marathon","og_description":"Even the youngest ones can enjoy the festival and experience the true marathon atmosphere. We promise lots of laughter, fun and movement. Our partners for the children&#8217;s race &#8211; Husqvarna AB and L\u00e4nsf\u00f6rs\u00e4kringar &#8211; will be there and together we will organise a day filled with fun activities for the whole family. All children who [...]","og_url":"https:\/\/jonkopingmarathon.se\/en\/mini-jonkoping-marathon-childrens-race\/","og_site_name":"J\u00f6nk\u00f6ping Marathon","article_publisher":"https:\/\/www.facebook.com\/stadenarredo","article_modified_time":"2025-10-03T07:56:34+00:00","twitter_card":"summary_large_image","twitter_misc":{"Est. reading time":"2 minutes"},"schema":{"@context":"https:\/\/schema.org","@graph":[{"@type":"WebPage","@id":"https:\/\/jonkopingmarathon.se\/en\/mini-jonkoping-marathon-childrens-race\/","url":"https:\/\/jonkopingmarathon.se\/en\/mini-jonkoping-marathon-childrens-race\/","name":"MINI J\u00f6nk\u00f6ping Marathon (children's race) - J\u00f6nk\u00f6ping Marathon","isPartOf":{"@id":"https:\/\/jonkopingmarathon.se\/en\/#website"},"datePublished":"2018-06-21T09:03:15+00:00","dateModified":"2025-10-03T07:56:34+00:00","breadcrumb":{"@id":"https:\/\/jonkopingmarathon.se\/en\/mini-jonkoping-marathon-childrens-race\/#breadcrumb"},"inLanguage":"en-US","potentialAction":[{"@type":"ReadAction","target":["https:\/\/jonkopingmarathon.se\/en\/mini-jonkoping-marathon-childrens-race\/"]}]},{"@type":"BreadcrumbList","@id":"https:\/\/jonkopingmarathon.se\/en\/mini-jonkoping-marathon-childrens-race\/#breadcrumb","itemListElement":[{"@type":"ListItem","position":1,"name":"Start","item":"https:\/\/jonkopingmarathon.se\/en\/"},{"@type":"ListItem","position":2,"name":"MINI J\u00f6nk\u00f6ping Marathon (children&#8217;s race)"}]},{"@type":"WebSite","@id":"https:\/\/jonkopingmarathon.se\/en\/#website","url":"https:\/\/jonkopingmarathon.se\/en\/","name":"J\u00f6nk\u00f6ping Marathon","description":"jonkopingmarathon.se","publisher":{"@id":"https:\/\/jonkopingmarathon.se\/en\/#organization"},"potentialAction":[{"@type":"SearchAction","target":{"@type":"EntryPoint","urlTemplate":"https:\/\/jonkopingmarathon.se\/en\/?s={search_term_string}"},"query-input":{"@type":"PropertyValueSpecification","valueRequired":true,"valueName":"search_term_string"}}],"inLanguage":"en-US"},{"@type":"Organization","@id":"https:\/\/jonkopingmarathon.se\/en\/#organization","name":"J\u00f6nk\u00f6ping Marathon","url":"https:\/\/jonkopingmarathon.se\/en\/","logo":{"@type":"ImageObject","inLanguage":"en-US","@id":"https:\/\/jonkopingmarathon.se\/en\/#\/schema\/logo\/image\/","url":"https:\/\/jonkopingmarathon.se\/wp-content\/uploads\/2024\/01\/OG_IMAGE_JonkopingMarathon.jpg","contentUrl":"https:\/\/jonkopingmarathon.se\/wp-content\/uploads\/2024\/01\/OG_IMAGE_JonkopingMarathon.jpg","width":1200,"height":630,"caption":"J\u00f6nk\u00f6ping Marathon"},"image":{"@id":"https:\/\/jonkopingmarathon.se\/en\/#\/schema\/logo\/image\/"},"sameAs":["https:\/\/www.facebook.com\/stadenarredo","https:\/\/www.instagram.com\/jonkopingmarathon\/","https:\/\/www.youtube.com\/channel\/UCbXk-FxL8Z1K_OdthfGt-YA"]}]}},"_links":{"self":[{"href":"https:\/\/jonkopingmarathon.se\/en\/wp-json\/wp\/v2\/pages\/41986","targetHints":{"allow":["GET"]}}],"collection":[{"href":"https:\/\/jonkopingmarathon.se\/en\/wp-json\/wp\/v2\/pages"}],"about":[{"href":"https:\/\/jonkopingmarathon.se\/en\/wp-json\/wp\/v2\/types\/page"}],"author":[{"embeddable":true,"href":"https:\/\/jonkopingmarathon.se\/en\/wp-json\/wp\/v2\/users\/21"}],"replies":[{"embeddable":true,"href":"https:\/\/jonkopingmarathon.se\/en\/wp-json\/wp\/v2\/comments?post=41986"}],"version-history":[{"count":3,"href":"https:\/\/jonkopingmarathon.se\/en\/wp-json\/wp\/v2\/pages\/41986\/revisions"}],"predecessor-version":[{"id":61160,"href":"https:\/\/jonkopingmarathon.se\/en\/wp-json\/wp\/v2\/pages\/41986\/revisions\/61160"}],"wp:attachment":[{"href":"https:\/\/jonkopingmarathon.se\/en\/wp-json\/wp\/v2\/media?parent=41986"}],"curies":[{"name":"wp","href":"https:\/\/api.w.org\/{rel}","templated":true}]}}