{"id":42029,"date":"2017-11-09T19:01:47","date_gmt":"2017-11-09T18:01:47","guid":{"rendered":"https:\/\/jonkopingmarathon.se\/start-list\/"},"modified":"2025-10-03T10:12:29","modified_gmt":"2025-10-03T08:12:29","slug":"start-list","status":"publish","type":"page","link":"https:\/\/jonkopingmarathon.se\/en\/start-list\/","title":{"rendered":"Start list"},"content":{"rendered":"<h2 style=\"text-align: center;\"><strong>Start list for J\u00f6nk\u00f6ping Marathon &amp; Half Marathon 2026<\/strong><\/h2>\n\n\t\t\t\t<style>\n\t\t\t\t\t#JM_Startlista_all_info_2026_all33.dataTable.wpda-datatable.dtr-inline.collapsed>tbody>tr>td.dtr-control,\n\t\t\t\t\t#JM_Startlista_all_info_2026_all33.dataTable.wpda-datatable.dtr-inline.collapsed>tbody>tr>th.dtr-control {\n    \t\t\t\t\tpadding-left: 2.2em;\n\t\t\t\t\t}\n\t\t\t\t<\/style><div class='wpda_publication_container'><table id=\"JM_Startlista_all_info_2026_all33\" class=\"display\" cellspacing=\"0\"><thead><tr><th class=\"\" data-column_name_search=\"K\u00f6n\">K\u00f6n<\/th><th class=\"\" data-column_name_search=\"Namn\">Namn<\/th><th class=\"\" data-column_name_search=\"Efternamn\">Efternamn<\/th><th class=\"\" data-column_name_search=\"Nationalitet\">Nationalitet<\/th><th class=\"\" data-column_name_search=\"Klubb\">Klubb<\/th><th class=\"\" data-column_name_search=\"Distans\">Distans<\/th><\/tr><\/thead><tfoot><tr><th class=\"\" data-column_name_search=\"K\u00f6n\">K\u00f6n<\/th><th class=\"\" data-column_name_search=\"Namn\">Namn<\/th><th class=\"\" data-column_name_search=\"Efternamn\">Efternamn<\/th><th class=\"\" data-column_name_search=\"Nationalitet\">Nationalitet<\/th><th class=\"\" data-column_name_search=\"Klubb\">Klubb<\/th><th class=\"\" data-column_name_search=\"Distans\">Distans<\/th><\/tr><\/tfoot><\/table><\/div><script type='text\/javascript'>var wpdaDbColumnsJMStartlistaallinfo2026all33_advanced_options = {\"wpda_language\":\"Swedish\",\"wpda_search_force_enter\":false,\"pagingType\":\"simple\",\"info\":false,\"lengthMenu\":[5,10],\"pageLength\":5,\"dom\":\"lfrtip\",\"select\":{\"selector\":\"td:not(.dtr-control)\",\"style\":\"multi\"},\"wpda_buttons\":\"CEFP\",\"wpda_button_caption\":\"label\",\"searchBuilder\":{\"columns\":[],\"depthLimit\":2},\"searchPanes\":{\"columns\":[],\"threshold\":1},\"wpda_styling\":\"\"}; var wpdaDbColumnsJMStartlistaallinfo2026all33 = [{\"className\":\"K\\u00f6n wpda_format_string\",\"name\":\"K\\u00f6n\",\"targets\":0,\"label\":\"K\\u00f6n\",\"searchBuilderType\":\"string\"},{\"className\":\"Namn wpda_format_string\",\"name\":\"Namn\",\"targets\":1,\"label\":\"Namn\",\"searchBuilderType\":\"string\"},{\"className\":\"Efternamn wpda_format_string\",\"name\":\"Efternamn\",\"targets\":2,\"label\":\"Efternamn\",\"searchBuilderType\":\"string\"},{\"className\":\"Nationalitet wpda_format_string\",\"name\":\"Nationalitet\",\"targets\":3,\"label\":\"Nationalitet\",\"searchBuilderType\":\"string\"},{\"className\":\"Klubb wpda_format_string\",\"name\":\"Klubb\",\"targets\":4,\"label\":\"Klubb\",\"searchBuilderType\":\"string\"},{\"className\":\"Distans wpda_format_string\",\"name\":\"Distans\",\"targets\":5,\"label\":\"Distans\",\"searchBuilderType\":\"string\"}];var wpdaDbColumnsJMStartlistaallinfo2026all33_geosearch_options = {}; var JM_Startlista_all_info_2026_all_33_args = [[]]; var JM_Startlista_all_info_2026_all_33_gets = [[]]; var JM_Startlista_all_info_2026_all_33_posts = [[]]; jQuery(function () {\twpda_datatables_ajax_call(\t\twpdaDbColumnsJMStartlistaallinfo2026all33,\t\t\"\",\t\t\"JM_Startlista_all_info_2026_all\",\t\t\"\",\t\t\"yes\",\t\t\"Row details\",\t\t\"collapsed\",\t\t\"yes\",\t\t\"sv-SE\",\t\t\"\",\t\ttrue,\t    true,\t\ttrue,\t\twpdaDbColumnsJMStartlistaallinfo2026all33_advanced_options,\t\t33,\t\t\"If not listed\",\t\t[],\t\t\"\",\t\t\"\",\t\t\"\",\t\t[],\t\t\"false\",\t\t\"true\",\t\t\"\",\t\twpdaDbColumnsJMStartlistaallinfo2026all33_geosearch_options,\t\t\"bb0ea65812\",\t\t\"\"\t);});<\/script>\n\n<p><\/p>\n","protected":false},"excerpt":{"rendered":"<p>Start list for J\u00f6nk\u00f6ping Marathon &amp; Half Marathon 2026<\/p>\n","protected":false},"author":21,"featured_media":0,"parent":0,"menu_order":0,"comment_status":"closed","ping_status":"closed","template":"","meta":{"_acf_changed":false,"footnotes":""},"class_list":["post-42029","page","type-page","status-publish","hentry"],"acf":[],"yoast_head":"<!-- This site is optimized with the Yoast SEO plugin v27.4 - https:\/\/yoast.com\/product\/yoast-seo-wordpress\/ -->\n<title>Start list - J\u00f6nk\u00f6ping Marathon<\/title>\n<meta name=\"robots\" content=\"index, follow, max-snippet:-1, max-image-preview:large, max-video-preview:-1\" \/>\n<link rel=\"canonical\" href=\"https:\/\/jonkopingmarathon.se\/en\/start-list\/\" \/>\n<meta property=\"og:locale\" content=\"en_US\" \/>\n<meta property=\"og:type\" content=\"article\" \/>\n<meta property=\"og:title\" content=\"Start list - J\u00f6nk\u00f6ping Marathon\" \/>\n<meta property=\"og:description\" content=\"Start list for J\u00f6nk\u00f6ping Marathon &amp; Half Marathon 2026\" \/>\n<meta property=\"og:url\" content=\"https:\/\/jonkopingmarathon.se\/en\/start-list\/\" \/>\n<meta property=\"og:site_name\" content=\"J\u00f6nk\u00f6ping Marathon\" \/>\n<meta property=\"article:publisher\" content=\"https:\/\/www.facebook.com\/stadenarredo\" \/>\n<meta property=\"article:modified_time\" content=\"2025-10-03T08:12:29+00:00\" \/>\n<meta name=\"twitter:card\" content=\"summary_large_image\" \/>\n<script type=\"application\/ld+json\" class=\"yoast-schema-graph\">{\"@context\":\"https:\\\/\\\/schema.org\",\"@graph\":[{\"@type\":\"WebPage\",\"@id\":\"https:\\\/\\\/jonkopingmarathon.se\\\/en\\\/start-list\\\/\",\"url\":\"https:\\\/\\\/jonkopingmarathon.se\\\/en\\\/start-list\\\/\",\"name\":\"Start list - J\u00f6nk\u00f6ping Marathon\",\"isPartOf\":{\"@id\":\"https:\\\/\\\/jonkopingmarathon.se\\\/en\\\/#website\"},\"datePublished\":\"2017-11-09T18:01:47+00:00\",\"dateModified\":\"2025-10-03T08:12:29+00:00\",\"breadcrumb\":{\"@id\":\"https:\\\/\\\/jonkopingmarathon.se\\\/en\\\/start-list\\\/#breadcrumb\"},\"inLanguage\":\"en-US\",\"potentialAction\":[{\"@type\":\"ReadAction\",\"target\":[\"https:\\\/\\\/jonkopingmarathon.se\\\/en\\\/start-list\\\/\"]}]},{\"@type\":\"BreadcrumbList\",\"@id\":\"https:\\\/\\\/jonkopingmarathon.se\\\/en\\\/start-list\\\/#breadcrumb\",\"itemListElement\":[{\"@type\":\"ListItem\",\"position\":1,\"name\":\"Start\",\"item\":\"https:\\\/\\\/jonkopingmarathon.se\\\/en\\\/\"},{\"@type\":\"ListItem\",\"position\":2,\"name\":\"Start list\"}]},{\"@type\":\"WebSite\",\"@id\":\"https:\\\/\\\/jonkopingmarathon.se\\\/en\\\/#website\",\"url\":\"https:\\\/\\\/jonkopingmarathon.se\\\/en\\\/\",\"name\":\"J\u00f6nk\u00f6ping Marathon\",\"description\":\"jonkopingmarathon.se\",\"publisher\":{\"@id\":\"https:\\\/\\\/jonkopingmarathon.se\\\/en\\\/#organization\"},\"potentialAction\":[{\"@type\":\"SearchAction\",\"target\":{\"@type\":\"EntryPoint\",\"urlTemplate\":\"https:\\\/\\\/jonkopingmarathon.se\\\/en\\\/?s={search_term_string}\"},\"query-input\":{\"@type\":\"PropertyValueSpecification\",\"valueRequired\":true,\"valueName\":\"search_term_string\"}}],\"inLanguage\":\"en-US\"},{\"@type\":\"Organization\",\"@id\":\"https:\\\/\\\/jonkopingmarathon.se\\\/en\\\/#organization\",\"name\":\"J\u00f6nk\u00f6ping Marathon\",\"url\":\"https:\\\/\\\/jonkopingmarathon.se\\\/en\\\/\",\"logo\":{\"@type\":\"ImageObject\",\"inLanguage\":\"en-US\",\"@id\":\"https:\\\/\\\/jonkopingmarathon.se\\\/en\\\/#\\\/schema\\\/logo\\\/image\\\/\",\"url\":\"https:\\\/\\\/jonkopingmarathon.se\\\/wp-content\\\/uploads\\\/2024\\\/01\\\/OG_IMAGE_JonkopingMarathon.jpg\",\"contentUrl\":\"https:\\\/\\\/jonkopingmarathon.se\\\/wp-content\\\/uploads\\\/2024\\\/01\\\/OG_IMAGE_JonkopingMarathon.jpg\",\"width\":1200,\"height\":630,\"caption\":\"J\u00f6nk\u00f6ping Marathon\"},\"image\":{\"@id\":\"https:\\\/\\\/jonkopingmarathon.se\\\/en\\\/#\\\/schema\\\/logo\\\/image\\\/\"},\"sameAs\":[\"https:\\\/\\\/www.facebook.com\\\/stadenarredo\",\"https:\\\/\\\/www.instagram.com\\\/jonkopingmarathon\\\/\",\"https:\\\/\\\/www.youtube.com\\\/channel\\\/UCbXk-FxL8Z1K_OdthfGt-YA\"]}]}<\/script>\n<!-- \/ Yoast SEO plugin. -->","yoast_head_json":{"title":"Start list - J\u00f6nk\u00f6ping Marathon","robots":{"index":"index","follow":"follow","max-snippet":"max-snippet:-1","max-image-preview":"max-image-preview:large","max-video-preview":"max-video-preview:-1"},"canonical":"https:\/\/jonkopingmarathon.se\/en\/start-list\/","og_locale":"en_US","og_type":"article","og_title":"Start list - J\u00f6nk\u00f6ping Marathon","og_description":"Start list for J\u00f6nk\u00f6ping Marathon &amp; Half Marathon 2026","og_url":"https:\/\/jonkopingmarathon.se\/en\/start-list\/","og_site_name":"J\u00f6nk\u00f6ping Marathon","article_publisher":"https:\/\/www.facebook.com\/stadenarredo","article_modified_time":"2025-10-03T08:12:29+00:00","twitter_card":"summary_large_image","schema":{"@context":"https:\/\/schema.org","@graph":[{"@type":"WebPage","@id":"https:\/\/jonkopingmarathon.se\/en\/start-list\/","url":"https:\/\/jonkopingmarathon.se\/en\/start-list\/","name":"Start list - J\u00f6nk\u00f6ping Marathon","isPartOf":{"@id":"https:\/\/jonkopingmarathon.se\/en\/#website"},"datePublished":"2017-11-09T18:01:47+00:00","dateModified":"2025-10-03T08:12:29+00:00","breadcrumb":{"@id":"https:\/\/jonkopingmarathon.se\/en\/start-list\/#breadcrumb"},"inLanguage":"en-US","potentialAction":[{"@type":"ReadAction","target":["https:\/\/jonkopingmarathon.se\/en\/start-list\/"]}]},{"@type":"BreadcrumbList","@id":"https:\/\/jonkopingmarathon.se\/en\/start-list\/#breadcrumb","itemListElement":[{"@type":"ListItem","position":1,"name":"Start","item":"https:\/\/jonkopingmarathon.se\/en\/"},{"@type":"ListItem","position":2,"name":"Start list"}]},{"@type":"WebSite","@id":"https:\/\/jonkopingmarathon.se\/en\/#website","url":"https:\/\/jonkopingmarathon.se\/en\/","name":"J\u00f6nk\u00f6ping Marathon","description":"jonkopingmarathon.se","publisher":{"@id":"https:\/\/jonkopingmarathon.se\/en\/#organization"},"potentialAction":[{"@type":"SearchAction","target":{"@type":"EntryPoint","urlTemplate":"https:\/\/jonkopingmarathon.se\/en\/?s={search_term_string}"},"query-input":{"@type":"PropertyValueSpecification","valueRequired":true,"valueName":"search_term_string"}}],"inLanguage":"en-US"},{"@type":"Organization","@id":"https:\/\/jonkopingmarathon.se\/en\/#organization","name":"J\u00f6nk\u00f6ping Marathon","url":"https:\/\/jonkopingmarathon.se\/en\/","logo":{"@type":"ImageObject","inLanguage":"en-US","@id":"https:\/\/jonkopingmarathon.se\/en\/#\/schema\/logo\/image\/","url":"https:\/\/jonkopingmarathon.se\/wp-content\/uploads\/2024\/01\/OG_IMAGE_JonkopingMarathon.jpg","contentUrl":"https:\/\/jonkopingmarathon.se\/wp-content\/uploads\/2024\/01\/OG_IMAGE_JonkopingMarathon.jpg","width":1200,"height":630,"caption":"J\u00f6nk\u00f6ping Marathon"},"image":{"@id":"https:\/\/jonkopingmarathon.se\/en\/#\/schema\/logo\/image\/"},"sameAs":["https:\/\/www.facebook.com\/stadenarredo","https:\/\/www.instagram.com\/jonkopingmarathon\/","https:\/\/www.youtube.com\/channel\/UCbXk-FxL8Z1K_OdthfGt-YA"]}]}},"_links":{"self":[{"href":"https:\/\/jonkopingmarathon.se\/en\/wp-json\/wp\/v2\/pages\/42029","targetHints":{"allow":["GET"]}}],"collection":[{"href":"https:\/\/jonkopingmarathon.se\/en\/wp-json\/wp\/v2\/pages"}],"about":[{"href":"https:\/\/jonkopingmarathon.se\/en\/wp-json\/wp\/v2\/types\/page"}],"author":[{"embeddable":true,"href":"https:\/\/jonkopingmarathon.se\/en\/wp-json\/wp\/v2\/users\/21"}],"replies":[{"embeddable":true,"href":"https:\/\/jonkopingmarathon.se\/en\/wp-json\/wp\/v2\/comments?post=42029"}],"version-history":[{"count":2,"href":"https:\/\/jonkopingmarathon.se\/en\/wp-json\/wp\/v2\/pages\/42029\/revisions"}],"predecessor-version":[{"id":61165,"href":"https:\/\/jonkopingmarathon.se\/en\/wp-json\/wp\/v2\/pages\/42029\/revisions\/61165"}],"wp:attachment":[{"href":"https:\/\/jonkopingmarathon.se\/en\/wp-json\/wp\/v2\/media?parent=42029"}],"curies":[{"name":"wp","href":"https:\/\/api.w.org\/{rel}","templated":true}]}}