{"id":42281,"date":"2018-06-12T16:22:40","date_gmt":"2018-06-12T14:22:40","guid":{"rendered":"https:\/\/jonkopingmarathon.se\/accommodation\/"},"modified":"2025-10-03T09:12:52","modified_gmt":"2025-10-03T07:12:52","slug":"accommodation","status":"publish","type":"page","link":"https:\/\/jonkopingmarathon.se\/en\/accommodation\/","title":{"rendered":"Accommodation"},"content":{"rendered":"<p><a href=\"https:\/\/jonkopingmarathon.se\/wp-content\/uploads\/2022\/04\/Jonkoping-Elite-Stora-Hotellet.png\"><img loading=\"lazy\" decoding=\"async\" class=\"alignnone size-full wp-image-34444\" src=\"https:\/\/jonkopingmarathon.se\/wp-content\/uploads\/2022\/04\/Jonkoping-Elite-Stora-Hotellet.png\" alt=\"\" width=\"1719\" height=\"380\" srcset=\"https:\/\/jonkopingmarathon.se\/wp-content\/uploads\/2022\/04\/Jonkoping-Elite-Stora-Hotellet.png 1719w, https:\/\/jonkopingmarathon.se\/wp-content\/uploads\/2022\/04\/Jonkoping-Elite-Stora-Hotellet-300x66.png 300w, https:\/\/jonkopingmarathon.se\/wp-content\/uploads\/2022\/04\/Jonkoping-Elite-Stora-Hotellet-1024x226.png 1024w, https:\/\/jonkopingmarathon.se\/wp-content\/uploads\/2022\/04\/Jonkoping-Elite-Stora-Hotellet-768x170.png 768w, https:\/\/jonkopingmarathon.se\/wp-content\/uploads\/2022\/04\/Jonkoping-Elite-Stora-Hotellet-1536x340.png 1536w, https:\/\/jonkopingmarathon.se\/wp-content\/uploads\/2022\/04\/Jonkoping-Elite-Stora-Hotellet-600x133.png 600w\" sizes=\"auto, (max-width: 1719px) 100vw, 1719px\" \/><\/a><\/p>\n<p style=\"text-align: center;\"><strong>All runners and exhibitors have reduced prices with our partner.<\/strong><\/p>\n<p style=\"text-align: center;\">Elite Stora Hotellet is located in one of J\u00f6nk\u00f6ping&#8217;s most beautiful buildings, on the southern shore of Lake V\u00e4ttern . The hotel has undergone a major extension and renovation and has a total of 167 rooms.<\/p>\n<p style=\"text-align: center;\">We want our runners, partners and exhibitors to have the best possible preparation for the race runners from over 40 nations.<\/p>\n<p style=\"text-align: center;\">Elite stora hotellet offers a full 15% discount on the regular price as well as a small surprise waiting at the hotel for all competitors.<\/p>\n<p style=\"text-align: center;\"><strong>To book a room at a subsidised rate and take advantage of the offer:<\/strong><\/p>\n<p style=\"text-align: center;\"><strong> <a href=\"https:\/\/bookings.elite.se\/ibe\/details.aspx?propertyid=16746&amp;nights=1&amp;checkin=2026-08-28&amp;group=3901793&amp;lang=sv\" target=\"_blank\" rel=\"noopener noreferrer\">Click here<\/a><\/strong><em> <\/em><\/p>\n<p style=\"text-align: center;\"><em>Due to the very high demand for accommodation at our partner&#8217;s during the event weekend, there is a very high risk that the hotel will be fully booked. Keep an eye out for any cancellations.  <\/em><\/p>\n<div><\/div>\n<div class=\"\" style=\"text-align: center;\"><span class=\"\"><strong>Distance from hotel to start\/finish area<\/strong> (approx. 1.2 km)<\/span><\/div>\n<div><\/div>\n<div><\/div>\n<div><a href=\"https:\/\/jonkopingmarathon.se\/wp-content\/uploads\/2022\/04\/JKGESJ_FASAD_204-scaled.jpg\"><img loading=\"lazy\" decoding=\"async\" class=\"size-full wp-image-34445 aligncenter\" src=\"https:\/\/jonkopingmarathon.se\/wp-content\/uploads\/2022\/04\/JKGESJ_FASAD_204-scaled.jpg\" alt=\"\" width=\"2560\" height=\"1707\" srcset=\"https:\/\/jonkopingmarathon.se\/wp-content\/uploads\/2022\/04\/JKGESJ_FASAD_204-scaled.jpg 2560w, https:\/\/jonkopingmarathon.se\/wp-content\/uploads\/2022\/04\/JKGESJ_FASAD_204-300x200.jpg 300w, https:\/\/jonkopingmarathon.se\/wp-content\/uploads\/2022\/04\/JKGESJ_FASAD_204-1024x683.jpg 1024w, https:\/\/jonkopingmarathon.se\/wp-content\/uploads\/2022\/04\/JKGESJ_FASAD_204-768x512.jpg 768w, https:\/\/jonkopingmarathon.se\/wp-content\/uploads\/2022\/04\/JKGESJ_FASAD_204-1536x1024.jpg 1536w, https:\/\/jonkopingmarathon.se\/wp-content\/uploads\/2022\/04\/JKGESJ_FASAD_204-2048x1365.jpg 2048w, https:\/\/jonkopingmarathon.se\/wp-content\/uploads\/2022\/04\/JKGESJ_FASAD_204-600x400.jpg 600w\" sizes=\"auto, (max-width: 2560px) 100vw, 2560px\" \/><\/a><\/div>\n","protected":false},"excerpt":{"rendered":"<p>All runners and exhibitors have reduced prices with our partner. Elite Stora Hotellet is located in one of J\u00f6nk\u00f6ping&#8217;s most beautiful buildings, on the southern shore of Lake V\u00e4ttern . The hotel has undergone a major extension and renovation and has a total of 167 rooms. We want our runners, partners and exhibitors to have [&#8230;]<\/p>\n","protected":false},"author":21,"featured_media":0,"parent":0,"menu_order":0,"comment_status":"closed","ping_status":"closed","template":"","meta":{"_acf_changed":false,"footnotes":""},"class_list":["post-42281","page","type-page","status-publish","hentry"],"acf":[],"yoast_head":"<!-- This site is optimized with the Yoast SEO plugin v27.4 - https:\/\/yoast.com\/product\/yoast-seo-wordpress\/ -->\n<title>Accommodation - J\u00f6nk\u00f6ping Marathon<\/title>\n<meta name=\"robots\" content=\"index, follow, max-snippet:-1, max-image-preview:large, max-video-preview:-1\" \/>\n<link rel=\"canonical\" href=\"https:\/\/jonkopingmarathon.se\/en\/accommodation\/\" \/>\n<meta property=\"og:locale\" content=\"en_US\" \/>\n<meta property=\"og:type\" content=\"article\" \/>\n<meta property=\"og:title\" content=\"Accommodation - J\u00f6nk\u00f6ping Marathon\" \/>\n<meta property=\"og:description\" content=\"All runners and exhibitors have reduced prices with our partner. Elite Stora Hotellet is located in one of J\u00f6nk\u00f6ping&#8217;s most beautiful buildings, on the southern shore of Lake V\u00e4ttern . The hotel has undergone a major extension and renovation and has a total of 167 rooms. We want our runners, partners and exhibitors to have [...]\" \/>\n<meta property=\"og:url\" content=\"https:\/\/jonkopingmarathon.se\/en\/accommodation\/\" \/>\n<meta property=\"og:site_name\" content=\"J\u00f6nk\u00f6ping Marathon\" \/>\n<meta property=\"article:publisher\" content=\"https:\/\/www.facebook.com\/stadenarredo\" \/>\n<meta property=\"article:modified_time\" content=\"2025-10-03T07:12:52+00:00\" \/>\n<meta property=\"og:image\" content=\"https:\/\/jonkopingmarathon.se\/wp-content\/uploads\/2022\/04\/Jonkoping-Elite-Stora-Hotellet.png\" \/>\n<meta name=\"twitter:card\" content=\"summary_large_image\" \/>\n<meta name=\"twitter:label1\" content=\"Est. reading time\" \/>\n\t<meta name=\"twitter:data1\" content=\"1 minute\" \/>\n<script type=\"application\/ld+json\" class=\"yoast-schema-graph\">{\"@context\":\"https:\\\/\\\/schema.org\",\"@graph\":[{\"@type\":\"WebPage\",\"@id\":\"https:\\\/\\\/jonkopingmarathon.se\\\/en\\\/accommodation\\\/\",\"url\":\"https:\\\/\\\/jonkopingmarathon.se\\\/en\\\/accommodation\\\/\",\"name\":\"Accommodation - J\u00f6nk\u00f6ping Marathon\",\"isPartOf\":{\"@id\":\"https:\\\/\\\/jonkopingmarathon.se\\\/en\\\/#website\"},\"primaryImageOfPage\":{\"@id\":\"https:\\\/\\\/jonkopingmarathon.se\\\/en\\\/accommodation\\\/#primaryimage\"},\"image\":{\"@id\":\"https:\\\/\\\/jonkopingmarathon.se\\\/en\\\/accommodation\\\/#primaryimage\"},\"thumbnailUrl\":\"https:\\\/\\\/jonkopingmarathon.se\\\/wp-content\\\/uploads\\\/2022\\\/04\\\/Jonkoping-Elite-Stora-Hotellet.png\",\"datePublished\":\"2018-06-12T14:22:40+00:00\",\"dateModified\":\"2025-10-03T07:12:52+00:00\",\"breadcrumb\":{\"@id\":\"https:\\\/\\\/jonkopingmarathon.se\\\/en\\\/accommodation\\\/#breadcrumb\"},\"inLanguage\":\"en-US\",\"potentialAction\":[{\"@type\":\"ReadAction\",\"target\":[\"https:\\\/\\\/jonkopingmarathon.se\\\/en\\\/accommodation\\\/\"]}]},{\"@type\":\"ImageObject\",\"inLanguage\":\"en-US\",\"@id\":\"https:\\\/\\\/jonkopingmarathon.se\\\/en\\\/accommodation\\\/#primaryimage\",\"url\":\"https:\\\/\\\/jonkopingmarathon.se\\\/wp-content\\\/uploads\\\/2022\\\/04\\\/Jonkoping-Elite-Stora-Hotellet.png\",\"contentUrl\":\"https:\\\/\\\/jonkopingmarathon.se\\\/wp-content\\\/uploads\\\/2022\\\/04\\\/Jonkoping-Elite-Stora-Hotellet.png\"},{\"@type\":\"BreadcrumbList\",\"@id\":\"https:\\\/\\\/jonkopingmarathon.se\\\/en\\\/accommodation\\\/#breadcrumb\",\"itemListElement\":[{\"@type\":\"ListItem\",\"position\":1,\"name\":\"Start\",\"item\":\"https:\\\/\\\/jonkopingmarathon.se\\\/en\\\/\"},{\"@type\":\"ListItem\",\"position\":2,\"name\":\"Accommodation\"}]},{\"@type\":\"WebSite\",\"@id\":\"https:\\\/\\\/jonkopingmarathon.se\\\/en\\\/#website\",\"url\":\"https:\\\/\\\/jonkopingmarathon.se\\\/en\\\/\",\"name\":\"J\u00f6nk\u00f6ping Marathon\",\"description\":\"jonkopingmarathon.se\",\"publisher\":{\"@id\":\"https:\\\/\\\/jonkopingmarathon.se\\\/en\\\/#organization\"},\"potentialAction\":[{\"@type\":\"SearchAction\",\"target\":{\"@type\":\"EntryPoint\",\"urlTemplate\":\"https:\\\/\\\/jonkopingmarathon.se\\\/en\\\/?s={search_term_string}\"},\"query-input\":{\"@type\":\"PropertyValueSpecification\",\"valueRequired\":true,\"valueName\":\"search_term_string\"}}],\"inLanguage\":\"en-US\"},{\"@type\":\"Organization\",\"@id\":\"https:\\\/\\\/jonkopingmarathon.se\\\/en\\\/#organization\",\"name\":\"J\u00f6nk\u00f6ping Marathon\",\"url\":\"https:\\\/\\\/jonkopingmarathon.se\\\/en\\\/\",\"logo\":{\"@type\":\"ImageObject\",\"inLanguage\":\"en-US\",\"@id\":\"https:\\\/\\\/jonkopingmarathon.se\\\/en\\\/#\\\/schema\\\/logo\\\/image\\\/\",\"url\":\"https:\\\/\\\/jonkopingmarathon.se\\\/wp-content\\\/uploads\\\/2024\\\/01\\\/OG_IMAGE_JonkopingMarathon.jpg\",\"contentUrl\":\"https:\\\/\\\/jonkopingmarathon.se\\\/wp-content\\\/uploads\\\/2024\\\/01\\\/OG_IMAGE_JonkopingMarathon.jpg\",\"width\":1200,\"height\":630,\"caption\":\"J\u00f6nk\u00f6ping Marathon\"},\"image\":{\"@id\":\"https:\\\/\\\/jonkopingmarathon.se\\\/en\\\/#\\\/schema\\\/logo\\\/image\\\/\"},\"sameAs\":[\"https:\\\/\\\/www.facebook.com\\\/stadenarredo\",\"https:\\\/\\\/www.instagram.com\\\/jonkopingmarathon\\\/\",\"https:\\\/\\\/www.youtube.com\\\/channel\\\/UCbXk-FxL8Z1K_OdthfGt-YA\"]}]}<\/script>\n<!-- \/ Yoast SEO plugin. -->","yoast_head_json":{"title":"Accommodation - J\u00f6nk\u00f6ping Marathon","robots":{"index":"index","follow":"follow","max-snippet":"max-snippet:-1","max-image-preview":"max-image-preview:large","max-video-preview":"max-video-preview:-1"},"canonical":"https:\/\/jonkopingmarathon.se\/en\/accommodation\/","og_locale":"en_US","og_type":"article","og_title":"Accommodation - J\u00f6nk\u00f6ping Marathon","og_description":"All runners and exhibitors have reduced prices with our partner. Elite Stora Hotellet is located in one of J\u00f6nk\u00f6ping&#8217;s most beautiful buildings, on the southern shore of Lake V\u00e4ttern . The hotel has undergone a major extension and renovation and has a total of 167 rooms. We want our runners, partners and exhibitors to have [...]","og_url":"https:\/\/jonkopingmarathon.se\/en\/accommodation\/","og_site_name":"J\u00f6nk\u00f6ping Marathon","article_publisher":"https:\/\/www.facebook.com\/stadenarredo","article_modified_time":"2025-10-03T07:12:52+00:00","og_image":[{"url":"https:\/\/jonkopingmarathon.se\/wp-content\/uploads\/2022\/04\/Jonkoping-Elite-Stora-Hotellet.png","type":"","width":"","height":""}],"twitter_card":"summary_large_image","twitter_misc":{"Est. reading time":"1 minute"},"schema":{"@context":"https:\/\/schema.org","@graph":[{"@type":"WebPage","@id":"https:\/\/jonkopingmarathon.se\/en\/accommodation\/","url":"https:\/\/jonkopingmarathon.se\/en\/accommodation\/","name":"Accommodation - J\u00f6nk\u00f6ping Marathon","isPartOf":{"@id":"https:\/\/jonkopingmarathon.se\/en\/#website"},"primaryImageOfPage":{"@id":"https:\/\/jonkopingmarathon.se\/en\/accommodation\/#primaryimage"},"image":{"@id":"https:\/\/jonkopingmarathon.se\/en\/accommodation\/#primaryimage"},"thumbnailUrl":"https:\/\/jonkopingmarathon.se\/wp-content\/uploads\/2022\/04\/Jonkoping-Elite-Stora-Hotellet.png","datePublished":"2018-06-12T14:22:40+00:00","dateModified":"2025-10-03T07:12:52+00:00","breadcrumb":{"@id":"https:\/\/jonkopingmarathon.se\/en\/accommodation\/#breadcrumb"},"inLanguage":"en-US","potentialAction":[{"@type":"ReadAction","target":["https:\/\/jonkopingmarathon.se\/en\/accommodation\/"]}]},{"@type":"ImageObject","inLanguage":"en-US","@id":"https:\/\/jonkopingmarathon.se\/en\/accommodation\/#primaryimage","url":"https:\/\/jonkopingmarathon.se\/wp-content\/uploads\/2022\/04\/Jonkoping-Elite-Stora-Hotellet.png","contentUrl":"https:\/\/jonkopingmarathon.se\/wp-content\/uploads\/2022\/04\/Jonkoping-Elite-Stora-Hotellet.png"},{"@type":"BreadcrumbList","@id":"https:\/\/jonkopingmarathon.se\/en\/accommodation\/#breadcrumb","itemListElement":[{"@type":"ListItem","position":1,"name":"Start","item":"https:\/\/jonkopingmarathon.se\/en\/"},{"@type":"ListItem","position":2,"name":"Accommodation"}]},{"@type":"WebSite","@id":"https:\/\/jonkopingmarathon.se\/en\/#website","url":"https:\/\/jonkopingmarathon.se\/en\/","name":"J\u00f6nk\u00f6ping Marathon","description":"jonkopingmarathon.se","publisher":{"@id":"https:\/\/jonkopingmarathon.se\/en\/#organization"},"potentialAction":[{"@type":"SearchAction","target":{"@type":"EntryPoint","urlTemplate":"https:\/\/jonkopingmarathon.se\/en\/?s={search_term_string}"},"query-input":{"@type":"PropertyValueSpecification","valueRequired":true,"valueName":"search_term_string"}}],"inLanguage":"en-US"},{"@type":"Organization","@id":"https:\/\/jonkopingmarathon.se\/en\/#organization","name":"J\u00f6nk\u00f6ping Marathon","url":"https:\/\/jonkopingmarathon.se\/en\/","logo":{"@type":"ImageObject","inLanguage":"en-US","@id":"https:\/\/jonkopingmarathon.se\/en\/#\/schema\/logo\/image\/","url":"https:\/\/jonkopingmarathon.se\/wp-content\/uploads\/2024\/01\/OG_IMAGE_JonkopingMarathon.jpg","contentUrl":"https:\/\/jonkopingmarathon.se\/wp-content\/uploads\/2024\/01\/OG_IMAGE_JonkopingMarathon.jpg","width":1200,"height":630,"caption":"J\u00f6nk\u00f6ping Marathon"},"image":{"@id":"https:\/\/jonkopingmarathon.se\/en\/#\/schema\/logo\/image\/"},"sameAs":["https:\/\/www.facebook.com\/stadenarredo","https:\/\/www.instagram.com\/jonkopingmarathon\/","https:\/\/www.youtube.com\/channel\/UCbXk-FxL8Z1K_OdthfGt-YA"]}]}},"_links":{"self":[{"href":"https:\/\/jonkopingmarathon.se\/en\/wp-json\/wp\/v2\/pages\/42281","targetHints":{"allow":["GET"]}}],"collection":[{"href":"https:\/\/jonkopingmarathon.se\/en\/wp-json\/wp\/v2\/pages"}],"about":[{"href":"https:\/\/jonkopingmarathon.se\/en\/wp-json\/wp\/v2\/types\/page"}],"author":[{"embeddable":true,"href":"https:\/\/jonkopingmarathon.se\/en\/wp-json\/wp\/v2\/users\/21"}],"replies":[{"embeddable":true,"href":"https:\/\/jonkopingmarathon.se\/en\/wp-json\/wp\/v2\/comments?post=42281"}],"version-history":[{"count":2,"href":"https:\/\/jonkopingmarathon.se\/en\/wp-json\/wp\/v2\/pages\/42281\/revisions"}],"predecessor-version":[{"id":61145,"href":"https:\/\/jonkopingmarathon.se\/en\/wp-json\/wp\/v2\/pages\/42281\/revisions\/61145"}],"wp:attachment":[{"href":"https:\/\/jonkopingmarathon.se\/en\/wp-json\/wp\/v2\/media?parent=42281"}],"curies":[{"name":"wp","href":"https:\/\/api.w.org\/{rel}","templated":true}]}}