{"id":42450,"date":"2022-09-22T18:30:05","date_gmt":"2022-09-22T16:30:05","guid":{"rendered":"https:\/\/jonkopingmarathon.se\/half-marathon\/"},"modified":"2025-09-02T11:51:57","modified_gmt":"2025-09-02T09:51:57","slug":"half-marathon","status":"publish","type":"page","link":"https:\/\/jonkopingmarathon.se\/en\/half-marathon\/","title":{"rendered":"Half Marathon"},"content":{"rendered":"\n<h2><strong>J\u00f6nk\u00f6ping Half Marathon<\/strong><\/h2>\n<h4>Run 21,097.5 metres through beautiful J\u00f6nk\u00f6ping<\/h4>\n<p>Get ready for the ninth edition of J\u00f6nk\u00f6ping Half Marathon on  <span>29. august 2026<\/span><\/p>\n<p>J\u00f6nk\u00f6ping Half Marathon offers many beautiful views along the V\u00e4ttern, J\u00f6nk\u00f6ping and Huskvarna. You run large parts of the race that existed in the 80s and end with a mighty finish in the middle of the Munksj\u00f6 Bridge.<\/p>\n<div class=\"column-wrap\">\n<div class=\"fakta halv-column\">\n<table>\n<tbody><tr><td><span class=\"label\">Date:<\/span><\/td><td><span>29. august 2026<\/span><\/td><\/tr>\n<tr><td><span class=\"label\">Time:<\/span><\/td><td>10:00<\/td><\/tr>\n<tr><td><span class=\"label\">Location:<\/span><\/td><td>Munksj\u00f6 Bridge<\/td><\/tr>\n<tr><td><span class=\"label\">Maximum time:<\/span><\/td><td>3 hours *<\/td><\/tr>\n<tr><td><span class=\"label\">Price:<\/span><\/td><td>895 SEK<\/td><\/tr>\n<tr><td><span class=\"label\">Distance:<\/span><\/td><td>21,097.5 meters<\/td><\/tr>\n<tr><td><span class=\"label\">Hydration stations:<\/span><\/td><td>6<\/td><\/tr>\n<tr><td><span class=\"label\">Age:<\/span><\/td><td>17 years +<\/td><\/tr>\n<tr><td><span class=\"label\">Hashtag:<\/span><\/td><td>#j\u00f6nk\u00f6pinghalfmarathon<\/td><\/tr>\n<\/tbody><\/table>\n<p style=\"font-size: 13px; font-style: italic;\">* Read more about maximum time under <a href=\"https:\/\/jonkopingmarathon.se\/en\/faq\/\">FAQ<\/a><\/p>\n<div class=\"register-wrap\"><p><a class=\"action button large\" href=\"\/en\/registration-form\/\" target=\"_blank\" rel=\"noopener\">Register<\/a><\/p>\n<p>You can register up to 5 runners at the same time. To register more then 5 runners go to <a  target=\"_blank\" href=\"https:\/\/jonkopingmarathon.se\/en\/group-registration\/\">group registration<\/a>.\nRead <a href=\"https:\/\/jonkopingmarathon.se\/en\/terms\/\">our terms<\/a> before you register.<\/p><\/div>\n<\/div>\n<div class=\"halv-column\"><img decoding=\"async\" class=\"alignnone wp-image-29769 size-full\" src=\"\/wp-content\/uploads\/2024\/09\/JM_half_marathon_2024_square.jpg\" alt=\"J\u00f6nk\u00f6ping Half Marathon\"\/><\/div>\n<\/div>\n<h2>Registration fee includes<\/h2>\n<ul>\n<li>Energy and hydration stations along the track, water, Umara U Sport sports drink (lemon flavor), pickles and banana<\/li>\n<li>Electronic timing with a chip (on the bib)<\/li>\n<li>Finisher T-shirt<\/li>\n<li>Lots of snacks<\/li>\n<li>Nice medal at the finish line<\/li>\n<li>Running session where we try the track<\/li>\n<li>A training session with Team Runner&#8217;s HIGH during the competition week. Preparatory session<\/li>\n<\/ul>\n<h2>Optional<\/h2>\n<p>Are you running in groups? Don&#8217;t miss out on booking a tent in the new company village.  \nThe tent is in the start\/finish area and is available in two different sizes:<br\/>\nTent package M &#8211; Up to 16 seats (2 bench sets)\nTent package L &#8211; Up to 32 seats (4 bench sets)<\/p>\n<h2>Facts about J\u00f6nk\u00f6ping Half Marathon<\/h2>\n<strong>Track record<\/strong>\n<p>Men 1:09:22 by Victor Urquhart Sm\u00e5ngs (2023)<br\/>Women 1:21:14 by Karin Spjuth (2023)<\/p>\n<h2>Map Half Marathon<\/h2>\n<p>\nHere you can find <a href=\"https:\/\/jonkopingmarathon.se\/en\/map-half-marathon\/\">an interactive map of the half marathon course<\/a>.<br\/>You can also download <a rel=\"noopener\" href=\"https:\/\/jonkopingmarathon.se\/wp-content\/uploads\/2023\/08\/karta-marathon.pdf\" target=\"_blank\">the map of the half marathon as a PDF<\/a><\/p>\n","protected":false},"excerpt":{"rendered":"<p>Get ready for the ninth edition of J\u00f6nk\u00f6ping Half Marathon on J\u00f6nk\u00f6ping Half Marathon offers many beautiful views along the V\u00e4ttern, J\u00f6nk\u00f6ping and Huskvarna. You run large parts of the race that existed in the 80s and end with a mighty finish in the middle of the Munksj\u00f6 Bridge. Date: Time: Location:Munksj\u00f6 Bridge Maximum time:3 [&#8230;]<\/p>\n","protected":false},"author":17,"featured_media":60200,"parent":0,"menu_order":0,"comment_status":"closed","ping_status":"closed","template":"templates\/race.php","meta":{"_acf_changed":false,"footnotes":""},"class_list":["post-42450","page","type-page","status-publish","has-post-thumbnail","hentry"],"acf":[],"yoast_head":"<!-- This site is optimized with the Yoast SEO plugin v27.4 - https:\/\/yoast.com\/product\/yoast-seo-wordpress\/ -->\n<title>Half Marathon - J\u00f6nk\u00f6ping Marathon<\/title>\n<meta name=\"description\" content=\"Run the half marathon with beautiful views along V\u00e4ttern, Huskvarna and J\u00f6nk\u00f6ping and a mighty finish in the middle of Munksj\u00f6bron.\" \/>\n<meta name=\"robots\" content=\"index, follow, max-snippet:-1, max-image-preview:large, max-video-preview:-1\" \/>\n<link rel=\"canonical\" href=\"https:\/\/jonkopingmarathon.se\/en\/half-marathon\/\" \/>\n<meta property=\"og:locale\" content=\"en_US\" \/>\n<meta property=\"og:type\" content=\"article\" \/>\n<meta property=\"og:title\" content=\"Half Marathon - J\u00f6nk\u00f6ping Marathon\" \/>\n<meta property=\"og:description\" content=\"Run the half marathon with beautiful views along V\u00e4ttern, Huskvarna and J\u00f6nk\u00f6ping and a mighty finish in the middle of Munksj\u00f6bron.\" \/>\n<meta property=\"og:url\" content=\"https:\/\/jonkopingmarathon.se\/en\/half-marathon\/\" \/>\n<meta property=\"og:site_name\" content=\"J\u00f6nk\u00f6ping Marathon\" \/>\n<meta property=\"article:publisher\" content=\"https:\/\/www.facebook.com\/stadenarredo\" \/>\n<meta property=\"article:modified_time\" content=\"2025-09-02T09:51:57+00:00\" \/>\n<meta property=\"og:image\" content=\"https:\/\/jonkopingmarathon.se\/wp-content\/uploads\/2025\/09\/hero_halvmaraton_2025.jpg\" \/>\n\t<meta property=\"og:image:width\" content=\"1279\" \/>\n\t<meta property=\"og:image:height\" content=\"538\" \/>\n\t<meta property=\"og:image:type\" content=\"image\/jpeg\" \/>\n<meta name=\"twitter:card\" content=\"summary_large_image\" \/>\n<meta name=\"twitter:label1\" content=\"Est. reading time\" \/>\n\t<meta name=\"twitter:data1\" content=\"2 minutes\" \/>\n<script type=\"application\/ld+json\" class=\"yoast-schema-graph\">{\"@context\":\"https:\\\/\\\/schema.org\",\"@graph\":[{\"@type\":\"WebPage\",\"@id\":\"https:\\\/\\\/jonkopingmarathon.se\\\/en\\\/half-marathon\\\/\",\"url\":\"https:\\\/\\\/jonkopingmarathon.se\\\/en\\\/half-marathon\\\/\",\"name\":\"Half Marathon - J\u00f6nk\u00f6ping Marathon\",\"isPartOf\":{\"@id\":\"https:\\\/\\\/jonkopingmarathon.se\\\/en\\\/#website\"},\"primaryImageOfPage\":{\"@id\":\"https:\\\/\\\/jonkopingmarathon.se\\\/en\\\/half-marathon\\\/#primaryimage\"},\"image\":{\"@id\":\"https:\\\/\\\/jonkopingmarathon.se\\\/en\\\/half-marathon\\\/#primaryimage\"},\"thumbnailUrl\":\"https:\\\/\\\/jonkopingmarathon.se\\\/wp-content\\\/uploads\\\/2025\\\/09\\\/hero_halvmaraton_2025.jpg\",\"datePublished\":\"2022-09-22T16:30:05+00:00\",\"dateModified\":\"2025-09-02T09:51:57+00:00\",\"description\":\"Run the half marathon with beautiful views along V\u00e4ttern, Huskvarna and J\u00f6nk\u00f6ping and a mighty finish in the middle of Munksj\u00f6bron.\",\"breadcrumb\":{\"@id\":\"https:\\\/\\\/jonkopingmarathon.se\\\/en\\\/half-marathon\\\/#breadcrumb\"},\"inLanguage\":\"en-US\",\"potentialAction\":[{\"@type\":\"ReadAction\",\"target\":[\"https:\\\/\\\/jonkopingmarathon.se\\\/en\\\/half-marathon\\\/\"]}]},{\"@type\":\"ImageObject\",\"inLanguage\":\"en-US\",\"@id\":\"https:\\\/\\\/jonkopingmarathon.se\\\/en\\\/half-marathon\\\/#primaryimage\",\"url\":\"https:\\\/\\\/jonkopingmarathon.se\\\/wp-content\\\/uploads\\\/2025\\\/09\\\/hero_halvmaraton_2025.jpg\",\"contentUrl\":\"https:\\\/\\\/jonkopingmarathon.se\\\/wp-content\\\/uploads\\\/2025\\\/09\\\/hero_halvmaraton_2025.jpg\",\"width\":1279,\"height\":538},{\"@type\":\"BreadcrumbList\",\"@id\":\"https:\\\/\\\/jonkopingmarathon.se\\\/en\\\/half-marathon\\\/#breadcrumb\",\"itemListElement\":[{\"@type\":\"ListItem\",\"position\":1,\"name\":\"Start\",\"item\":\"https:\\\/\\\/jonkopingmarathon.se\\\/en\\\/\"},{\"@type\":\"ListItem\",\"position\":2,\"name\":\"Half Marathon\"}]},{\"@type\":\"WebSite\",\"@id\":\"https:\\\/\\\/jonkopingmarathon.se\\\/en\\\/#website\",\"url\":\"https:\\\/\\\/jonkopingmarathon.se\\\/en\\\/\",\"name\":\"J\u00f6nk\u00f6ping Marathon\",\"description\":\"jonkopingmarathon.se\",\"publisher\":{\"@id\":\"https:\\\/\\\/jonkopingmarathon.se\\\/en\\\/#organization\"},\"potentialAction\":[{\"@type\":\"SearchAction\",\"target\":{\"@type\":\"EntryPoint\",\"urlTemplate\":\"https:\\\/\\\/jonkopingmarathon.se\\\/en\\\/?s={search_term_string}\"},\"query-input\":{\"@type\":\"PropertyValueSpecification\",\"valueRequired\":true,\"valueName\":\"search_term_string\"}}],\"inLanguage\":\"en-US\"},{\"@type\":\"Organization\",\"@id\":\"https:\\\/\\\/jonkopingmarathon.se\\\/en\\\/#organization\",\"name\":\"J\u00f6nk\u00f6ping Marathon\",\"url\":\"https:\\\/\\\/jonkopingmarathon.se\\\/en\\\/\",\"logo\":{\"@type\":\"ImageObject\",\"inLanguage\":\"en-US\",\"@id\":\"https:\\\/\\\/jonkopingmarathon.se\\\/en\\\/#\\\/schema\\\/logo\\\/image\\\/\",\"url\":\"https:\\\/\\\/jonkopingmarathon.se\\\/wp-content\\\/uploads\\\/2024\\\/01\\\/OG_IMAGE_JonkopingMarathon.jpg\",\"contentUrl\":\"https:\\\/\\\/jonkopingmarathon.se\\\/wp-content\\\/uploads\\\/2024\\\/01\\\/OG_IMAGE_JonkopingMarathon.jpg\",\"width\":1200,\"height\":630,\"caption\":\"J\u00f6nk\u00f6ping Marathon\"},\"image\":{\"@id\":\"https:\\\/\\\/jonkopingmarathon.se\\\/en\\\/#\\\/schema\\\/logo\\\/image\\\/\"},\"sameAs\":[\"https:\\\/\\\/www.facebook.com\\\/stadenarredo\",\"https:\\\/\\\/www.instagram.com\\\/jonkopingmarathon\\\/\",\"https:\\\/\\\/www.youtube.com\\\/channel\\\/UCbXk-FxL8Z1K_OdthfGt-YA\"]}]}<\/script>\n<!-- \/ Yoast SEO plugin. -->","yoast_head_json":{"title":"Half Marathon - J\u00f6nk\u00f6ping Marathon","description":"Run the half marathon with beautiful views along V\u00e4ttern, Huskvarna and J\u00f6nk\u00f6ping and a mighty finish in the middle of Munksj\u00f6bron.","robots":{"index":"index","follow":"follow","max-snippet":"max-snippet:-1","max-image-preview":"max-image-preview:large","max-video-preview":"max-video-preview:-1"},"canonical":"https:\/\/jonkopingmarathon.se\/en\/half-marathon\/","og_locale":"en_US","og_type":"article","og_title":"Half Marathon - J\u00f6nk\u00f6ping Marathon","og_description":"Run the half marathon with beautiful views along V\u00e4ttern, Huskvarna and J\u00f6nk\u00f6ping and a mighty finish in the middle of Munksj\u00f6bron.","og_url":"https:\/\/jonkopingmarathon.se\/en\/half-marathon\/","og_site_name":"J\u00f6nk\u00f6ping Marathon","article_publisher":"https:\/\/www.facebook.com\/stadenarredo","article_modified_time":"2025-09-02T09:51:57+00:00","og_image":[{"width":1279,"height":538,"url":"https:\/\/jonkopingmarathon.se\/wp-content\/uploads\/2025\/09\/hero_halvmaraton_2025.jpg","type":"image\/jpeg"}],"twitter_card":"summary_large_image","twitter_misc":{"Est. reading time":"2 minutes"},"schema":{"@context":"https:\/\/schema.org","@graph":[{"@type":"WebPage","@id":"https:\/\/jonkopingmarathon.se\/en\/half-marathon\/","url":"https:\/\/jonkopingmarathon.se\/en\/half-marathon\/","name":"Half Marathon - J\u00f6nk\u00f6ping Marathon","isPartOf":{"@id":"https:\/\/jonkopingmarathon.se\/en\/#website"},"primaryImageOfPage":{"@id":"https:\/\/jonkopingmarathon.se\/en\/half-marathon\/#primaryimage"},"image":{"@id":"https:\/\/jonkopingmarathon.se\/en\/half-marathon\/#primaryimage"},"thumbnailUrl":"https:\/\/jonkopingmarathon.se\/wp-content\/uploads\/2025\/09\/hero_halvmaraton_2025.jpg","datePublished":"2022-09-22T16:30:05+00:00","dateModified":"2025-09-02T09:51:57+00:00","description":"Run the half marathon with beautiful views along V\u00e4ttern, Huskvarna and J\u00f6nk\u00f6ping and a mighty finish in the middle of Munksj\u00f6bron.","breadcrumb":{"@id":"https:\/\/jonkopingmarathon.se\/en\/half-marathon\/#breadcrumb"},"inLanguage":"en-US","potentialAction":[{"@type":"ReadAction","target":["https:\/\/jonkopingmarathon.se\/en\/half-marathon\/"]}]},{"@type":"ImageObject","inLanguage":"en-US","@id":"https:\/\/jonkopingmarathon.se\/en\/half-marathon\/#primaryimage","url":"https:\/\/jonkopingmarathon.se\/wp-content\/uploads\/2025\/09\/hero_halvmaraton_2025.jpg","contentUrl":"https:\/\/jonkopingmarathon.se\/wp-content\/uploads\/2025\/09\/hero_halvmaraton_2025.jpg","width":1279,"height":538},{"@type":"BreadcrumbList","@id":"https:\/\/jonkopingmarathon.se\/en\/half-marathon\/#breadcrumb","itemListElement":[{"@type":"ListItem","position":1,"name":"Start","item":"https:\/\/jonkopingmarathon.se\/en\/"},{"@type":"ListItem","position":2,"name":"Half Marathon"}]},{"@type":"WebSite","@id":"https:\/\/jonkopingmarathon.se\/en\/#website","url":"https:\/\/jonkopingmarathon.se\/en\/","name":"J\u00f6nk\u00f6ping Marathon","description":"jonkopingmarathon.se","publisher":{"@id":"https:\/\/jonkopingmarathon.se\/en\/#organization"},"potentialAction":[{"@type":"SearchAction","target":{"@type":"EntryPoint","urlTemplate":"https:\/\/jonkopingmarathon.se\/en\/?s={search_term_string}"},"query-input":{"@type":"PropertyValueSpecification","valueRequired":true,"valueName":"search_term_string"}}],"inLanguage":"en-US"},{"@type":"Organization","@id":"https:\/\/jonkopingmarathon.se\/en\/#organization","name":"J\u00f6nk\u00f6ping Marathon","url":"https:\/\/jonkopingmarathon.se\/en\/","logo":{"@type":"ImageObject","inLanguage":"en-US","@id":"https:\/\/jonkopingmarathon.se\/en\/#\/schema\/logo\/image\/","url":"https:\/\/jonkopingmarathon.se\/wp-content\/uploads\/2024\/01\/OG_IMAGE_JonkopingMarathon.jpg","contentUrl":"https:\/\/jonkopingmarathon.se\/wp-content\/uploads\/2024\/01\/OG_IMAGE_JonkopingMarathon.jpg","width":1200,"height":630,"caption":"J\u00f6nk\u00f6ping Marathon"},"image":{"@id":"https:\/\/jonkopingmarathon.se\/en\/#\/schema\/logo\/image\/"},"sameAs":["https:\/\/www.facebook.com\/stadenarredo","https:\/\/www.instagram.com\/jonkopingmarathon\/","https:\/\/www.youtube.com\/channel\/UCbXk-FxL8Z1K_OdthfGt-YA"]}]}},"_links":{"self":[{"href":"https:\/\/jonkopingmarathon.se\/en\/wp-json\/wp\/v2\/pages\/42450","targetHints":{"allow":["GET"]}}],"collection":[{"href":"https:\/\/jonkopingmarathon.se\/en\/wp-json\/wp\/v2\/pages"}],"about":[{"href":"https:\/\/jonkopingmarathon.se\/en\/wp-json\/wp\/v2\/types\/page"}],"author":[{"embeddable":true,"href":"https:\/\/jonkopingmarathon.se\/en\/wp-json\/wp\/v2\/users\/17"}],"replies":[{"embeddable":true,"href":"https:\/\/jonkopingmarathon.se\/en\/wp-json\/wp\/v2\/comments?post=42450"}],"version-history":[{"count":2,"href":"https:\/\/jonkopingmarathon.se\/en\/wp-json\/wp\/v2\/pages\/42450\/revisions"}],"predecessor-version":[{"id":59983,"href":"https:\/\/jonkopingmarathon.se\/en\/wp-json\/wp\/v2\/pages\/42450\/revisions\/59983"}],"wp:featuredmedia":[{"embeddable":true,"href":"https:\/\/jonkopingmarathon.se\/en\/wp-json\/wp\/v2\/media\/60200"}],"wp:attachment":[{"href":"https:\/\/jonkopingmarathon.se\/en\/wp-json\/wp\/v2\/media?parent=42450"}],"curies":[{"name":"wp","href":"https:\/\/api.w.org\/{rel}","templated":true}]}}