{"id":42452,"date":"2022-09-22T21:12:28","date_gmt":"2022-09-22T19:12:28","guid":{"rendered":"https:\/\/jonkopingmarathon.se\/marathon\/"},"modified":"2025-10-03T09:55:32","modified_gmt":"2025-10-03T07:55:32","slug":"marathon","status":"publish","type":"page","link":"https:\/\/jonkopingmarathon.se\/en\/marathon\/","title":{"rendered":"Marathon"},"content":{"rendered":"\n<h2><strong>J\u00f6nk\u00f6ping Marathon<\/strong><\/h2>\n<h4>Run 42,195 metres through beautiful J\u00f6nk\u00f6ping<\/h4>\n<p>Get ready for the ninth edition of J\u00f6nk\u00f6ping Marathon on <span>29. august 2026<\/span>.<\/p>\n<p>Our marathon offers many beautiful views along V\u00e4ttern, J\u00f6nk\u00f6ping and Huskvarna. You run large parts of the marathon race that existed in the 80s, around three lakes, through three nature reserves, through J\u00f6nk\u00f6ping&#8217;s city center and finish with a mighty finish in the middle of Munksj\u00f6bron.<\/p>\n<p>Run together with runners from over 60 nations. J\u00f6nk\u00f6ping offers a great audience and our sports clubs and officials will encourage and take care of you along the way. Experience J\u00f6nk\u00f6ping&#8217;s largest international sporting event in terms of the number of runners and be part of the crowd<\/p>\n<div class=\"column-wrap\">\n<div class=\"fakta halv-column\">\n<table>\n<tbody><tr><td><span class=\"label\">Date:<\/span><\/td><td><span>29. august 2026<\/span><\/td><\/tr>\n<tr><td><span class=\"label\">Time:<\/span><\/td><td>10:00<\/td><\/tr>\n<tr><td>\n  <span class=\"label\">Location:<\/span>\n<\/td><td>Munksj\u00f6 Bridge<\/td><\/tr>\n<tr><td>\n  <span class=\"label\">Maximum time:<\/span>\n<\/td><td>6 hours<\/td><\/tr>\n<tr><td><span class=\"label\">Price:<\/span><\/td><td>1095 SEK<\/td><\/tr>\n<tr><td>\n  <span class=\"label\">Distance:<\/span>\n<\/td><td>42,195 meters<\/td><\/tr>\n<tr><td>\n  <span class=\"label\">Hydration stations:<\/span>\n<\/td><td>13<\/td><\/tr>\n<tr><td>\n  <span class=\"label\">Age:<\/span>\n<\/td><td>17 years +<\/td><\/tr>\n<tr><td>\n  <span class=\"label\">Hashtag:<\/span>\n<\/td><td>#j\u00f6nk\u00f6pingmarathon<\/td><\/tr>\n<!--<tr><td><span class=\"label\">Ord. anm\u00e4lan till:<\/span><\/td><td>[jm-marathon-register-until]<\/td><\/tr>\n<tr><td><span class=\"label\">Efteranm\u00e4lan:<\/span><\/td><td>[jm-marathon-late-register-from] - [jm-marathon-late-register-until]<\/td><\/tr>\n<tr><td><span class=\"label\">Anm\u00e4lan lagt\u00e4vling till:<\/span><\/td><td>[jm-marathon-register-until]<\/td><\/tr>\n<tr><td><span class=\"label\">Namnbyte\/distansbyte till:<\/span><\/td><td>[jm-marathon-change-name]<\/td><\/tr>-->\n<\/tbody><\/table>\n<div class=\"register-wrap\"><p><a class=\"action button large\" href=\"\/en\/registration-form\/\" target=\"_blank\" rel=\"noopener\">Register<\/a><\/p>\n    <p>Du kan anm\u00e4la upp till 5 l\u00f6pare samtidigt. F\u00f6r att anm\u00e4la fler \u00e4n 5 l\u00f6pare anv\u00e4nd <a href=\"\/gruppanmalan\/\">gruppanm\u00e4lan<\/a>.\n    L\u00e4s <a href=\"\/anmalningsvillkor\/\">anm\u00e4lningsvillkor<\/a> innan.<\/p><\/div>\n<\/div>\n<div class=\"halv-column\"><img decoding=\"async\" class=\"alignnone wp-image-29769 size-full\" src=\"https:\/\/jonkopingmarathon.se\/wp-content\/uploads\/2025\/09\/marathon_2025.jpg\" alt=\"J\u00f6nk\u00f6ping Marathon\"\/><\/div>\n<\/div>\n<h2>Registration fee includes<\/h2>\n<ul>\n<li>Energy and hydration stations along the track, water, Umara U Sport sports drink (lemon flavor), pickles and banana<\/li>\n<li>Electronic timing with a chip (on the bib)<\/li>\n<li>Finisher T-shirt<\/li>\n<li>Finisher bag with plenty of goodies<\/li>\n<li>Nice medal at the finish line<\/li>\n<li>2 running sessions where we guide you around the track<\/li>\n<li>A training session with Team Runner&#8217;s HIGH during the competition week. Preparatory session<\/li>\n<\/ul><br\/><h2>Optional<\/h2>\n<p>Are you running in groups? Don&#8217;t miss out on booking a tent in the new company village.  \nThe tent is in the start\/finish area and is available in two different sizes:<br\/>\nTent package M &#8211; Up to 16 seats (2 bench sets)\nTent package L &#8211; Up to 32 seats (4 bench sets)<\/p>\n\n<h2>Map J\u00f6nk\u00f6ping Marathon<\/h2>\n<p>\nHere you will find <a href=\"https:\/\/jonkopingmarathon.se\/en\/map-marathon\/\">an interactive map of the marathon course<\/a> with all hydration stations, power zones and elevation profile.\n<\/p>\n<p>You can also download <a href=\"https:\/\/jonkopingmarathon.se\/wp-content\/uploads\/2023\/08\/karta-marathon.pdf\" target=\"_blank\" rel=\"noopener\">the map as a PDF<\/a>.<\/p>\n<p><img loading=\"lazy\" decoding=\"async\" src=\"\/wp-content\/uploads\/2023\/09\/jonkoping_marathon_banprofil_2017-idag.jpg\" alt=\"Elevation profile J\u00f6nk\u00f6ping Marathon 2017 - today\" width=\"1440\" height=\"577\"\/><\/p>\n\n<h2>Facts about the marathon<\/h2>\n<ul>\n<li>Length of the marathon is 42 195 meters<\/li>\n<li>World record men: 2:00:35 by Kelvin Kiptum (2023)<\/li>\n<li>Women&#8217;s world record: 2.09.56 by Ruth Chepngetich (2024)<\/li>\n<li>Swedish record men: 2:07:36 by Suldan Hassan (2020)<\/li>\n<li>Swedish record women: 2:23:41 by Isabellah Andersson (2011)<\/li>\n<li>Snabbaste tiden J\u00f6nk\u00f6ping Marathon: herrar 2:19:30 av Archibald Casteel (2025) och damer 2:44:19 Wilma Modig (2024)<\/li>\n<\/ul>\n","protected":false},"excerpt":{"rendered":"<p>Get ready for the ninth edition of J\u00f6nk\u00f6ping Marathon on . Our marathon offers many beautiful views along V\u00e4ttern, J\u00f6nk\u00f6ping and Huskvarna. You run large parts of the marathon race that existed in the 80s, around three lakes, through three nature reserves, through J\u00f6nk\u00f6ping&#8217;s city center and finish with a mighty finish in the middle [&#8230;]<\/p>\n","protected":false},"author":17,"featured_media":60222,"parent":0,"menu_order":0,"comment_status":"closed","ping_status":"closed","template":"templates\/race.php","meta":{"_acf_changed":false,"footnotes":""},"class_list":["post-42452","page","type-page","status-publish","has-post-thumbnail","hentry"],"acf":[],"yoast_head":"<!-- This site is optimized with the Yoast SEO plugin v27.4 - https:\/\/yoast.com\/product\/yoast-seo-wordpress\/ -->\n<title>Marathon - J\u00f6nk\u00f6ping Marathon<\/title>\n<meta name=\"description\" content=\"Run the marathon together with runners from over 40 nations through beautiful J\u00f6nk\u00f6ping, ending with a powerful finish in the middle of Munksj\u00f6bron.\" \/>\n<meta name=\"robots\" content=\"index, follow, max-snippet:-1, max-image-preview:large, max-video-preview:-1\" \/>\n<link rel=\"canonical\" href=\"https:\/\/jonkopingmarathon.se\/en\/marathon\/\" \/>\n<meta property=\"og:locale\" content=\"en_US\" \/>\n<meta property=\"og:type\" content=\"article\" \/>\n<meta property=\"og:title\" content=\"Marathon - J\u00f6nk\u00f6ping Marathon\" \/>\n<meta property=\"og:description\" content=\"Run the marathon together with runners from over 40 nations through beautiful J\u00f6nk\u00f6ping, ending with a powerful finish in the middle of Munksj\u00f6bron.\" \/>\n<meta property=\"og:url\" content=\"https:\/\/jonkopingmarathon.se\/en\/marathon\/\" \/>\n<meta property=\"og:site_name\" content=\"J\u00f6nk\u00f6ping Marathon\" \/>\n<meta property=\"article:publisher\" content=\"https:\/\/www.facebook.com\/stadenarredo\" \/>\n<meta property=\"article:modified_time\" content=\"2025-10-03T07:55:32+00:00\" \/>\n<meta property=\"og:image\" content=\"https:\/\/jonkopingmarathon.se\/wp-content\/uploads\/2025\/09\/hero_maraton_2025-1.jpg\" \/>\n\t<meta property=\"og:image:width\" content=\"1279\" \/>\n\t<meta property=\"og:image:height\" content=\"508\" \/>\n\t<meta property=\"og:image:type\" content=\"image\/jpeg\" \/>\n<meta name=\"twitter:card\" content=\"summary_large_image\" \/>\n<meta name=\"twitter:label1\" content=\"Est. reading time\" \/>\n\t<meta name=\"twitter:data1\" content=\"2 minutes\" \/>\n<script type=\"application\/ld+json\" class=\"yoast-schema-graph\">{\"@context\":\"https:\\\/\\\/schema.org\",\"@graph\":[{\"@type\":\"WebPage\",\"@id\":\"https:\\\/\\\/jonkopingmarathon.se\\\/en\\\/marathon\\\/\",\"url\":\"https:\\\/\\\/jonkopingmarathon.se\\\/en\\\/marathon\\\/\",\"name\":\"Marathon - J\u00f6nk\u00f6ping Marathon\",\"isPartOf\":{\"@id\":\"https:\\\/\\\/jonkopingmarathon.se\\\/en\\\/#website\"},\"primaryImageOfPage\":{\"@id\":\"https:\\\/\\\/jonkopingmarathon.se\\\/en\\\/marathon\\\/#primaryimage\"},\"image\":{\"@id\":\"https:\\\/\\\/jonkopingmarathon.se\\\/en\\\/marathon\\\/#primaryimage\"},\"thumbnailUrl\":\"https:\\\/\\\/jonkopingmarathon.se\\\/wp-content\\\/uploads\\\/2025\\\/09\\\/hero_maraton_2025-1.jpg\",\"datePublished\":\"2022-09-22T19:12:28+00:00\",\"dateModified\":\"2025-10-03T07:55:32+00:00\",\"description\":\"Run the marathon together with runners from over 40 nations through beautiful J\u00f6nk\u00f6ping, ending with a powerful finish in the middle of Munksj\u00f6bron.\",\"breadcrumb\":{\"@id\":\"https:\\\/\\\/jonkopingmarathon.se\\\/en\\\/marathon\\\/#breadcrumb\"},\"inLanguage\":\"en-US\",\"potentialAction\":[{\"@type\":\"ReadAction\",\"target\":[\"https:\\\/\\\/jonkopingmarathon.se\\\/en\\\/marathon\\\/\"]}]},{\"@type\":\"ImageObject\",\"inLanguage\":\"en-US\",\"@id\":\"https:\\\/\\\/jonkopingmarathon.se\\\/en\\\/marathon\\\/#primaryimage\",\"url\":\"https:\\\/\\\/jonkopingmarathon.se\\\/wp-content\\\/uploads\\\/2025\\\/09\\\/hero_maraton_2025-1.jpg\",\"contentUrl\":\"https:\\\/\\\/jonkopingmarathon.se\\\/wp-content\\\/uploads\\\/2025\\\/09\\\/hero_maraton_2025-1.jpg\",\"width\":1279,\"height\":508},{\"@type\":\"BreadcrumbList\",\"@id\":\"https:\\\/\\\/jonkopingmarathon.se\\\/en\\\/marathon\\\/#breadcrumb\",\"itemListElement\":[{\"@type\":\"ListItem\",\"position\":1,\"name\":\"Start\",\"item\":\"https:\\\/\\\/jonkopingmarathon.se\\\/en\\\/\"},{\"@type\":\"ListItem\",\"position\":2,\"name\":\"Marathon\"}]},{\"@type\":\"WebSite\",\"@id\":\"https:\\\/\\\/jonkopingmarathon.se\\\/en\\\/#website\",\"url\":\"https:\\\/\\\/jonkopingmarathon.se\\\/en\\\/\",\"name\":\"J\u00f6nk\u00f6ping Marathon\",\"description\":\"jonkopingmarathon.se\",\"publisher\":{\"@id\":\"https:\\\/\\\/jonkopingmarathon.se\\\/en\\\/#organization\"},\"potentialAction\":[{\"@type\":\"SearchAction\",\"target\":{\"@type\":\"EntryPoint\",\"urlTemplate\":\"https:\\\/\\\/jonkopingmarathon.se\\\/en\\\/?s={search_term_string}\"},\"query-input\":{\"@type\":\"PropertyValueSpecification\",\"valueRequired\":true,\"valueName\":\"search_term_string\"}}],\"inLanguage\":\"en-US\"},{\"@type\":\"Organization\",\"@id\":\"https:\\\/\\\/jonkopingmarathon.se\\\/en\\\/#organization\",\"name\":\"J\u00f6nk\u00f6ping Marathon\",\"url\":\"https:\\\/\\\/jonkopingmarathon.se\\\/en\\\/\",\"logo\":{\"@type\":\"ImageObject\",\"inLanguage\":\"en-US\",\"@id\":\"https:\\\/\\\/jonkopingmarathon.se\\\/en\\\/#\\\/schema\\\/logo\\\/image\\\/\",\"url\":\"https:\\\/\\\/jonkopingmarathon.se\\\/wp-content\\\/uploads\\\/2024\\\/01\\\/OG_IMAGE_JonkopingMarathon.jpg\",\"contentUrl\":\"https:\\\/\\\/jonkopingmarathon.se\\\/wp-content\\\/uploads\\\/2024\\\/01\\\/OG_IMAGE_JonkopingMarathon.jpg\",\"width\":1200,\"height\":630,\"caption\":\"J\u00f6nk\u00f6ping Marathon\"},\"image\":{\"@id\":\"https:\\\/\\\/jonkopingmarathon.se\\\/en\\\/#\\\/schema\\\/logo\\\/image\\\/\"},\"sameAs\":[\"https:\\\/\\\/www.facebook.com\\\/stadenarredo\",\"https:\\\/\\\/www.instagram.com\\\/jonkopingmarathon\\\/\",\"https:\\\/\\\/www.youtube.com\\\/channel\\\/UCbXk-FxL8Z1K_OdthfGt-YA\"]}]}<\/script>\n<!-- \/ Yoast SEO plugin. -->","yoast_head_json":{"title":"Marathon - J\u00f6nk\u00f6ping Marathon","description":"Run the marathon together with runners from over 40 nations through beautiful J\u00f6nk\u00f6ping, ending with a powerful finish in the middle of Munksj\u00f6bron.","robots":{"index":"index","follow":"follow","max-snippet":"max-snippet:-1","max-image-preview":"max-image-preview:large","max-video-preview":"max-video-preview:-1"},"canonical":"https:\/\/jonkopingmarathon.se\/en\/marathon\/","og_locale":"en_US","og_type":"article","og_title":"Marathon - J\u00f6nk\u00f6ping Marathon","og_description":"Run the marathon together with runners from over 40 nations through beautiful J\u00f6nk\u00f6ping, ending with a powerful finish in the middle of Munksj\u00f6bron.","og_url":"https:\/\/jonkopingmarathon.se\/en\/marathon\/","og_site_name":"J\u00f6nk\u00f6ping Marathon","article_publisher":"https:\/\/www.facebook.com\/stadenarredo","article_modified_time":"2025-10-03T07:55:32+00:00","og_image":[{"width":1279,"height":508,"url":"https:\/\/jonkopingmarathon.se\/wp-content\/uploads\/2025\/09\/hero_maraton_2025-1.jpg","type":"image\/jpeg"}],"twitter_card":"summary_large_image","twitter_misc":{"Est. reading time":"2 minutes"},"schema":{"@context":"https:\/\/schema.org","@graph":[{"@type":"WebPage","@id":"https:\/\/jonkopingmarathon.se\/en\/marathon\/","url":"https:\/\/jonkopingmarathon.se\/en\/marathon\/","name":"Marathon - J\u00f6nk\u00f6ping Marathon","isPartOf":{"@id":"https:\/\/jonkopingmarathon.se\/en\/#website"},"primaryImageOfPage":{"@id":"https:\/\/jonkopingmarathon.se\/en\/marathon\/#primaryimage"},"image":{"@id":"https:\/\/jonkopingmarathon.se\/en\/marathon\/#primaryimage"},"thumbnailUrl":"https:\/\/jonkopingmarathon.se\/wp-content\/uploads\/2025\/09\/hero_maraton_2025-1.jpg","datePublished":"2022-09-22T19:12:28+00:00","dateModified":"2025-10-03T07:55:32+00:00","description":"Run the marathon together with runners from over 40 nations through beautiful J\u00f6nk\u00f6ping, ending with a powerful finish in the middle of Munksj\u00f6bron.","breadcrumb":{"@id":"https:\/\/jonkopingmarathon.se\/en\/marathon\/#breadcrumb"},"inLanguage":"en-US","potentialAction":[{"@type":"ReadAction","target":["https:\/\/jonkopingmarathon.se\/en\/marathon\/"]}]},{"@type":"ImageObject","inLanguage":"en-US","@id":"https:\/\/jonkopingmarathon.se\/en\/marathon\/#primaryimage","url":"https:\/\/jonkopingmarathon.se\/wp-content\/uploads\/2025\/09\/hero_maraton_2025-1.jpg","contentUrl":"https:\/\/jonkopingmarathon.se\/wp-content\/uploads\/2025\/09\/hero_maraton_2025-1.jpg","width":1279,"height":508},{"@type":"BreadcrumbList","@id":"https:\/\/jonkopingmarathon.se\/en\/marathon\/#breadcrumb","itemListElement":[{"@type":"ListItem","position":1,"name":"Start","item":"https:\/\/jonkopingmarathon.se\/en\/"},{"@type":"ListItem","position":2,"name":"Marathon"}]},{"@type":"WebSite","@id":"https:\/\/jonkopingmarathon.se\/en\/#website","url":"https:\/\/jonkopingmarathon.se\/en\/","name":"J\u00f6nk\u00f6ping Marathon","description":"jonkopingmarathon.se","publisher":{"@id":"https:\/\/jonkopingmarathon.se\/en\/#organization"},"potentialAction":[{"@type":"SearchAction","target":{"@type":"EntryPoint","urlTemplate":"https:\/\/jonkopingmarathon.se\/en\/?s={search_term_string}"},"query-input":{"@type":"PropertyValueSpecification","valueRequired":true,"valueName":"search_term_string"}}],"inLanguage":"en-US"},{"@type":"Organization","@id":"https:\/\/jonkopingmarathon.se\/en\/#organization","name":"J\u00f6nk\u00f6ping Marathon","url":"https:\/\/jonkopingmarathon.se\/en\/","logo":{"@type":"ImageObject","inLanguage":"en-US","@id":"https:\/\/jonkopingmarathon.se\/en\/#\/schema\/logo\/image\/","url":"https:\/\/jonkopingmarathon.se\/wp-content\/uploads\/2024\/01\/OG_IMAGE_JonkopingMarathon.jpg","contentUrl":"https:\/\/jonkopingmarathon.se\/wp-content\/uploads\/2024\/01\/OG_IMAGE_JonkopingMarathon.jpg","width":1200,"height":630,"caption":"J\u00f6nk\u00f6ping Marathon"},"image":{"@id":"https:\/\/jonkopingmarathon.se\/en\/#\/schema\/logo\/image\/"},"sameAs":["https:\/\/www.facebook.com\/stadenarredo","https:\/\/www.instagram.com\/jonkopingmarathon\/","https:\/\/www.youtube.com\/channel\/UCbXk-FxL8Z1K_OdthfGt-YA"]}]}},"_links":{"self":[{"href":"https:\/\/jonkopingmarathon.se\/en\/wp-json\/wp\/v2\/pages\/42452","targetHints":{"allow":["GET"]}}],"collection":[{"href":"https:\/\/jonkopingmarathon.se\/en\/wp-json\/wp\/v2\/pages"}],"about":[{"href":"https:\/\/jonkopingmarathon.se\/en\/wp-json\/wp\/v2\/types\/page"}],"author":[{"embeddable":true,"href":"https:\/\/jonkopingmarathon.se\/en\/wp-json\/wp\/v2\/users\/17"}],"replies":[{"embeddable":true,"href":"https:\/\/jonkopingmarathon.se\/en\/wp-json\/wp\/v2\/comments?post=42452"}],"version-history":[{"count":2,"href":"https:\/\/jonkopingmarathon.se\/en\/wp-json\/wp\/v2\/pages\/42452\/revisions"}],"predecessor-version":[{"id":61159,"href":"https:\/\/jonkopingmarathon.se\/en\/wp-json\/wp\/v2\/pages\/42452\/revisions\/61159"}],"wp:featuredmedia":[{"embeddable":true,"href":"https:\/\/jonkopingmarathon.se\/en\/wp-json\/wp\/v2\/media\/60222"}],"wp:attachment":[{"href":"https:\/\/jonkopingmarathon.se\/en\/wp-json\/wp\/v2\/media?parent=42452"}],"curies":[{"name":"wp","href":"https:\/\/api.w.org\/{rel}","templated":true}]}}