{"id":45270,"date":"2023-02-16T16:44:56","date_gmt":"2023-02-16T15:44:56","guid":{"rendered":"https:\/\/jonkopingmarathon.se\/?page_id=45270"},"modified":"2025-10-15T08:23:57","modified_gmt":"2025-10-15T06:23:57","slug":"team-competition","status":"publish","type":"page","link":"https:\/\/jonkopingmarathon.se\/en\/team-competition\/","title":{"rendered":"Team competition"},"content":{"rendered":"\n<div class=\"column-wrap\">\n<div class=\"fakta halv-column\">\n<p>\n<a href=\"\/\/jonkopingmarathon.se\/lagtavling-resultat-10k5k-2025\" target=\"_blank\" rel=\"noopener\">Start list\/Results team competition J\u00f6nk\u00f6ping 10K\/5K 2025<\/a><\/p>\n<p>\n<a href=\"\/\/jonkopingmarathon.se\/lagtavling-resultat-2025\/\" target=\"_blank\" rel=\"noopener\">Start list\/Results team competition Marathon &#038; Half Marathon 2025<\/a><\/p>\n<p>\n<a href=\"\/\/jonkopingmarathon.se\/lagtavling-resultat-10k5k-2024\/\" target=\"_blank\" rel=\"noopener\">Results team competition J\u00f6nk\u00f6ping 10K\/5K 2024<\/a><\/p>\n<a href=\"\/\/jonkopingmarathon.se\/lagtavling-resultat-2024\/\" target=\"_blank\" rel=\"noopener\">Results team competition Marathon &#038; Half Marathon 2024<\/a>\n<a href=\"\/\/jonkopingmarathon.se\/lagtavling-resultat\/\" target=\"_blank\" rel=\"noopener\">Marathon &#038; Half Marathon 2023 team competition results<\/a>\n<p>Sign up with two friends as a team and get a 10% discount on the registration fee and the chance to win great prizes. You don&#8217;t have to run the same distance and you don&#8217;t have to finish all in the same time.<\/p> <p><strong>NOTE<\/strong> Team competition is not the same as Relay. We explain the difference further down the page. Click on the following link if you are interested to read more about our <a target=\"_blank\" href=\"https:\/\/jonkopingmarathon.se\/en\/relay\/\">relay<\/a>)  <\/p>\n<h2>It&#8217;s not the fastest team that wins!<\/h2>\n<h4>Here&#8217;s how you register for the team competition<\/h4>\n<p>Register 3 runners for the J\u00f6nk\u00f6ping Marathon or Half Marathon. Here you can <a href=\"https:\/\/jonkopingmarathon.se\/en\/registration-form\/?team=1\">register for the team competition Marathon &#038; Half Marathon<\/a>.<\/p>\n<p><strong>NEWS<\/strong> &#8211; Now you can also register teams for J\u00f6nk\u00f6ping 10K\/5K. Here you find the <a href=\"https:\/\/jonkopingmarathon.se\/en\/jonkoping-10k-5k\/registration-10k-5k\/?team=1\">registration for the team competition J\u00f6nk\u00f6ping 10K\/5K<\/a>.<\/p> In the registration form, choose TEAM REGISTRATION and enter your team name. You also provide estimated finishing times for each team member. The team that finishes closest to its estimated finishing times wins.<p><strong>You can change your times up to 30 days before the race.<\/strong><\/p>\n<p><a class=\"action button large\" href=\"https:\/\/jonkopingmarathon.se\/en\/registration-form\/?team=1\">Register your team<\/a><\/p>\n<p><a class=\"action button large\" style=\"line-height: 30px\" href=\"https:\/\/jonkopingmarathon.se\/en\/jonkoping-10k-5k\/registration-10k-5k\/?team=1\">Register your team for 10K\/5K<\/a><br\/>The last day to register your team for J\u00f6nk\u00f6ping 10K\/5K is October 12, 2025.<\/p>\n\n<h4>How the winning team is selected<\/h4>\n<p>For every second the runner&#8217;s finishing time is different from their estimated finishing time, the team receives two penalty points (if the runner is running a half marathon or 5K) or one penalty point (if the runner is running a marathon or 10K). The team with the LOWEST number of points wins. If several teams score the same number of points, the faster team goes first. It is not allowed to stop before the finish line or along the course to wait for your estimated time. All team members must finish before the maximum time (Marathon: 6 hours, Half marathon: 3 hours, 10K: 90 minutes, 5K: 45 minutes) <\/p>\n<h4>Prizes Marathon &#038; Half Marathon<\/h4>\n<ul>\n<li><strong>1st prize:<\/strong> 3x product from (surprise) <a href=\"https:\/\/www.polar.com\/sv\" target=\"_blank\" rel=\"noopener\">POLAR<\/a> + 3x entry to J\u00f6nk\u00f6ping Marathon &#038; Half Marathon 2026<\/li>\n<li><strong>2nd prize:<\/strong> 3x massage gun <a href=\"https:\/\/www.optimalrecovery.se\/\" target=\"_blank\" rel=\"noopener\">OPTIMAL RECOVERY<\/a> + 3x starting place for J\u00f6nk\u00f6ping 10K\/5K 2025<\/li>\n<li><strong>3rd prize:<\/strong> 3x nice prize from our partners + 3x starting place to J\u00f6nk\u00f6ping 10K\/5K 2025<\/li>\n<\/ul>\n<h4>Prizes 10K\/5K<\/h4>\n<ul>\n<li><strong>1st prize:<\/strong> 3x massage gun <a href=\"https:\/\/www.optimalrecovery.se\/\" target=\"_blank\" rel=\"noopener\">OPTIMAL RECOVERY<\/a> + 3x starting place for J\u00f6nk\u00f6ping 10K\/5K 2026<\/li>\n<li>Second and third place also bring great prizes from our sponsors.<\/li>\n<\/ul>\n<h4>Draw<\/h4>\n<p>If you haven&#8217;t won any of the prizes above, you are in the draw for starting places and other great prizes from our sponsors and partners. The award ceremony and prize draw will take place after the race and the winners will be notified by email and social media.<\/p>\n<h4>Already registered?<\/h4>\n<p>If you have already registered, we will help you put together a team afterwards. Please contact us at petra@jonkopingmarathon.se and give us your team name, team members and your estimated times. Only new registrations receive a 10% discount on the registration fee. <\/p>\n<h2>What is the difference between the team competition and the relay?<\/h2>\n<p>In <strong>the team competition<\/strong>, a team consists of exactly 3 runners where each runner runs the full distance of the race (5K, 10K, half marathon or marathon) and each runner has an individual result recorded. Runners do not have to run the same distance. In addition, members estimate their individual finishing time at registration and the difference with actual results is calculated. Teams with the smallest difference win.    <\/p>\n<p>In <strong>relay<\/strong> races, a team consists of 2 to 4 runners where each runner runs one or more parts of the distance (half marathon or marathon) and only the team&#8217;s name and result are displayed in the results list (the runners&#8217; names are not recorded). The winner is the fastest team in each class (WOMEN, MEN, MIXED, COMPANY). Here you can read more about our <a href=\"https:\/\/jonkopingmarathon.se\/en\/relay\/\">relay<\/a>  \n<\/p>\n<!--<h4>Ladda inf\u00f6r loppet p\u00e5 Hooks herrg\u00e5rd<\/h4>\n<p><strong>Lag som anm\u00e4ler sig f\u00f6re 4. juni <\/strong> ing\u00e5r i utlottning av dagspa f\u00f6r alla lagmedlemmar p\u00e5 <a href=\"https:\/\/www.hooksherrgard.se\/\" target=\"_blank\" rel=\"noopener\">Hooks herrg\u00e5rd<\/a>. Ladda f\u00f6re loppet eller koppla av efter\u00e5t p\u00e5 en av Sveriges b\u00e4sta spaanl\u00e4ggningar.<\/p>-->\n\n<\/div>\n<div class=\"halv-column\">\n<img decoding=\"async\" src=\"\/wp-content\/uploads\/2023\/12\/lagtavling.jpg\" alt=\"Team competition\"\/><br\/><br\/><h2>Prices J\u00f6nk\u00f6ping Marathon &#038; Half Marathon<\/h2>\n<img decoding=\"async\" src=\"\/wp-content\/uploads\/2023\/02\/pris_polar_loparklockjpg.jpg\" alt=\"First prize running watch from POLAR for all team members\"\/>\n<img decoding=\"async\" src=\"\/wp-content\/uploads\/2023\/02\/pris_optimal_recovery_massagepistoler.jpg\" alt=\"Second prize massage gun from Optimal Recovery to everyone in the team\"\/>\n<\/div>\n<\/div>\n","protected":false},"excerpt":{"rendered":"<p>Start list\/Results team competition J\u00f6nk\u00f6ping 10K\/5K 2025 Start list\/Results team competition Marathon &#038; Half Marathon 2025 Results team competition J\u00f6nk\u00f6ping 10K\/5K 2024 Results team competition Marathon &#038; Half Marathon 2024 Marathon &#038; Half Marathon 2023 team competition results Sign up with two friends as a team and get a 10% discount on the registration fee [&#8230;]<\/p>\n","protected":false},"author":17,"featured_media":46286,"parent":0,"menu_order":0,"comment_status":"closed","ping_status":"closed","template":"","meta":{"_acf_changed":false,"footnotes":""},"class_list":["post-45270","page","type-page","status-publish","has-post-thumbnail","hentry"],"acf":[],"yoast_head":"<!-- This site is optimized with the Yoast SEO plugin v27.4 - https:\/\/yoast.com\/product\/yoast-seo-wordpress\/ -->\n<title>Team competition - J\u00f6nk\u00f6ping Marathon<\/title>\n<meta name=\"description\" content=\"Sign up for our team competition and get a 10% discount on the registration fee and the chance to win great prizes. It&#039;s not the fastest team that wins.\" \/>\n<meta name=\"robots\" content=\"index, follow, max-snippet:-1, max-image-preview:large, max-video-preview:-1\" \/>\n<link rel=\"canonical\" href=\"https:\/\/jonkopingmarathon.se\/en\/team-competition\/\" \/>\n<meta property=\"og:locale\" content=\"en_US\" \/>\n<meta property=\"og:type\" content=\"article\" \/>\n<meta property=\"og:title\" content=\"Team competition - J\u00f6nk\u00f6ping Marathon\" \/>\n<meta property=\"og:description\" content=\"Sign up for our team competition and get a 10% discount on the registration fee and the chance to win great prizes. It&#039;s not the fastest team that wins.\" \/>\n<meta property=\"og:url\" content=\"https:\/\/jonkopingmarathon.se\/en\/team-competition\/\" \/>\n<meta property=\"og:site_name\" content=\"J\u00f6nk\u00f6ping Marathon\" \/>\n<meta property=\"article:publisher\" content=\"https:\/\/www.facebook.com\/stadenarredo\" \/>\n<meta property=\"article:modified_time\" content=\"2025-10-15T06:23:57+00:00\" \/>\n<meta property=\"og:image\" content=\"https:\/\/jonkopingmarathon.se\/wp-content\/uploads\/2023\/03\/huvudbild_lagtavling_jonkoping_marathon.jpg\" \/>\n\t<meta property=\"og:image:width\" content=\"1800\" \/>\n\t<meta property=\"og:image:height\" content=\"683\" \/>\n\t<meta property=\"og:image:type\" content=\"image\/jpeg\" \/>\n<meta name=\"twitter:card\" content=\"summary_large_image\" \/>\n<meta name=\"twitter:label1\" content=\"Est. reading time\" \/>\n\t<meta name=\"twitter:data1\" content=\"3 minutes\" \/>\n<script type=\"application\/ld+json\" class=\"yoast-schema-graph\">{\"@context\":\"https:\\\/\\\/schema.org\",\"@graph\":[{\"@type\":\"WebPage\",\"@id\":\"https:\\\/\\\/jonkopingmarathon.se\\\/en\\\/team-competition\\\/\",\"url\":\"https:\\\/\\\/jonkopingmarathon.se\\\/en\\\/team-competition\\\/\",\"name\":\"Team competition - J\u00f6nk\u00f6ping Marathon\",\"isPartOf\":{\"@id\":\"https:\\\/\\\/jonkopingmarathon.se\\\/en\\\/#website\"},\"primaryImageOfPage\":{\"@id\":\"https:\\\/\\\/jonkopingmarathon.se\\\/en\\\/team-competition\\\/#primaryimage\"},\"image\":{\"@id\":\"https:\\\/\\\/jonkopingmarathon.se\\\/en\\\/team-competition\\\/#primaryimage\"},\"thumbnailUrl\":\"https:\\\/\\\/jonkopingmarathon.se\\\/wp-content\\\/uploads\\\/2023\\\/03\\\/huvudbild_lagtavling_jonkoping_marathon.jpg\",\"datePublished\":\"2023-02-16T15:44:56+00:00\",\"dateModified\":\"2025-10-15T06:23:57+00:00\",\"description\":\"Sign up for our team competition and get a 10% discount on the registration fee and the chance to win great prizes. It's not the fastest team that wins.\",\"breadcrumb\":{\"@id\":\"https:\\\/\\\/jonkopingmarathon.se\\\/en\\\/team-competition\\\/#breadcrumb\"},\"inLanguage\":\"en-US\",\"potentialAction\":[{\"@type\":\"ReadAction\",\"target\":[\"https:\\\/\\\/jonkopingmarathon.se\\\/en\\\/team-competition\\\/\"]}]},{\"@type\":\"ImageObject\",\"inLanguage\":\"en-US\",\"@id\":\"https:\\\/\\\/jonkopingmarathon.se\\\/en\\\/team-competition\\\/#primaryimage\",\"url\":\"https:\\\/\\\/jonkopingmarathon.se\\\/wp-content\\\/uploads\\\/2023\\\/03\\\/huvudbild_lagtavling_jonkoping_marathon.jpg\",\"contentUrl\":\"https:\\\/\\\/jonkopingmarathon.se\\\/wp-content\\\/uploads\\\/2023\\\/03\\\/huvudbild_lagtavling_jonkoping_marathon.jpg\",\"width\":1800,\"height\":683},{\"@type\":\"BreadcrumbList\",\"@id\":\"https:\\\/\\\/jonkopingmarathon.se\\\/en\\\/team-competition\\\/#breadcrumb\",\"itemListElement\":[{\"@type\":\"ListItem\",\"position\":1,\"name\":\"Start\",\"item\":\"https:\\\/\\\/jonkopingmarathon.se\\\/en\\\/\"},{\"@type\":\"ListItem\",\"position\":2,\"name\":\"Team competition\"}]},{\"@type\":\"WebSite\",\"@id\":\"https:\\\/\\\/jonkopingmarathon.se\\\/en\\\/#website\",\"url\":\"https:\\\/\\\/jonkopingmarathon.se\\\/en\\\/\",\"name\":\"J\u00f6nk\u00f6ping Marathon\",\"description\":\"jonkopingmarathon.se\",\"publisher\":{\"@id\":\"https:\\\/\\\/jonkopingmarathon.se\\\/en\\\/#organization\"},\"potentialAction\":[{\"@type\":\"SearchAction\",\"target\":{\"@type\":\"EntryPoint\",\"urlTemplate\":\"https:\\\/\\\/jonkopingmarathon.se\\\/en\\\/?s={search_term_string}\"},\"query-input\":{\"@type\":\"PropertyValueSpecification\",\"valueRequired\":true,\"valueName\":\"search_term_string\"}}],\"inLanguage\":\"en-US\"},{\"@type\":\"Organization\",\"@id\":\"https:\\\/\\\/jonkopingmarathon.se\\\/en\\\/#organization\",\"name\":\"J\u00f6nk\u00f6ping Marathon\",\"url\":\"https:\\\/\\\/jonkopingmarathon.se\\\/en\\\/\",\"logo\":{\"@type\":\"ImageObject\",\"inLanguage\":\"en-US\",\"@id\":\"https:\\\/\\\/jonkopingmarathon.se\\\/en\\\/#\\\/schema\\\/logo\\\/image\\\/\",\"url\":\"https:\\\/\\\/jonkopingmarathon.se\\\/wp-content\\\/uploads\\\/2024\\\/01\\\/OG_IMAGE_JonkopingMarathon.jpg\",\"contentUrl\":\"https:\\\/\\\/jonkopingmarathon.se\\\/wp-content\\\/uploads\\\/2024\\\/01\\\/OG_IMAGE_JonkopingMarathon.jpg\",\"width\":1200,\"height\":630,\"caption\":\"J\u00f6nk\u00f6ping Marathon\"},\"image\":{\"@id\":\"https:\\\/\\\/jonkopingmarathon.se\\\/en\\\/#\\\/schema\\\/logo\\\/image\\\/\"},\"sameAs\":[\"https:\\\/\\\/www.facebook.com\\\/stadenarredo\",\"https:\\\/\\\/www.instagram.com\\\/jonkopingmarathon\\\/\",\"https:\\\/\\\/www.youtube.com\\\/channel\\\/UCbXk-FxL8Z1K_OdthfGt-YA\"]}]}<\/script>\n<!-- \/ Yoast SEO plugin. -->","yoast_head_json":{"title":"Team competition - J\u00f6nk\u00f6ping Marathon","description":"Sign up for our team competition and get a 10% discount on the registration fee and the chance to win great prizes. It's not the fastest team that wins.","robots":{"index":"index","follow":"follow","max-snippet":"max-snippet:-1","max-image-preview":"max-image-preview:large","max-video-preview":"max-video-preview:-1"},"canonical":"https:\/\/jonkopingmarathon.se\/en\/team-competition\/","og_locale":"en_US","og_type":"article","og_title":"Team competition - J\u00f6nk\u00f6ping Marathon","og_description":"Sign up for our team competition and get a 10% discount on the registration fee and the chance to win great prizes. It's not the fastest team that wins.","og_url":"https:\/\/jonkopingmarathon.se\/en\/team-competition\/","og_site_name":"J\u00f6nk\u00f6ping Marathon","article_publisher":"https:\/\/www.facebook.com\/stadenarredo","article_modified_time":"2025-10-15T06:23:57+00:00","og_image":[{"width":1800,"height":683,"url":"https:\/\/jonkopingmarathon.se\/wp-content\/uploads\/2023\/03\/huvudbild_lagtavling_jonkoping_marathon.jpg","type":"image\/jpeg"}],"twitter_card":"summary_large_image","twitter_misc":{"Est. reading time":"3 minutes"},"schema":{"@context":"https:\/\/schema.org","@graph":[{"@type":"WebPage","@id":"https:\/\/jonkopingmarathon.se\/en\/team-competition\/","url":"https:\/\/jonkopingmarathon.se\/en\/team-competition\/","name":"Team competition - J\u00f6nk\u00f6ping Marathon","isPartOf":{"@id":"https:\/\/jonkopingmarathon.se\/en\/#website"},"primaryImageOfPage":{"@id":"https:\/\/jonkopingmarathon.se\/en\/team-competition\/#primaryimage"},"image":{"@id":"https:\/\/jonkopingmarathon.se\/en\/team-competition\/#primaryimage"},"thumbnailUrl":"https:\/\/jonkopingmarathon.se\/wp-content\/uploads\/2023\/03\/huvudbild_lagtavling_jonkoping_marathon.jpg","datePublished":"2023-02-16T15:44:56+00:00","dateModified":"2025-10-15T06:23:57+00:00","description":"Sign up for our team competition and get a 10% discount on the registration fee and the chance to win great prizes. It's not the fastest team that wins.","breadcrumb":{"@id":"https:\/\/jonkopingmarathon.se\/en\/team-competition\/#breadcrumb"},"inLanguage":"en-US","potentialAction":[{"@type":"ReadAction","target":["https:\/\/jonkopingmarathon.se\/en\/team-competition\/"]}]},{"@type":"ImageObject","inLanguage":"en-US","@id":"https:\/\/jonkopingmarathon.se\/en\/team-competition\/#primaryimage","url":"https:\/\/jonkopingmarathon.se\/wp-content\/uploads\/2023\/03\/huvudbild_lagtavling_jonkoping_marathon.jpg","contentUrl":"https:\/\/jonkopingmarathon.se\/wp-content\/uploads\/2023\/03\/huvudbild_lagtavling_jonkoping_marathon.jpg","width":1800,"height":683},{"@type":"BreadcrumbList","@id":"https:\/\/jonkopingmarathon.se\/en\/team-competition\/#breadcrumb","itemListElement":[{"@type":"ListItem","position":1,"name":"Start","item":"https:\/\/jonkopingmarathon.se\/en\/"},{"@type":"ListItem","position":2,"name":"Team competition"}]},{"@type":"WebSite","@id":"https:\/\/jonkopingmarathon.se\/en\/#website","url":"https:\/\/jonkopingmarathon.se\/en\/","name":"J\u00f6nk\u00f6ping Marathon","description":"jonkopingmarathon.se","publisher":{"@id":"https:\/\/jonkopingmarathon.se\/en\/#organization"},"potentialAction":[{"@type":"SearchAction","target":{"@type":"EntryPoint","urlTemplate":"https:\/\/jonkopingmarathon.se\/en\/?s={search_term_string}"},"query-input":{"@type":"PropertyValueSpecification","valueRequired":true,"valueName":"search_term_string"}}],"inLanguage":"en-US"},{"@type":"Organization","@id":"https:\/\/jonkopingmarathon.se\/en\/#organization","name":"J\u00f6nk\u00f6ping Marathon","url":"https:\/\/jonkopingmarathon.se\/en\/","logo":{"@type":"ImageObject","inLanguage":"en-US","@id":"https:\/\/jonkopingmarathon.se\/en\/#\/schema\/logo\/image\/","url":"https:\/\/jonkopingmarathon.se\/wp-content\/uploads\/2024\/01\/OG_IMAGE_JonkopingMarathon.jpg","contentUrl":"https:\/\/jonkopingmarathon.se\/wp-content\/uploads\/2024\/01\/OG_IMAGE_JonkopingMarathon.jpg","width":1200,"height":630,"caption":"J\u00f6nk\u00f6ping Marathon"},"image":{"@id":"https:\/\/jonkopingmarathon.se\/en\/#\/schema\/logo\/image\/"},"sameAs":["https:\/\/www.facebook.com\/stadenarredo","https:\/\/www.instagram.com\/jonkopingmarathon\/","https:\/\/www.youtube.com\/channel\/UCbXk-FxL8Z1K_OdthfGt-YA"]}]}},"_links":{"self":[{"href":"https:\/\/jonkopingmarathon.se\/en\/wp-json\/wp\/v2\/pages\/45270","targetHints":{"allow":["GET"]}}],"collection":[{"href":"https:\/\/jonkopingmarathon.se\/en\/wp-json\/wp\/v2\/pages"}],"about":[{"href":"https:\/\/jonkopingmarathon.se\/en\/wp-json\/wp\/v2\/types\/page"}],"author":[{"embeddable":true,"href":"https:\/\/jonkopingmarathon.se\/en\/wp-json\/wp\/v2\/users\/17"}],"replies":[{"embeddable":true,"href":"https:\/\/jonkopingmarathon.se\/en\/wp-json\/wp\/v2\/comments?post=45270"}],"version-history":[{"count":2,"href":"https:\/\/jonkopingmarathon.se\/en\/wp-json\/wp\/v2\/pages\/45270\/revisions"}],"predecessor-version":[{"id":61552,"href":"https:\/\/jonkopingmarathon.se\/en\/wp-json\/wp\/v2\/pages\/45270\/revisions\/61552"}],"wp:featuredmedia":[{"embeddable":true,"href":"https:\/\/jonkopingmarathon.se\/en\/wp-json\/wp\/v2\/media\/46286"}],"wp:attachment":[{"href":"https:\/\/jonkopingmarathon.se\/en\/wp-json\/wp\/v2\/media?parent=45270"}],"curies":[{"name":"wp","href":"https:\/\/api.w.org\/{rel}","templated":true}]}}