{"id":49877,"date":"2023-09-15T10:48:26","date_gmt":"2023-09-15T08:48:26","guid":{"rendered":"https:\/\/jonkopingmarathon.se\/jonkoping-10k-5k\/faq-10k-5k\/"},"modified":"2025-10-03T09:36:37","modified_gmt":"2025-10-03T07:36:37","slug":"faq-10k-5k","status":"publish","type":"page","link":"https:\/\/jonkopingmarathon.se\/en\/jonkoping-10k-5k\/faq-10k-5k\/","title":{"rendered":"Frequently asked questions about J\u00f6nk\u00f6ping 10K\/5K"},"content":{"rendered":"\n<h2>Registration<\/h2>\n<div class=\"faq-group\">\n<article class=\"drawer\" itemscope=\"\" itemprop=\"mainEntity\" itemtype=\"https:\/\/schema.org\/Question\">\n<h3 itemprop=\"name\">What is the age limit?<\/h3>\n<div class=\"content\" itemscope=\"\" itemprop=\"acceptedAnswer\" itemtype=\"https:\/\/schema.org\/Answer\">\n<div itemprop=\"text\">\n<p>According to the rules of the Swedish Athletics Federation, there are no age limits for participation in races shorter than the half marathon.<\/p><\/div><\/div><\/article>\n<article class=\"drawer\" itemscope=\"\" itemprop=\"mainEntity\" itemtype=\"https:\/\/schema.org\/Question\">\n<h3 itemprop=\"name\">When does registration close?<\/h3>\n<div class=\"content\" itemscope=\"\" itemprop=\"acceptedAnswer\" itemtype=\"https:\/\/schema.org\/Answer\">\n<div itemprop=\"text\">\n<p>Registration for J\u00f6nk\u00f6ping 10K\/5K closes on <span>13. october 2026<\/span> at 23:00. After <span>13. october 2026<\/span> it is not possible to register via the website. If there is room, you can register on site at the bib distribution (Lillsj\u00f6plan   <a href=\"https:\/\/maps.app.goo.gl\/YR9BZAguFiJSfiCv7\" target=\"_blank\" rel=\"noopener\"><i class=\"fa-solid fa-location-crosshairs\"> <\/i><\/a>) on <span>17. october 2026<\/span> from 07:30 &#8211; 10:20 (Fee of 50 SEK will be added) <\/p><\/div><\/div><\/article>\n<article class=\"drawer\" itemscope=\"\" itemprop=\"mainEntity\" itemtype=\"https:\/\/schema.org\/Question\">\n<h3 itemprop=\"name\">Where can I find your registration terms?<\/h3>\n<div class=\"content\" itemscope=\"\" itemprop=\"acceptedAnswer\" itemtype=\"https:\/\/schema.org\/Answer\">\n<div itemprop=\"text\">\n<p>Here you can find the <a href=\"https:\/\/jonkopingmarathon.se\/en\/terms\/\">registration terms<\/a>.<\/p><\/div><\/div><\/article>\n<article class=\"drawer\" itemscope=\"\" itemprop=\"mainEntity\" itemtype=\"https:\/\/schema.org\/Question\">\n<h3 itemprop=\"name\">What payment options do you have?<\/h3>\n<div class=\"content\" itemscope=\"\" itemprop=\"acceptedAnswer\" itemtype=\"https:\/\/schema.org\/Answer\">\n<div itemprop=\"text\">\n<p>You can sign up or shop in the store and pay via the following options: SWISH, card payment, partial payment or invoice.<\/p><\/div><\/div><\/article>\n<article class=\"drawer\" itemscope=\"\" itemprop=\"mainEntity\" itemtype=\"https:\/\/schema.org\/Question\">\n<h3 itemprop=\"name\">How much does it cost to register?<\/h3>\n<div class=\"content\" itemscope=\"\" itemprop=\"acceptedAnswer\" itemtype=\"https:\/\/schema.org\/Answer\">\n<div itemprop=\"text\">\n<p><a href=\"https:\/\/jonkopingmarathon.se\/en\/marathon\/\">J\u00f6nk\u00f6ping 10K<\/a>: 479 SEK<br\/><a href=\"https:\/\/jonkopingmarathon.se\/en\/half-marathon\/\">J\u00f6nk\u00f6ping 5K<\/a>: 349 SEK<br\/>Next price increase: on site. In case of late registration on site, a fee of SEK 50 will be added. <\/p><\/div><\/div><\/article>\n<article class=\"drawer\" itemscope=\"\" itemprop=\"mainEntity\" itemtype=\"https:\/\/schema.org\/Question\">\n<h3 itemprop=\"name\">I haven&#8217;t paid the invoice, so I&#8217;m not registered, am I?<\/h3>\n<div class=\"content\" itemscope=\"\" itemprop=\"acceptedAnswer\" itemtype=\"https:\/\/schema.org\/Answer\">\n<div itemprop=\"text\">\n<p>Yes, invoice is one of several payment methods and once you have made your registration, it is complete, regardless of the payment method. Registration is binding. If the invoice is not paid, a reminder will be sent out.<br\/>Our bank account number: 899-1010<br\/>Our swish number is: 1230839522<\/p><\/div><\/div><\/article>\n<article class=\"drawer\" itemscope=\"\" itemprop=\"mainEntity\" itemtype=\"https:\/\/schema.org\/Question\">\n<h3 itemprop=\"name\">How can I see that I am registered?<\/h3>\n<div class=\"content\" itemscope=\"\" itemprop=\"acceptedAnswer\" itemtype=\"https:\/\/schema.org\/Answer\">\n<div itemprop=\"text\">\n<p>Once your entry is registered, you will be included in the <a href=\"https:\/\/jonkopingmarathon.se\/en\/jonkoping-10k-5k\/startlist-10k-5k\/\">start list<\/a>. You will see the confirmation on the screen immediately after registration and you will receive a confirmation e-mail as soon as you have paid. The confirmation also serves as a receipt. As soon as you have paid, you are registered and appear on the start list<\/p><\/div><\/div><\/article>\n<article class=\"drawer\" itemscope=\"\" itemprop=\"mainEntity\" itemtype=\"https:\/\/schema.org\/Question\">\n<h3 itemprop=\"name\">I have not received a notification?<\/h3>\n<div class=\"content\" itemscope=\"\" itemprop=\"acceptedAnswer\" itemtype=\"https:\/\/schema.org\/Answer\">\n<div itemprop=\"text\">\n<p>When you register and pay, a registration confirmation will be sent out by email with a summary of all registered and any other purchases (t-shirt, cap) that were made at registration. Check the junk mail in case you can&#8217;t find it.<\/p><\/div><\/div><\/article>\n<article class=\"drawer\" itemscope=\"\" itemprop=\"mainEntity\" itemtype=\"https:\/\/schema.org\/Question\">\n<h3 itemprop=\"name\">I have received a gift card, how do I redeem it?<\/h3>\n<div class=\"content\" itemscope=\"\" itemprop=\"acceptedAnswer\" itemtype=\"https:\/\/schema.org\/Answer\">\n<div itemprop=\"text\">\n<p>You register as usual and tick the distance and products you want. Then enter the code you received as a gift. Then the amount is deducted from the shopping cart. If it does not work, it is because the person who bought the gift card did not enter your email address at the time of purchase (the code only allows registration via the selected email address). If so, email us at <a href=\"mailto:info@jonkopingmarathon.se\">info@jonkopingmarathon.se<\/a> and we will add your address so you can complete your registration.<\/p><\/div><\/div><\/article>\n<\/div>\n<h2>Entry<\/h2>\n<div class=\"faq-group\">\n<article class=\"drawer\" itemscope=\"\" itemprop=\"mainEntity\" itemtype=\"https:\/\/schema.org\/Question\">\n<h3 itemprop=\"name\">Can I sell my entry? (Name change)<\/h3>\n<div class=\"content\" itemscope=\"\" itemprop=\"acceptedAnswer\" itemtype=\"https:\/\/schema.org\/Answer\">\n<div itemprop=\"text\">\n<p>If you can not participate, you can change the name of your starting place, latest <span>11. october 2026<\/span>. You will have to find your own replacement. There is an administrative fee of \u20ac120.<\/p>\n<p><a href=\"https:\/\/jonkopingmarathon.se\/en\/product\/name-change-jonkoping-10k-5k-leave-of-starting-place\/\">Click here to read instructions on changing your name and paying.<\/a><\/p><\/div><\/div><\/article>\n<article class=\"drawer\" itemscope=\"\" itemprop=\"mainEntity\" itemtype=\"https:\/\/schema.org\/Question\">\n<h3 itemprop=\"name\">I want to cancel my entry and have signed up for Startklar, how do I do that?<\/h3>\n<div class=\"content\" itemscope=\"\" itemprop=\"acceptedAnswer\" itemtype=\"https:\/\/schema.org\/Answer\">\n<div itemprop=\"text\">\n<p>If you have taken out Startklart insurance and are ill or injured, go to <a href=\"http:\/\/www.startklar.nu\">www.startklar.nu<\/a> to find out how to make a claim.<\/p><\/div><\/div><\/article>\n<article class=\"drawer\" itemscope=\"\" itemprop=\"mainEntity\" itemtype=\"https:\/\/schema.org\/Question\">\n<h3 itemprop=\"name\">I am registered and wonder if it is possible to get a refund of the entry fee if I am ill?<\/h3>\n<div class=\"content\" itemscope=\"\" itemprop=\"acceptedAnswer\" itemtype=\"https:\/\/schema.org\/Answer\">\n<div itemprop=\"text\">\n<p>The only way to get your fee refunded is to subscribe to the Startklart cancellation cover. In such cases, you contact Startklar if injury or illness has occurred. As stated in the notification, it is not possible to transfer your entry to the following year.<\/p><\/div><\/div><\/article>\n<article class=\"drawer\" itemscope=\"\" itemprop=\"mainEntity\" itemtype=\"https:\/\/schema.org\/Question\">\n<h3 itemprop=\"name\">Is it possible to change distance?<\/h3>\n<div class=\"content\" itemscope=\"\" itemprop=\"acceptedAnswer\" itemtype=\"https:\/\/schema.org\/Answer\">\n<div itemprop=\"text\">\n<p>Distance change is possible latest <span>11. october 2026<\/span>. Administration fee is charged. After this date it is no longer possible.<\/p>\n<p>If you still wish to run a distance other than the one you are registered for, it is possible to buy a new entry as long as places are available.<\/p>\n<p>Here you can read instructions and pay &#8211; <a href=\"https:\/\/jonkopingmarathon.se\/en\/product\/distance-exchange-10k-5k\/\">Change of distance 10K\/5K<\/a>.<\/p><\/div><\/div><\/article>\n<article class=\"drawer\" itemscope=\"\" itemprop=\"mainEntity\" itemtype=\"https:\/\/schema.org\/Question\">\n<h3 itemprop=\"name\">Has my name change\/transfer gone through?<\/h3>\n<div class=\"content\" itemscope=\"\" itemprop=\"acceptedAnswer\" itemtype=\"https:\/\/schema.org\/Answer\">\n<div itemprop=\"text\">\n<p>If you have followed the instructions and provided us with the required information, you can easily see in the <a href=\"https:\/\/jonkopingmarathon.se\/en\/jonkoping-10k-5k\/startlist-10k-5k\/\" target=\"_blank\" rel=\"noopener\">start list<\/a> if the change has been made.<\/p><\/div><\/div><\/article>\n<\/div>\n<h2>Race bib<\/h2>\n<div class=\"faq-group\">\n<article class=\"drawer\" itemscope=\"\" itemprop=\"mainEntity\" itemtype=\"https:\/\/schema.org\/Question\">\n<h3 itemprop=\"name\">Can I have the bib sent to me instead? <\/h3>\n<div class=\"content\" itemscope=\"\" itemprop=\"acceptedAnswer\" itemtype=\"https:\/\/schema.org\/Answer\">\n<div itemprop=\"text\">\n<p>No. Everyone must get it at the bib distribution point in the starting area at Lillsj\u00f6plan. <a href=\"https:\/\/maps.app.goo.gl\/YR9BZAguFiJSfiCv7\"><i class=\"fa-solid fa-location-crosshairs\"><\/i><\/a>,\nor have a representative pick up the BIB for you (presentation of both IDs required)<\/p><\/div><\/div><\/article>\n<article class=\"drawer\" itemscope=\"\" itemprop=\"mainEntity\" itemtype=\"https:\/\/schema.org\/Question\">\n<h3 itemprop=\"name\">Where and when can I pick up my bib?<\/h3>\n<div class=\"content\" itemscope=\"\" itemprop=\"acceptedAnswer\" itemtype=\"https:\/\/schema.org\/Answer\">\n<div itemprop=\"text\">\n<p>You pick up your BIB at the start\/finish area &#8211; <a href=\"https:\/\/maps.app.goo.gl\/YR9BZAguFiJSfiCv7\" target=\"_blank\" rel=\"noopener\">Lillsj\u00f6plan, J\u00f6nk\u00f6ping<\/a> \nbetween kl. 07:30-10:20 on <span>17. october 2026<\/span> i.e. on the day of the race. Bring your ID.<\/p><\/div><\/div><\/article>\n<article class=\"drawer\" itemscope=\"\" itemprop=\"mainEntity\" itemtype=\"https:\/\/schema.org\/Question\">\n<h3 itemprop=\"name\">Can someone else collect my bib?<\/h3>\n<div class=\"content\" itemscope=\"\" itemprop=\"acceptedAnswer\" itemtype=\"https:\/\/schema.org\/Answer\">\n<div itemprop=\"text\">\n<p>Yes, if that person knows your start number (published on the website two weeks before the race in the <a href=\"https:\/\/jonkopingmarathon.se\/en\/jonkoping-10k-5k\/startlist-10k-5k\/\" target=\"_blank\" rel=\"noopener\">start list<\/a>), has your ID and their own ID.<\/p><\/div><\/div><\/article>\n<article class=\"drawer\" itemscope=\"\" itemprop=\"mainEntity\" itemtype=\"https:\/\/schema.org\/Question\">\n<h3 itemprop=\"name\">When do you send out information about the bib?<\/h3>\n<div class=\"content\" itemscope=\"\" itemprop=\"acceptedAnswer\" itemtype=\"https:\/\/schema.org\/Answer\">\n<div itemprop=\"text\">\n<p>Bibs are not sent by post (environmental aspect). You pick up your BIB at the start\/finish area &#8211; <a href=\"https:\/\/maps.app.goo.gl\/YR9BZAguFiJSfiCv7\" target=\"_blank\" rel=\"noopener\">Lillsj\u00f6plan, J\u00f6nk\u00f6ping<\/a>\nbetween kl. 07:30-10:20 on <span>17. october 2026<\/span> i.e. on the day of the race. Bring your ID.<\/p><\/div><\/div><\/article>\n<\/div>\n<h2>Competition day<\/h2>\n<article class=\"drawer\" itemscope=\"\" itemprop=\"mainEntity\" itemtype=\"https:\/\/schema.org\/Question\">\n<h3 itemprop=\"name\">When will more detailed competition information be posted on the website?<\/h3>\n<div class=\"content\" itemscope=\"\" itemprop=\"acceptedAnswer\" itemtype=\"https:\/\/schema.org\/Answer\">\n<div itemprop=\"text\">\n<p>At least three weeks before the race, more detailed race information will be posted on the website. There you can read practical information about the race. Read also the Start-PM (published two weeks before the race).<\/p><\/div><\/div><\/article>\n<article class=\"drawer\" itemscope=\"\" itemprop=\"mainEntity\" itemtype=\"https:\/\/schema.org\/Question\">\n<h3 itemprop=\"name\">Why don&#8217;t you give exact time limits for the different starting groups?<\/h3>\n<div class=\"content\" itemscope=\"\" itemprop=\"acceptedAnswer\" itemtype=\"https:\/\/schema.org\/Answer\">\n<div itemprop=\"text\">\n<p>Before start all runners choose their starting group (based on estimated finish time). All runners start at the same time (fastest group first).<\/p><\/div><\/div><\/article>\n<article class=\"drawer\" itemscope=\"\" itemprop=\"mainEntity\" itemtype=\"https:\/\/schema.org\/Question\">\n<h3 itemprop=\"name\">What is the start time for the races?<\/h3>\n<div class=\"content\" itemscope=\"\" itemprop=\"acceptedAnswer\" itemtype=\"https:\/\/schema.org\/Answer\">\n<div itemprop=\"text\">\n<p>Both distances start at 11:00 . Come in good time. <\/p><p>You can find all the answers regarding the race in the START-PM which is sent out about 2 weeks before the race.<\/p><\/div><\/div><\/article>\n<article class=\"drawer\" itemscope=\"\" itemprop=\"mainEntity\" itemtype=\"https:\/\/schema.org\/Question\">\n<h3 itemprop=\"name\">Is the track control measured?<\/h3>\n<div class=\"content\" itemscope=\"\" itemprop=\"acceptedAnswer\" itemtype=\"https:\/\/schema.org\/Answer\">\n<div itemprop=\"text\">\n<p>Yes, of course, all our races are measured by the Swedish Athletics Federation. Seeding basis for most races in Sweden and the rest of the world.<\/p><\/div><\/div><\/article>\n<article class=\"drawer\" itemscope=\"\" itemprop=\"mainEntity\" itemtype=\"https:\/\/schema.org\/Question\">\n<h3 itemprop=\"name\">Is there an award ceremony?<\/h3>\n<div class=\"content\" itemscope=\"\" itemprop=\"acceptedAnswer\" itemtype=\"https:\/\/schema.org\/Answer\">\n<div itemprop=\"text\">\n<p>The three fastest in each class and three teams in the team competition will win prizes.<\/p><\/div><\/div><\/article>\n","protected":false},"excerpt":{"rendered":"<p>According to the rules of the Swedish Athletics Federation, there are no age limits for participation in races shorter than the half marathon. Registration for J\u00f6nk\u00f6ping 10K\/5K closes on at 23:00. After it is not possible to register via the website. If there is room, you can register on site at the bib distribution (Lillsj\u00f6plan [&#8230;]<\/p>\n","protected":false},"author":17,"featured_media":0,"parent":43196,"menu_order":0,"comment_status":"closed","ping_status":"closed","template":"","meta":{"_acf_changed":false,"footnotes":""},"class_list":["post-49877","page","type-page","status-publish","hentry"],"acf":[],"yoast_head":"<!-- This site is optimized with the Yoast SEO plugin v27.4 - https:\/\/yoast.com\/product\/yoast-seo-wordpress\/ -->\n<title>Frequently asked questions about J\u00f6nk\u00f6ping 10K\/5K - J\u00f6nk\u00f6ping Marathon<\/title>\n<meta name=\"description\" content=\"Here you will find the answers to the most common questions about the race J\u00f6nk\u00f6ping 10K\/5K. Questions regarding registration for the race, change of distance, etc.\" \/>\n<meta name=\"robots\" content=\"index, follow, max-snippet:-1, max-image-preview:large, max-video-preview:-1\" \/>\n<link rel=\"canonical\" href=\"https:\/\/jonkopingmarathon.se\/en\/jonkoping-10k-5k\/faq-10k-5k\/\" \/>\n<meta property=\"og:locale\" content=\"en_US\" \/>\n<meta property=\"og:type\" content=\"article\" \/>\n<meta property=\"og:title\" content=\"J\u00f6nk\u00f6ping 10K\/5K - FAQ\" \/>\n<meta property=\"og:description\" content=\"Here you will find the answers to the most common questions about the race J\u00f6nk\u00f6ping 10K\/5K. Questions regarding registration for the race, change of distance, etc.\" \/>\n<meta property=\"og:url\" content=\"https:\/\/jonkopingmarathon.se\/en\/jonkoping-10k-5k\/faq-10k-5k\/\" \/>\n<meta property=\"og:site_name\" content=\"J\u00f6nk\u00f6ping Marathon\" \/>\n<meta property=\"article:publisher\" content=\"https:\/\/www.facebook.com\/stadenarredo\" \/>\n<meta property=\"article:modified_time\" content=\"2025-10-03T07:36:37+00:00\" \/>\n<meta property=\"og:image\" content=\"https:\/\/jonkopingmarathon.se\/wp-content\/uploads\/2023\/09\/og_image_JM_10K_5K-1024x538.jpg\" \/>\n<meta name=\"twitter:card\" content=\"summary_large_image\" \/>\n<meta name=\"twitter:label1\" content=\"Est. reading time\" \/>\n\t<meta name=\"twitter:data1\" content=\"5 minutes\" \/>\n<script type=\"application\/ld+json\" class=\"yoast-schema-graph\">{\"@context\":\"https:\\\/\\\/schema.org\",\"@graph\":[{\"@type\":\"WebPage\",\"@id\":\"https:\\\/\\\/jonkopingmarathon.se\\\/en\\\/jonkoping-10k-5k\\\/faq-10k-5k\\\/\",\"url\":\"https:\\\/\\\/jonkopingmarathon.se\\\/en\\\/jonkoping-10k-5k\\\/faq-10k-5k\\\/\",\"name\":\"Frequently asked questions about J\u00f6nk\u00f6ping 10K\\\/5K - J\u00f6nk\u00f6ping Marathon\",\"isPartOf\":{\"@id\":\"https:\\\/\\\/jonkopingmarathon.se\\\/en\\\/#website\"},\"datePublished\":\"2023-09-15T08:48:26+00:00\",\"dateModified\":\"2025-10-03T07:36:37+00:00\",\"description\":\"Here you will find the answers to the most common questions about the race J\u00f6nk\u00f6ping 10K\\\/5K. Questions regarding registration for the race, change of distance, etc.\",\"breadcrumb\":{\"@id\":\"https:\\\/\\\/jonkopingmarathon.se\\\/en\\\/jonkoping-10k-5k\\\/faq-10k-5k\\\/#breadcrumb\"},\"inLanguage\":\"en-US\",\"potentialAction\":[{\"@type\":\"ReadAction\",\"target\":[\"https:\\\/\\\/jonkopingmarathon.se\\\/en\\\/jonkoping-10k-5k\\\/faq-10k-5k\\\/\"]}]},{\"@type\":\"BreadcrumbList\",\"@id\":\"https:\\\/\\\/jonkopingmarathon.se\\\/en\\\/jonkoping-10k-5k\\\/faq-10k-5k\\\/#breadcrumb\",\"itemListElement\":[{\"@type\":\"ListItem\",\"position\":1,\"name\":\"Start\",\"item\":\"https:\\\/\\\/jonkopingmarathon.se\\\/en\\\/\"},{\"@type\":\"ListItem\",\"position\":2,\"name\":\"J\u00f6nk\u00f6ping 10K\\\/5K\",\"item\":\"https:\\\/\\\/jonkopingmarathon.se\\\/en\\\/jonkoping-10k-5k\\\/\"},{\"@type\":\"ListItem\",\"position\":3,\"name\":\"Frequently asked questions about J\u00f6nk\u00f6ping 10K\\\/5K\"}]},{\"@type\":\"WebSite\",\"@id\":\"https:\\\/\\\/jonkopingmarathon.se\\\/en\\\/#website\",\"url\":\"https:\\\/\\\/jonkopingmarathon.se\\\/en\\\/\",\"name\":\"J\u00f6nk\u00f6ping Marathon\",\"description\":\"jonkopingmarathon.se\",\"publisher\":{\"@id\":\"https:\\\/\\\/jonkopingmarathon.se\\\/en\\\/#organization\"},\"potentialAction\":[{\"@type\":\"SearchAction\",\"target\":{\"@type\":\"EntryPoint\",\"urlTemplate\":\"https:\\\/\\\/jonkopingmarathon.se\\\/en\\\/?s={search_term_string}\"},\"query-input\":{\"@type\":\"PropertyValueSpecification\",\"valueRequired\":true,\"valueName\":\"search_term_string\"}}],\"inLanguage\":\"en-US\"},{\"@type\":\"Organization\",\"@id\":\"https:\\\/\\\/jonkopingmarathon.se\\\/en\\\/#organization\",\"name\":\"J\u00f6nk\u00f6ping Marathon\",\"url\":\"https:\\\/\\\/jonkopingmarathon.se\\\/en\\\/\",\"logo\":{\"@type\":\"ImageObject\",\"inLanguage\":\"en-US\",\"@id\":\"https:\\\/\\\/jonkopingmarathon.se\\\/en\\\/#\\\/schema\\\/logo\\\/image\\\/\",\"url\":\"https:\\\/\\\/jonkopingmarathon.se\\\/wp-content\\\/uploads\\\/2024\\\/01\\\/OG_IMAGE_JonkopingMarathon.jpg\",\"contentUrl\":\"https:\\\/\\\/jonkopingmarathon.se\\\/wp-content\\\/uploads\\\/2024\\\/01\\\/OG_IMAGE_JonkopingMarathon.jpg\",\"width\":1200,\"height\":630,\"caption\":\"J\u00f6nk\u00f6ping Marathon\"},\"image\":{\"@id\":\"https:\\\/\\\/jonkopingmarathon.se\\\/en\\\/#\\\/schema\\\/logo\\\/image\\\/\"},\"sameAs\":[\"https:\\\/\\\/www.facebook.com\\\/stadenarredo\",\"https:\\\/\\\/www.instagram.com\\\/jonkopingmarathon\\\/\",\"https:\\\/\\\/www.youtube.com\\\/channel\\\/UCbXk-FxL8Z1K_OdthfGt-YA\"]}]}<\/script>\n<!-- \/ Yoast SEO plugin. -->","yoast_head_json":{"title":"Frequently asked questions about J\u00f6nk\u00f6ping 10K\/5K - J\u00f6nk\u00f6ping Marathon","description":"Here you will find the answers to the most common questions about the race J\u00f6nk\u00f6ping 10K\/5K. Questions regarding registration for the race, change of distance, etc.","robots":{"index":"index","follow":"follow","max-snippet":"max-snippet:-1","max-image-preview":"max-image-preview:large","max-video-preview":"max-video-preview:-1"},"canonical":"https:\/\/jonkopingmarathon.se\/en\/jonkoping-10k-5k\/faq-10k-5k\/","og_locale":"en_US","og_type":"article","og_title":"J\u00f6nk\u00f6ping 10K\/5K - FAQ","og_description":"Here you will find the answers to the most common questions about the race J\u00f6nk\u00f6ping 10K\/5K. Questions regarding registration for the race, change of distance, etc.","og_url":"https:\/\/jonkopingmarathon.se\/en\/jonkoping-10k-5k\/faq-10k-5k\/","og_site_name":"J\u00f6nk\u00f6ping Marathon","article_publisher":"https:\/\/www.facebook.com\/stadenarredo","article_modified_time":"2025-10-03T07:36:37+00:00","og_image":[{"url":"https:\/\/jonkopingmarathon.se\/wp-content\/uploads\/2023\/09\/og_image_JM_10K_5K-1024x538.jpg","type":"","width":"","height":""}],"twitter_card":"summary_large_image","twitter_misc":{"Est. reading time":"5 minutes"},"schema":{"@context":"https:\/\/schema.org","@graph":[{"@type":"WebPage","@id":"https:\/\/jonkopingmarathon.se\/en\/jonkoping-10k-5k\/faq-10k-5k\/","url":"https:\/\/jonkopingmarathon.se\/en\/jonkoping-10k-5k\/faq-10k-5k\/","name":"Frequently asked questions about J\u00f6nk\u00f6ping 10K\/5K - J\u00f6nk\u00f6ping Marathon","isPartOf":{"@id":"https:\/\/jonkopingmarathon.se\/en\/#website"},"datePublished":"2023-09-15T08:48:26+00:00","dateModified":"2025-10-03T07:36:37+00:00","description":"Here you will find the answers to the most common questions about the race J\u00f6nk\u00f6ping 10K\/5K. Questions regarding registration for the race, change of distance, etc.","breadcrumb":{"@id":"https:\/\/jonkopingmarathon.se\/en\/jonkoping-10k-5k\/faq-10k-5k\/#breadcrumb"},"inLanguage":"en-US","potentialAction":[{"@type":"ReadAction","target":["https:\/\/jonkopingmarathon.se\/en\/jonkoping-10k-5k\/faq-10k-5k\/"]}]},{"@type":"BreadcrumbList","@id":"https:\/\/jonkopingmarathon.se\/en\/jonkoping-10k-5k\/faq-10k-5k\/#breadcrumb","itemListElement":[{"@type":"ListItem","position":1,"name":"Start","item":"https:\/\/jonkopingmarathon.se\/en\/"},{"@type":"ListItem","position":2,"name":"J\u00f6nk\u00f6ping 10K\/5K","item":"https:\/\/jonkopingmarathon.se\/en\/jonkoping-10k-5k\/"},{"@type":"ListItem","position":3,"name":"Frequently asked questions about J\u00f6nk\u00f6ping 10K\/5K"}]},{"@type":"WebSite","@id":"https:\/\/jonkopingmarathon.se\/en\/#website","url":"https:\/\/jonkopingmarathon.se\/en\/","name":"J\u00f6nk\u00f6ping Marathon","description":"jonkopingmarathon.se","publisher":{"@id":"https:\/\/jonkopingmarathon.se\/en\/#organization"},"potentialAction":[{"@type":"SearchAction","target":{"@type":"EntryPoint","urlTemplate":"https:\/\/jonkopingmarathon.se\/en\/?s={search_term_string}"},"query-input":{"@type":"PropertyValueSpecification","valueRequired":true,"valueName":"search_term_string"}}],"inLanguage":"en-US"},{"@type":"Organization","@id":"https:\/\/jonkopingmarathon.se\/en\/#organization","name":"J\u00f6nk\u00f6ping Marathon","url":"https:\/\/jonkopingmarathon.se\/en\/","logo":{"@type":"ImageObject","inLanguage":"en-US","@id":"https:\/\/jonkopingmarathon.se\/en\/#\/schema\/logo\/image\/","url":"https:\/\/jonkopingmarathon.se\/wp-content\/uploads\/2024\/01\/OG_IMAGE_JonkopingMarathon.jpg","contentUrl":"https:\/\/jonkopingmarathon.se\/wp-content\/uploads\/2024\/01\/OG_IMAGE_JonkopingMarathon.jpg","width":1200,"height":630,"caption":"J\u00f6nk\u00f6ping Marathon"},"image":{"@id":"https:\/\/jonkopingmarathon.se\/en\/#\/schema\/logo\/image\/"},"sameAs":["https:\/\/www.facebook.com\/stadenarredo","https:\/\/www.instagram.com\/jonkopingmarathon\/","https:\/\/www.youtube.com\/channel\/UCbXk-FxL8Z1K_OdthfGt-YA"]}]}},"_links":{"self":[{"href":"https:\/\/jonkopingmarathon.se\/en\/wp-json\/wp\/v2\/pages\/49877","targetHints":{"allow":["GET"]}}],"collection":[{"href":"https:\/\/jonkopingmarathon.se\/en\/wp-json\/wp\/v2\/pages"}],"about":[{"href":"https:\/\/jonkopingmarathon.se\/en\/wp-json\/wp\/v2\/types\/page"}],"author":[{"embeddable":true,"href":"https:\/\/jonkopingmarathon.se\/en\/wp-json\/wp\/v2\/users\/17"}],"replies":[{"embeddable":true,"href":"https:\/\/jonkopingmarathon.se\/en\/wp-json\/wp\/v2\/comments?post=49877"}],"version-history":[{"count":2,"href":"https:\/\/jonkopingmarathon.se\/en\/wp-json\/wp\/v2\/pages\/49877\/revisions"}],"predecessor-version":[{"id":61154,"href":"https:\/\/jonkopingmarathon.se\/en\/wp-json\/wp\/v2\/pages\/49877\/revisions\/61154"}],"up":[{"embeddable":true,"href":"https:\/\/jonkopingmarathon.se\/en\/wp-json\/wp\/v2\/pages\/43196"}],"wp:attachment":[{"href":"https:\/\/jonkopingmarathon.se\/en\/wp-json\/wp\/v2\/media?parent=49877"}],"curies":[{"name":"wp","href":"https:\/\/api.w.org\/{rel}","templated":true}]}}