{"id":49903,"date":"2023-09-15T11:22:00","date_gmt":"2023-09-15T09:22:00","guid":{"rendered":"https:\/\/jonkopingmarathon.se\/jonkoping-10k-5k\/participant-10k-5k\/"},"modified":"2025-10-03T09:18:54","modified_gmt":"2025-10-03T07:18:54","slug":"participant-10k-5k","status":"publish","type":"page","link":"https:\/\/jonkopingmarathon.se\/en\/jonkoping-10k-5k\/participant-10k-5k\/","title":{"rendered":"Participant J\u00f6nk\u00f6ping 10K\/5K"},"content":{"rendered":"\n<h2>Here is information for you as a participant in the race.<\/h2>\n\n<h4>Start time\/place<\/h4>\n<p><span>17. october 2026<\/span> 11:00  &#8211; Lillsj\u00f6plan\n<a href=\"https:\/\/maps.app.goo.gl\/YR9BZAguFiJSfiCv7\" target=\"_blank\" rel=\"noopener noreferrer\"> &#8211; find here.<\/a><\/p>\n<h4>Changing room &#038; Shower<\/h4>\n<p>Saturday, August 18, 2025, Fitness24Seven V\u00e4stra Storgatan 12, open 11:15 &#8211; 15:00. There are two entrances. One at the travel center\/Juneporten and one along the railway station.   <\/p>\n<h4>Warm up<\/h4>\n<p>Warm-up together with Fitness24Seven will take place at the same time. 10:40 in the start\/finish area<\/p>\n<h4>Registration<\/h4>\n<p>Registration for the race is done online via the website &#8211; <a href=\"https:\/\/jonkopingmarathon.se\/en\/jonkoping-10k-5k\/registration-10k-5k\/\" target=\"_blank\" rel=\"noopener\">registration J\u00f6nk\u00f6ping 10K\/5K<\/a>. You can also register in the start\/finish area. 7:30 &#8211; 10:20, <span>17. october 2026<\/span>.<\/p>\n<h4>List of participants<\/h4>\n<p>You can find the <a href=\"https:\/\/jonkopingmarathon.se\/en\/jonkoping-10k-5k\/startlist-10k-5k\/\" target=\"_blank\" rel=\"noopener\">startlist<\/a> here.<\/p>\n<h4>Parking<\/h4>\n<p>Parking garages near the start\/finish: <a href=\"https:\/\/www.google.se\/maps\/dir\/''\/Parkeringshus+Sesam,+Bredgr%C3%A4nd+1,+553+20+J%C3%B6nk%C3%B6ping\/data=!4m5!4m4!1m0!1m2!1m1!1s0x465a6d9552891c93:0xf8a12368735f8567?sa=X&#038;ved=0ahUKEwjkrIKxiMvVAhWNZ1AKHXByBt0QiBMIPjAA\">Sesame<\/a>, <a href=\"https:\/\/www.google.se\/maps\/dir\/''\/Parkeringshus+Atollen,+553+20+J%C3%B6nk%C3%B6ping\/data=!4m5!4m4!1m0!1m2!1m1!1s0x465a6d94e51597b9:0x6a08167a7dd84ece?sa=X&#038;ved=0ahUKEwjkrIKxiMvVAhWNZ1AKHXByBt0QiBMIRDAB\">Atollen<\/a>, <a href=\"https:\/\/www.google.se\/maps\/dir\/''\/parkeringshus+j%C3%B6nk%C3%B6ping+smedjan\/@57.7807845,14.1040279,12z\/data=!3m1!4b1!4m8!4m7!1m0!1m5!1m1!1s0x465a6d95020c0679:0x9c0cf1c818bcbc1d!2m2!1d14.1740672!2d57.7808038\">Smedjan<\/a>, <a href=\"https:\/\/www.google.se\/search?q=parkeringshus+j%C3%B6nk%C3%B6ping&#038;npsic=0&#038;rflfq=1&#038;rlha=0&#038;rllag=57781687,14174438,257&#038;tbm=lcl&#038;ved=0ahUKEwjkrIKxiMvVAhWNZ1AKHXByBt0QjGoISg&#038;tbs=lrf:!2m1!1e3!3sIAE,lf:1,lf_ui:3&#038;rldoc=1#rlfi=hd:;si:2142636266568511995;mv:!1m3!1d10726.778480897385!2d14.1650841!3d57.77375919999999!2m3!1f0!2f0!3f0!3m2!1i165!2i242!4f13.1\">Biblioteket<\/a>. Please note that there is a charge for parking, including on Saturdays.<\/p>\n<h4>Bag storage<\/h4>\n<p>Limited space for bag drop is available in the start area on Saturday 07.30-10.20. The bags will be collected at the same place after the finish, latest at. 13.00.<\/p>\n<h4>Rules<\/h4>\n<p>The rules of the Swedish Athletics Federation apply. <strong>All participation is at your own risk.<\/strong><\/p>\n<h4>Running track<\/h4>\n<p>A very flat and fast course in central J\u00f6nk\u00f6ping. 5K runs one lap, 10K runs two laps. <a href=\"https:\/\/jonkopingmarathon.se\/en\/jonkoping-10k-5k\/map-10k-5k\/\">See interactive map.<\/a><\/p>\n<h4>Water\/energy stations<\/h4>\n<p>There is one water station along the track where Enervit Isotonic drink and water served. 5K passes the fluid station once, 10K twice.<\/p>\n<h4>Awards &#038; prize money<\/h4>\n<p>Top-3 in J\u00f6nk\u00f6ping 10K wins 3000 SEK, 2000 SEK and 1000 SEK respectively. TOP-3 in J\u00f6nk\u00f6ping 10K\/5K in each race and class will receive prizes from partners worth several thousand. Prize money only in J\u00f6nk\u00f6ping 10K.   All runners receive a medal and something to eat and drink after the race.<\/p>\n<h4>Maximum time<\/h4>\n<p>Time &#8211; 12:30<\/p>\n<h4>Bib distribution<\/h4>\n<p>Takes place at the start area from 07:30. Closes at 10:20. Bibs will not be sent (we care about the environment). You collect everything in the start\/finish area. You can see the start numbers in <a href=\"https:\/\/jonkopingmarathon.se\/en\/jonkoping-10k-5k\/startlist-10k-5k\/\" target=\"_blank\" rel=\"noopener\">the start list<\/a> from the afternoon of Monday 14th. Bring your ID. If you wish to collect someone else&#8217;s starter&#8217;s certificate, please bring a picture of their ID and your own. Please have your start number ready when you pick up your bib to shorten the waiting time.<\/p>\n<h4>Healthcare<\/h4>\n<p>Paramedics and defibrillators will be present in the start\/finish area. Medics wear orange vests.<\/p>\n<h4>Pacemakers<\/h4>\n<p>Our pacesetters are running the 10K and will have a flag marked with their finishing time. Marking 40 means that the pacer will complete the 10K in 40 minutes. Even you as a 5K runner can follow this pacer if your goal is 20 minutes.<\/p>\n","protected":false},"excerpt":{"rendered":"<p>&#8211; Lillsj\u00f6plan &#8211; find here. Saturday, August 18, 2025, Fitness24Seven V\u00e4stra Storgatan 12, open 11:15 &#8211; 15:00. There are two entrances. One at the travel center\/Juneporten and one along the railway station. Warm-up together with Fitness24Seven will take place at the same time. 10:40 in the start\/finish area Registration for the race is done online [&#8230;]<\/p>\n","protected":false},"author":17,"featured_media":0,"parent":43196,"menu_order":0,"comment_status":"closed","ping_status":"closed","template":"","meta":{"_acf_changed":false,"footnotes":""},"class_list":["post-49903","page","type-page","status-publish","hentry"],"acf":[],"yoast_head":"<!-- This site is optimized with the Yoast SEO plugin v27.4 - https:\/\/yoast.com\/product\/yoast-seo-wordpress\/ -->\n<title>Participant J\u00f6nk\u00f6ping 10K\/5K - J\u00f6nk\u00f6ping Marathon<\/title>\n<meta name=\"robots\" content=\"index, follow, max-snippet:-1, max-image-preview:large, max-video-preview:-1\" \/>\n<link rel=\"canonical\" href=\"https:\/\/jonkopingmarathon.se\/en\/jonkoping-10k-5k\/participant-10k-5k\/\" \/>\n<meta property=\"og:locale\" content=\"en_US\" \/>\n<meta property=\"og:type\" content=\"article\" \/>\n<meta property=\"og:title\" content=\"Participant J\u00f6nk\u00f6ping 10K\/5K - J\u00f6nk\u00f6ping Marathon\" \/>\n<meta property=\"og:description\" content=\"&#8211; Lillsj\u00f6plan &#8211; find here. Saturday, August 18, 2025, Fitness24Seven V\u00e4stra Storgatan 12, open 11:15 &#8211; 15:00. There are two entrances. One at the travel center\/Juneporten and one along the railway station. Warm-up together with Fitness24Seven will take place at the same time. 10:40 in the start\/finish area Registration for the race is done online [...]\" \/>\n<meta property=\"og:url\" content=\"https:\/\/jonkopingmarathon.se\/en\/jonkoping-10k-5k\/participant-10k-5k\/\" \/>\n<meta property=\"og:site_name\" content=\"J\u00f6nk\u00f6ping Marathon\" \/>\n<meta property=\"article:publisher\" content=\"https:\/\/www.facebook.com\/stadenarredo\" \/>\n<meta property=\"article:modified_time\" content=\"2025-10-03T07:18:54+00:00\" \/>\n<meta name=\"twitter:card\" content=\"summary_large_image\" \/>\n<meta name=\"twitter:label1\" content=\"Est. reading time\" \/>\n\t<meta name=\"twitter:data1\" content=\"2 minutes\" \/>\n<script type=\"application\/ld+json\" class=\"yoast-schema-graph\">{\"@context\":\"https:\\\/\\\/schema.org\",\"@graph\":[{\"@type\":\"WebPage\",\"@id\":\"https:\\\/\\\/jonkopingmarathon.se\\\/en\\\/jonkoping-10k-5k\\\/participant-10k-5k\\\/\",\"url\":\"https:\\\/\\\/jonkopingmarathon.se\\\/en\\\/jonkoping-10k-5k\\\/participant-10k-5k\\\/\",\"name\":\"Participant J\u00f6nk\u00f6ping 10K\\\/5K - J\u00f6nk\u00f6ping Marathon\",\"isPartOf\":{\"@id\":\"https:\\\/\\\/jonkopingmarathon.se\\\/en\\\/#website\"},\"datePublished\":\"2023-09-15T09:22:00+00:00\",\"dateModified\":\"2025-10-03T07:18:54+00:00\",\"breadcrumb\":{\"@id\":\"https:\\\/\\\/jonkopingmarathon.se\\\/en\\\/jonkoping-10k-5k\\\/participant-10k-5k\\\/#breadcrumb\"},\"inLanguage\":\"en-US\",\"potentialAction\":[{\"@type\":\"ReadAction\",\"target\":[\"https:\\\/\\\/jonkopingmarathon.se\\\/en\\\/jonkoping-10k-5k\\\/participant-10k-5k\\\/\"]}]},{\"@type\":\"BreadcrumbList\",\"@id\":\"https:\\\/\\\/jonkopingmarathon.se\\\/en\\\/jonkoping-10k-5k\\\/participant-10k-5k\\\/#breadcrumb\",\"itemListElement\":[{\"@type\":\"ListItem\",\"position\":1,\"name\":\"Start\",\"item\":\"https:\\\/\\\/jonkopingmarathon.se\\\/en\\\/\"},{\"@type\":\"ListItem\",\"position\":2,\"name\":\"J\u00f6nk\u00f6ping 10K\\\/5K\",\"item\":\"https:\\\/\\\/jonkopingmarathon.se\\\/en\\\/jonkoping-10k-5k\\\/\"},{\"@type\":\"ListItem\",\"position\":3,\"name\":\"Participant J\u00f6nk\u00f6ping 10K\\\/5K\"}]},{\"@type\":\"WebSite\",\"@id\":\"https:\\\/\\\/jonkopingmarathon.se\\\/en\\\/#website\",\"url\":\"https:\\\/\\\/jonkopingmarathon.se\\\/en\\\/\",\"name\":\"J\u00f6nk\u00f6ping Marathon\",\"description\":\"jonkopingmarathon.se\",\"publisher\":{\"@id\":\"https:\\\/\\\/jonkopingmarathon.se\\\/en\\\/#organization\"},\"potentialAction\":[{\"@type\":\"SearchAction\",\"target\":{\"@type\":\"EntryPoint\",\"urlTemplate\":\"https:\\\/\\\/jonkopingmarathon.se\\\/en\\\/?s={search_term_string}\"},\"query-input\":{\"@type\":\"PropertyValueSpecification\",\"valueRequired\":true,\"valueName\":\"search_term_string\"}}],\"inLanguage\":\"en-US\"},{\"@type\":\"Organization\",\"@id\":\"https:\\\/\\\/jonkopingmarathon.se\\\/en\\\/#organization\",\"name\":\"J\u00f6nk\u00f6ping Marathon\",\"url\":\"https:\\\/\\\/jonkopingmarathon.se\\\/en\\\/\",\"logo\":{\"@type\":\"ImageObject\",\"inLanguage\":\"en-US\",\"@id\":\"https:\\\/\\\/jonkopingmarathon.se\\\/en\\\/#\\\/schema\\\/logo\\\/image\\\/\",\"url\":\"https:\\\/\\\/jonkopingmarathon.se\\\/wp-content\\\/uploads\\\/2024\\\/01\\\/OG_IMAGE_JonkopingMarathon.jpg\",\"contentUrl\":\"https:\\\/\\\/jonkopingmarathon.se\\\/wp-content\\\/uploads\\\/2024\\\/01\\\/OG_IMAGE_JonkopingMarathon.jpg\",\"width\":1200,\"height\":630,\"caption\":\"J\u00f6nk\u00f6ping Marathon\"},\"image\":{\"@id\":\"https:\\\/\\\/jonkopingmarathon.se\\\/en\\\/#\\\/schema\\\/logo\\\/image\\\/\"},\"sameAs\":[\"https:\\\/\\\/www.facebook.com\\\/stadenarredo\",\"https:\\\/\\\/www.instagram.com\\\/jonkopingmarathon\\\/\",\"https:\\\/\\\/www.youtube.com\\\/channel\\\/UCbXk-FxL8Z1K_OdthfGt-YA\"]}]}<\/script>\n<!-- \/ Yoast SEO plugin. -->","yoast_head_json":{"title":"Participant J\u00f6nk\u00f6ping 10K\/5K - J\u00f6nk\u00f6ping Marathon","robots":{"index":"index","follow":"follow","max-snippet":"max-snippet:-1","max-image-preview":"max-image-preview:large","max-video-preview":"max-video-preview:-1"},"canonical":"https:\/\/jonkopingmarathon.se\/en\/jonkoping-10k-5k\/participant-10k-5k\/","og_locale":"en_US","og_type":"article","og_title":"Participant J\u00f6nk\u00f6ping 10K\/5K - J\u00f6nk\u00f6ping Marathon","og_description":"&#8211; Lillsj\u00f6plan &#8211; find here. Saturday, August 18, 2025, Fitness24Seven V\u00e4stra Storgatan 12, open 11:15 &#8211; 15:00. There are two entrances. One at the travel center\/Juneporten and one along the railway station. Warm-up together with Fitness24Seven will take place at the same time. 10:40 in the start\/finish area Registration for the race is done online [...]","og_url":"https:\/\/jonkopingmarathon.se\/en\/jonkoping-10k-5k\/participant-10k-5k\/","og_site_name":"J\u00f6nk\u00f6ping Marathon","article_publisher":"https:\/\/www.facebook.com\/stadenarredo","article_modified_time":"2025-10-03T07:18:54+00:00","twitter_card":"summary_large_image","twitter_misc":{"Est. reading time":"2 minutes"},"schema":{"@context":"https:\/\/schema.org","@graph":[{"@type":"WebPage","@id":"https:\/\/jonkopingmarathon.se\/en\/jonkoping-10k-5k\/participant-10k-5k\/","url":"https:\/\/jonkopingmarathon.se\/en\/jonkoping-10k-5k\/participant-10k-5k\/","name":"Participant J\u00f6nk\u00f6ping 10K\/5K - J\u00f6nk\u00f6ping Marathon","isPartOf":{"@id":"https:\/\/jonkopingmarathon.se\/en\/#website"},"datePublished":"2023-09-15T09:22:00+00:00","dateModified":"2025-10-03T07:18:54+00:00","breadcrumb":{"@id":"https:\/\/jonkopingmarathon.se\/en\/jonkoping-10k-5k\/participant-10k-5k\/#breadcrumb"},"inLanguage":"en-US","potentialAction":[{"@type":"ReadAction","target":["https:\/\/jonkopingmarathon.se\/en\/jonkoping-10k-5k\/participant-10k-5k\/"]}]},{"@type":"BreadcrumbList","@id":"https:\/\/jonkopingmarathon.se\/en\/jonkoping-10k-5k\/participant-10k-5k\/#breadcrumb","itemListElement":[{"@type":"ListItem","position":1,"name":"Start","item":"https:\/\/jonkopingmarathon.se\/en\/"},{"@type":"ListItem","position":2,"name":"J\u00f6nk\u00f6ping 10K\/5K","item":"https:\/\/jonkopingmarathon.se\/en\/jonkoping-10k-5k\/"},{"@type":"ListItem","position":3,"name":"Participant J\u00f6nk\u00f6ping 10K\/5K"}]},{"@type":"WebSite","@id":"https:\/\/jonkopingmarathon.se\/en\/#website","url":"https:\/\/jonkopingmarathon.se\/en\/","name":"J\u00f6nk\u00f6ping Marathon","description":"jonkopingmarathon.se","publisher":{"@id":"https:\/\/jonkopingmarathon.se\/en\/#organization"},"potentialAction":[{"@type":"SearchAction","target":{"@type":"EntryPoint","urlTemplate":"https:\/\/jonkopingmarathon.se\/en\/?s={search_term_string}"},"query-input":{"@type":"PropertyValueSpecification","valueRequired":true,"valueName":"search_term_string"}}],"inLanguage":"en-US"},{"@type":"Organization","@id":"https:\/\/jonkopingmarathon.se\/en\/#organization","name":"J\u00f6nk\u00f6ping Marathon","url":"https:\/\/jonkopingmarathon.se\/en\/","logo":{"@type":"ImageObject","inLanguage":"en-US","@id":"https:\/\/jonkopingmarathon.se\/en\/#\/schema\/logo\/image\/","url":"https:\/\/jonkopingmarathon.se\/wp-content\/uploads\/2024\/01\/OG_IMAGE_JonkopingMarathon.jpg","contentUrl":"https:\/\/jonkopingmarathon.se\/wp-content\/uploads\/2024\/01\/OG_IMAGE_JonkopingMarathon.jpg","width":1200,"height":630,"caption":"J\u00f6nk\u00f6ping Marathon"},"image":{"@id":"https:\/\/jonkopingmarathon.se\/en\/#\/schema\/logo\/image\/"},"sameAs":["https:\/\/www.facebook.com\/stadenarredo","https:\/\/www.instagram.com\/jonkopingmarathon\/","https:\/\/www.youtube.com\/channel\/UCbXk-FxL8Z1K_OdthfGt-YA"]}]}},"_links":{"self":[{"href":"https:\/\/jonkopingmarathon.se\/en\/wp-json\/wp\/v2\/pages\/49903","targetHints":{"allow":["GET"]}}],"collection":[{"href":"https:\/\/jonkopingmarathon.se\/en\/wp-json\/wp\/v2\/pages"}],"about":[{"href":"https:\/\/jonkopingmarathon.se\/en\/wp-json\/wp\/v2\/types\/page"}],"author":[{"embeddable":true,"href":"https:\/\/jonkopingmarathon.se\/en\/wp-json\/wp\/v2\/users\/17"}],"replies":[{"embeddable":true,"href":"https:\/\/jonkopingmarathon.se\/en\/wp-json\/wp\/v2\/comments?post=49903"}],"version-history":[{"count":2,"href":"https:\/\/jonkopingmarathon.se\/en\/wp-json\/wp\/v2\/pages\/49903\/revisions"}],"predecessor-version":[{"id":61150,"href":"https:\/\/jonkopingmarathon.se\/en\/wp-json\/wp\/v2\/pages\/49903\/revisions\/61150"}],"up":[{"embeddable":true,"href":"https:\/\/jonkopingmarathon.se\/en\/wp-json\/wp\/v2\/pages\/43196"}],"wp:attachment":[{"href":"https:\/\/jonkopingmarathon.se\/en\/wp-json\/wp\/v2\/media?parent=49903"}],"curies":[{"name":"wp","href":"https:\/\/api.w.org\/{rel}","templated":true}]}}