{"id":63613,"date":"2026-05-06T11:22:07","date_gmt":"2026-05-06T09:22:07","guid":{"rendered":"https:\/\/jonkopingmarathon.se\/privacy-policy\/"},"modified":"2026-05-06T11:28:16","modified_gmt":"2026-05-06T09:28:16","slug":"privacy-policy","status":"publish","type":"page","link":"https:\/\/jonkopingmarathon.se\/en\/privacy-policy\/","title":{"rendered":"Privacy policy for J\u00f6nk\u00f6ping Marathon &#038; Half Marathon"},"content":{"rendered":"\n<p>We at J\u00f6nk\u00f6ping Marathon care about your privacy. This policy describes how we handle personal data for our participants in the Marathon\/Half Marathon, 10K\/5K, Relay and Children&#8217;s Race. <\/p>\n<h2>1. What data do we collect?<\/h2>\n<p>We collect the information you provide when you register:<\/p>\n<ul>\n<li>Identity data: Name, surname, date of birth and gender.<\/li>\n<li>Contact details: e-mail address and telephone number.<\/li>\n<li>Relay: For relay teams, we only collect contact details for the team captain. For other runners in the team, only the team name and the chosen class are saved. <\/li>\n<li>Children&#8217;s race: We collect the child&#8217;s name and year of birth and the e-mail address of the guardian.<\/li>\n<li>Other info: City, nationality, club\/company, estimated finishing time, t-shirt size and possible participation in the VSM. Personal number is optional for wellness contribution. <\/li>\n<\/ul>\n<h2>2. Why do we need your data?<\/h2>\n<p>We process your data in order to:<\/p>\n<ul>\n<li>Manage your application and communicate important information.<\/li>\n<li>Carry out timekeeping and results reporting.<\/li>\n<li>Media: We take photos and videos during our races. These images and videos may be used in our marketing, on social media and on our website to spread joy and inform about our events. <\/li>\n<\/ul>\n<h2>3. Who do we share the information with?<\/h2>\n<ul>\n<li>Race timer: For timing and official results lists (name, gender, year of birth, club and team name).<\/li>\n<li>Destination J\u00f6nk\u00f6ping: Anonymized statistics on nationality and place of residence.<\/li>\n<li>Swedish Athletics Federation: When participating in the World Championships, the necessary data is shared for official statistics.<\/li>\n<\/ul>\n<h2>4. Storage and Disposal<\/h2>\n<p>We will keep your data for as long as it is needed to administer the race or as required by law (e.g. the Accounting Act). Results lists are kept as part of the historical archive of the race. <\/p>\n<h2>5. your rights<\/h2>\n<p>You have the right to request an extract, correction or deletion of your data. You can contact us at any time at info@jonkopingmarathon.se to object to direct marketing or the use of images where you are identifiable. <\/p>\n\n","protected":false},"excerpt":{"rendered":"<p>We at J\u00f6nk\u00f6ping Marathon care about your privacy. This policy describes how we handle personal data for our participants in the Marathon\/Half Marathon, 10K\/5K, Relay and Children&#8217;s Race. We collect the information you provide when you register: Identity data: Name, surname, date of birth and gender. Contact details: e-mail address and telephone number. Relay: For [&#8230;]<\/p>\n","protected":false},"author":17,"featured_media":0,"parent":0,"menu_order":0,"comment_status":"closed","ping_status":"closed","template":"","meta":{"_acf_changed":false,"footnotes":""},"class_list":["post-63613","page","type-page","status-publish","hentry"],"acf":[],"yoast_head":"<!-- This site is optimized with the Yoast SEO plugin v27.6 - https:\/\/yoast.com\/product\/yoast-seo-wordpress\/ -->\n<title>Privacy policy for J\u00f6nk\u00f6ping Marathon &amp; Half Marathon - J\u00f6nk\u00f6ping Marathon<\/title>\n<meta name=\"robots\" content=\"index, follow, max-snippet:-1, max-image-preview:large, max-video-preview:-1\" \/>\n<link rel=\"canonical\" href=\"https:\/\/jonkopingmarathon.se\/en\/privacy-policy\/\" \/>\n<meta property=\"og:locale\" content=\"en_US\" \/>\n<meta property=\"og:type\" content=\"article\" \/>\n<meta property=\"og:title\" content=\"Privacy policy for J\u00f6nk\u00f6ping Marathon &amp; Half Marathon - J\u00f6nk\u00f6ping Marathon\" \/>\n<meta property=\"og:description\" content=\"We at J\u00f6nk\u00f6ping Marathon care about your privacy. This policy describes how we handle personal data for our participants in the Marathon\/Half Marathon, 10K\/5K, Relay and Children&#8217;s Race. We collect the information you provide when you register: Identity data: Name, surname, date of birth and gender. Contact details: e-mail address and telephone number. Relay: For [...]\" \/>\n<meta property=\"og:url\" content=\"https:\/\/jonkopingmarathon.se\/en\/privacy-policy\/\" \/>\n<meta property=\"og:site_name\" content=\"J\u00f6nk\u00f6ping Marathon\" \/>\n<meta property=\"article:publisher\" content=\"https:\/\/www.facebook.com\/stadenarredo\" \/>\n<meta property=\"article:modified_time\" content=\"2026-05-06T09:28:16+00:00\" \/>\n<meta name=\"twitter:card\" content=\"summary_large_image\" \/>\n<meta name=\"twitter:label1\" content=\"Est. reading time\" \/>\n\t<meta name=\"twitter:data1\" content=\"2 minutes\" \/>\n<script type=\"application\/ld+json\" class=\"yoast-schema-graph\">{\"@context\":\"https:\\\/\\\/schema.org\",\"@graph\":[{\"@type\":\"WebPage\",\"@id\":\"https:\\\/\\\/jonkopingmarathon.se\\\/en\\\/privacy-policy\\\/\",\"url\":\"https:\\\/\\\/jonkopingmarathon.se\\\/en\\\/privacy-policy\\\/\",\"name\":\"Privacy policy for J\u00f6nk\u00f6ping Marathon & Half Marathon - J\u00f6nk\u00f6ping Marathon\",\"isPartOf\":{\"@id\":\"https:\\\/\\\/jonkopingmarathon.se\\\/en\\\/#website\"},\"datePublished\":\"2026-05-06T09:22:07+00:00\",\"dateModified\":\"2026-05-06T09:28:16+00:00\",\"breadcrumb\":{\"@id\":\"https:\\\/\\\/jonkopingmarathon.se\\\/en\\\/privacy-policy\\\/#breadcrumb\"},\"inLanguage\":\"en-US\",\"potentialAction\":[{\"@type\":\"ReadAction\",\"target\":[\"https:\\\/\\\/jonkopingmarathon.se\\\/en\\\/privacy-policy\\\/\"]}]},{\"@type\":\"BreadcrumbList\",\"@id\":\"https:\\\/\\\/jonkopingmarathon.se\\\/en\\\/privacy-policy\\\/#breadcrumb\",\"itemListElement\":[{\"@type\":\"ListItem\",\"position\":1,\"name\":\"Start\",\"item\":\"https:\\\/\\\/jonkopingmarathon.se\\\/en\\\/\"},{\"@type\":\"ListItem\",\"position\":2,\"name\":\"Privacy policy for J\u00f6nk\u00f6ping Marathon &#038; Half Marathon\"}]},{\"@type\":\"WebSite\",\"@id\":\"https:\\\/\\\/jonkopingmarathon.se\\\/en\\\/#website\",\"url\":\"https:\\\/\\\/jonkopingmarathon.se\\\/en\\\/\",\"name\":\"J\u00f6nk\u00f6ping Marathon\",\"description\":\"jonkopingmarathon.se\",\"publisher\":{\"@id\":\"https:\\\/\\\/jonkopingmarathon.se\\\/en\\\/#organization\"},\"potentialAction\":[{\"@type\":\"SearchAction\",\"target\":{\"@type\":\"EntryPoint\",\"urlTemplate\":\"https:\\\/\\\/jonkopingmarathon.se\\\/en\\\/?s={search_term_string}\"},\"query-input\":{\"@type\":\"PropertyValueSpecification\",\"valueRequired\":true,\"valueName\":\"search_term_string\"}}],\"inLanguage\":\"en-US\"},{\"@type\":\"Organization\",\"@id\":\"https:\\\/\\\/jonkopingmarathon.se\\\/en\\\/#organization\",\"name\":\"J\u00f6nk\u00f6ping Marathon\",\"url\":\"https:\\\/\\\/jonkopingmarathon.se\\\/en\\\/\",\"logo\":{\"@type\":\"ImageObject\",\"inLanguage\":\"en-US\",\"@id\":\"https:\\\/\\\/jonkopingmarathon.se\\\/en\\\/#\\\/schema\\\/logo\\\/image\\\/\",\"url\":\"https:\\\/\\\/jonkopingmarathon.se\\\/wp-content\\\/uploads\\\/2024\\\/01\\\/OG_IMAGE_JonkopingMarathon.jpg\",\"contentUrl\":\"https:\\\/\\\/jonkopingmarathon.se\\\/wp-content\\\/uploads\\\/2024\\\/01\\\/OG_IMAGE_JonkopingMarathon.jpg\",\"width\":1200,\"height\":630,\"caption\":\"J\u00f6nk\u00f6ping Marathon\"},\"image\":{\"@id\":\"https:\\\/\\\/jonkopingmarathon.se\\\/en\\\/#\\\/schema\\\/logo\\\/image\\\/\"},\"sameAs\":[\"https:\\\/\\\/www.facebook.com\\\/stadenarredo\",\"https:\\\/\\\/www.instagram.com\\\/jonkopingmarathon\\\/\",\"https:\\\/\\\/www.youtube.com\\\/channel\\\/UCbXk-FxL8Z1K_OdthfGt-YA\"]}]}<\/script>\n<!-- \/ Yoast SEO plugin. -->","yoast_head_json":{"title":"Privacy policy for J\u00f6nk\u00f6ping Marathon & Half Marathon - J\u00f6nk\u00f6ping Marathon","robots":{"index":"index","follow":"follow","max-snippet":"max-snippet:-1","max-image-preview":"max-image-preview:large","max-video-preview":"max-video-preview:-1"},"canonical":"https:\/\/jonkopingmarathon.se\/en\/privacy-policy\/","og_locale":"en_US","og_type":"article","og_title":"Privacy policy for J\u00f6nk\u00f6ping Marathon & Half Marathon - J\u00f6nk\u00f6ping Marathon","og_description":"We at J\u00f6nk\u00f6ping Marathon care about your privacy. This policy describes how we handle personal data for our participants in the Marathon\/Half Marathon, 10K\/5K, Relay and Children&#8217;s Race. We collect the information you provide when you register: Identity data: Name, surname, date of birth and gender. Contact details: e-mail address and telephone number. Relay: For [...]","og_url":"https:\/\/jonkopingmarathon.se\/en\/privacy-policy\/","og_site_name":"J\u00f6nk\u00f6ping Marathon","article_publisher":"https:\/\/www.facebook.com\/stadenarredo","article_modified_time":"2026-05-06T09:28:16+00:00","twitter_card":"summary_large_image","twitter_misc":{"Est. reading time":"2 minutes"},"schema":{"@context":"https:\/\/schema.org","@graph":[{"@type":"WebPage","@id":"https:\/\/jonkopingmarathon.se\/en\/privacy-policy\/","url":"https:\/\/jonkopingmarathon.se\/en\/privacy-policy\/","name":"Privacy policy for J\u00f6nk\u00f6ping Marathon & Half Marathon - J\u00f6nk\u00f6ping Marathon","isPartOf":{"@id":"https:\/\/jonkopingmarathon.se\/en\/#website"},"datePublished":"2026-05-06T09:22:07+00:00","dateModified":"2026-05-06T09:28:16+00:00","breadcrumb":{"@id":"https:\/\/jonkopingmarathon.se\/en\/privacy-policy\/#breadcrumb"},"inLanguage":"en-US","potentialAction":[{"@type":"ReadAction","target":["https:\/\/jonkopingmarathon.se\/en\/privacy-policy\/"]}]},{"@type":"BreadcrumbList","@id":"https:\/\/jonkopingmarathon.se\/en\/privacy-policy\/#breadcrumb","itemListElement":[{"@type":"ListItem","position":1,"name":"Start","item":"https:\/\/jonkopingmarathon.se\/en\/"},{"@type":"ListItem","position":2,"name":"Privacy policy for J\u00f6nk\u00f6ping Marathon &#038; Half Marathon"}]},{"@type":"WebSite","@id":"https:\/\/jonkopingmarathon.se\/en\/#website","url":"https:\/\/jonkopingmarathon.se\/en\/","name":"J\u00f6nk\u00f6ping Marathon","description":"jonkopingmarathon.se","publisher":{"@id":"https:\/\/jonkopingmarathon.se\/en\/#organization"},"potentialAction":[{"@type":"SearchAction","target":{"@type":"EntryPoint","urlTemplate":"https:\/\/jonkopingmarathon.se\/en\/?s={search_term_string}"},"query-input":{"@type":"PropertyValueSpecification","valueRequired":true,"valueName":"search_term_string"}}],"inLanguage":"en-US"},{"@type":"Organization","@id":"https:\/\/jonkopingmarathon.se\/en\/#organization","name":"J\u00f6nk\u00f6ping Marathon","url":"https:\/\/jonkopingmarathon.se\/en\/","logo":{"@type":"ImageObject","inLanguage":"en-US","@id":"https:\/\/jonkopingmarathon.se\/en\/#\/schema\/logo\/image\/","url":"https:\/\/jonkopingmarathon.se\/wp-content\/uploads\/2024\/01\/OG_IMAGE_JonkopingMarathon.jpg","contentUrl":"https:\/\/jonkopingmarathon.se\/wp-content\/uploads\/2024\/01\/OG_IMAGE_JonkopingMarathon.jpg","width":1200,"height":630,"caption":"J\u00f6nk\u00f6ping Marathon"},"image":{"@id":"https:\/\/jonkopingmarathon.se\/en\/#\/schema\/logo\/image\/"},"sameAs":["https:\/\/www.facebook.com\/stadenarredo","https:\/\/www.instagram.com\/jonkopingmarathon\/","https:\/\/www.youtube.com\/channel\/UCbXk-FxL8Z1K_OdthfGt-YA"]}]}},"_links":{"self":[{"href":"https:\/\/jonkopingmarathon.se\/en\/wp-json\/wp\/v2\/pages\/63613","targetHints":{"allow":["GET"]}}],"collection":[{"href":"https:\/\/jonkopingmarathon.se\/en\/wp-json\/wp\/v2\/pages"}],"about":[{"href":"https:\/\/jonkopingmarathon.se\/en\/wp-json\/wp\/v2\/types\/page"}],"author":[{"embeddable":true,"href":"https:\/\/jonkopingmarathon.se\/en\/wp-json\/wp\/v2\/users\/17"}],"replies":[{"embeddable":true,"href":"https:\/\/jonkopingmarathon.se\/en\/wp-json\/wp\/v2\/comments?post=63613"}],"version-history":[{"count":1,"href":"https:\/\/jonkopingmarathon.se\/en\/wp-json\/wp\/v2\/pages\/63613\/revisions"}],"predecessor-version":[{"id":63614,"href":"https:\/\/jonkopingmarathon.se\/en\/wp-json\/wp\/v2\/pages\/63613\/revisions\/63614"}],"wp:attachment":[{"href":"https:\/\/jonkopingmarathon.se\/en\/wp-json\/wp\/v2\/media?parent=63613"}],"curies":[{"name":"wp","href":"https:\/\/api.w.org\/{rel}","templated":true}]}}