{"id":50665,"date":"2017-11-04T11:50:32","date_gmt":"2017-11-04T11:50:32","guid":{"rendered":"https:\/\/jonkopingmarathon.se\/produkt\/jonkoping-half-marathon-gift-card\/"},"modified":"2025-05-30T11:58:23","modified_gmt":"2025-05-30T09:58:23","slug":"jonkoping-half-marathon-gift-card","status":"publish","type":"product","link":"https:\/\/jonkopingmarathon.se\/en\/product\/jonkoping-half-marathon-gift-card\/","title":{"rendered":"Digital gift card &#8211; J\u00f6nk\u00f6ping Half Marathon"},"content":{"rendered":"<p>A gift for someone you really care about &#8211; <strong>a starting place for the J<a href=\"https:\/\/jonkopingmarathon.se\/en\/half-marathon\/\" target=\"_blank\" rel=\"noopener\">\u00f6nk\u00f6ping Half Marathon<\/a>.<\/strong><\/p>\n<p>We will send a discount code to the email address you enter at checkout within 48 hours. The code is then used by the person registering for the race and gives a 100% discount on the registration fee. No physical gift card is sent out. You can download the gift card and print it yourself in the desired format &#8211; <a href=\"https:\/\/jonkopingmarathon.se\/wp-content\/uploads\/presentkort\/presentkort-half-marathon.pdf\" target=\"_blank\" rel=\"noopener\">PRESENT CARD HALF MARATHON<\/a>.<\/p>\n<p>Note. If you do not receive the code by email &#8211; check your spam folder.<\/p>\n","protected":false},"excerpt":{"rendered":"<p>See instructions below<\/p>\n<p><strong>Period of validity:<\/strong> 2 years<\/p>\n","protected":false},"featured_media":51023,"template":"","meta":{"_acf_changed":false},"product_brand":[],"product_cat":[187,190],"product_tag":[],"class_list":{"0":"post-50665","1":"product","2":"type-product","3":"status-publish","4":"has-post-thumbnail","6":"product_cat-gift-cards","7":"product_cat-webshop-en","9":"first","10":"instock","11":"featured","12":"virtual","13":"taxable","14":"purchasable","15":"product-type-simple"},"acf":[],"yoast_head":"<!-- This site is optimized with the Yoast SEO plugin v27.6 - https:\/\/yoast.com\/product\/yoast-seo-wordpress\/ -->\n<title>Digital gift card - J\u00f6nk\u00f6ping Half Marathon - J\u00f6nk\u00f6ping Marathon<\/title>\n<meta name=\"robots\" content=\"index, follow, max-snippet:-1, max-image-preview:large, max-video-preview:-1\" \/>\n<link rel=\"canonical\" href=\"https:\/\/jonkopingmarathon.se\/en\/product\/jonkoping-half-marathon-gift-card\/\" \/>\n<meta property=\"og:locale\" content=\"en_US\" \/>\n<meta property=\"og:type\" content=\"article\" \/>\n<meta property=\"og:title\" content=\"Digital gift card - J\u00f6nk\u00f6ping Half Marathon - J\u00f6nk\u00f6ping Marathon\" \/>\n<meta property=\"og:description\" content=\"See instructions below  Period of validity: 2 years\" \/>\n<meta property=\"og:url\" content=\"https:\/\/jonkopingmarathon.se\/en\/product\/jonkoping-half-marathon-gift-card\/\" \/>\n<meta property=\"og:site_name\" content=\"J\u00f6nk\u00f6ping Marathon\" \/>\n<meta property=\"article:publisher\" content=\"https:\/\/www.facebook.com\/stadenarredo\" \/>\n<meta property=\"article:modified_time\" content=\"2025-05-30T09:58:23+00:00\" \/>\n<meta property=\"og:image\" content=\"https:\/\/jonkopingmarathon.se\/wp-content\/uploads\/2023\/12\/presentkort_21K_webshop.jpg\" \/>\n\t<meta property=\"og:image:width\" content=\"1000\" \/>\n\t<meta property=\"og:image:height\" content=\"1000\" \/>\n\t<meta property=\"og:image:type\" content=\"image\/jpeg\" \/>\n<meta name=\"twitter:card\" content=\"summary_large_image\" \/>\n<meta name=\"twitter:label1\" content=\"Est. reading time\" \/>\n\t<meta name=\"twitter:data1\" content=\"1 minute\" \/>\n<script type=\"application\/ld+json\" class=\"yoast-schema-graph\">{\"@context\":\"https:\\\/\\\/schema.org\",\"@graph\":[{\"@type\":\"WebPage\",\"@id\":\"https:\\\/\\\/jonkopingmarathon.se\\\/en\\\/product\\\/jonkoping-half-marathon-gift-card\\\/\",\"url\":\"https:\\\/\\\/jonkopingmarathon.se\\\/en\\\/product\\\/jonkoping-half-marathon-gift-card\\\/\",\"name\":\"Digital gift card - J\u00f6nk\u00f6ping Half Marathon - J\u00f6nk\u00f6ping Marathon\",\"isPartOf\":{\"@id\":\"https:\\\/\\\/jonkopingmarathon.se\\\/en\\\/#website\"},\"primaryImageOfPage\":{\"@id\":\"https:\\\/\\\/jonkopingmarathon.se\\\/en\\\/product\\\/jonkoping-half-marathon-gift-card\\\/#primaryimage\"},\"image\":{\"@id\":\"https:\\\/\\\/jonkopingmarathon.se\\\/en\\\/product\\\/jonkoping-half-marathon-gift-card\\\/#primaryimage\"},\"thumbnailUrl\":\"https:\\\/\\\/jonkopingmarathon.se\\\/wp-content\\\/uploads\\\/2023\\\/12\\\/presentkort_21K_webshop.jpg\",\"datePublished\":\"2017-11-04T11:50:32+00:00\",\"dateModified\":\"2025-05-30T09:58:23+00:00\",\"breadcrumb\":{\"@id\":\"https:\\\/\\\/jonkopingmarathon.se\\\/en\\\/product\\\/jonkoping-half-marathon-gift-card\\\/#breadcrumb\"},\"inLanguage\":\"en-US\",\"potentialAction\":[{\"@type\":\"ReadAction\",\"target\":[\"https:\\\/\\\/jonkopingmarathon.se\\\/en\\\/product\\\/jonkoping-half-marathon-gift-card\\\/\"]}]},{\"@type\":\"ImageObject\",\"inLanguage\":\"en-US\",\"@id\":\"https:\\\/\\\/jonkopingmarathon.se\\\/en\\\/product\\\/jonkoping-half-marathon-gift-card\\\/#primaryimage\",\"url\":\"https:\\\/\\\/jonkopingmarathon.se\\\/wp-content\\\/uploads\\\/2023\\\/12\\\/presentkort_21K_webshop.jpg\",\"contentUrl\":\"https:\\\/\\\/jonkopingmarathon.se\\\/wp-content\\\/uploads\\\/2023\\\/12\\\/presentkort_21K_webshop.jpg\",\"width\":1000,\"height\":1000},{\"@type\":\"BreadcrumbList\",\"@id\":\"https:\\\/\\\/jonkopingmarathon.se\\\/en\\\/product\\\/jonkoping-half-marathon-gift-card\\\/#breadcrumb\",\"itemListElement\":[{\"@type\":\"ListItem\",\"position\":1,\"name\":\"Start\",\"item\":\"https:\\\/\\\/jonkopingmarathon.se\\\/en\\\/\"},{\"@type\":\"ListItem\",\"position\":2,\"name\":\"Web shop\",\"item\":\"https:\\\/\\\/jonkopingmarathon.se\\\/en\\\/shop\\\/\"},{\"@type\":\"ListItem\",\"position\":3,\"name\":\"Digital gift card &#8211; J\u00f6nk\u00f6ping Half Marathon\"}]},{\"@type\":\"WebSite\",\"@id\":\"https:\\\/\\\/jonkopingmarathon.se\\\/en\\\/#website\",\"url\":\"https:\\\/\\\/jonkopingmarathon.se\\\/en\\\/\",\"name\":\"J\u00f6nk\u00f6ping Marathon\",\"description\":\"jonkopingmarathon.se\",\"publisher\":{\"@id\":\"https:\\\/\\\/jonkopingmarathon.se\\\/en\\\/#organization\"},\"potentialAction\":[{\"@type\":\"SearchAction\",\"target\":{\"@type\":\"EntryPoint\",\"urlTemplate\":\"https:\\\/\\\/jonkopingmarathon.se\\\/en\\\/?s={search_term_string}\"},\"query-input\":{\"@type\":\"PropertyValueSpecification\",\"valueRequired\":true,\"valueName\":\"search_term_string\"}}],\"inLanguage\":\"en-US\"},{\"@type\":\"Organization\",\"@id\":\"https:\\\/\\\/jonkopingmarathon.se\\\/en\\\/#organization\",\"name\":\"J\u00f6nk\u00f6ping Marathon\",\"url\":\"https:\\\/\\\/jonkopingmarathon.se\\\/en\\\/\",\"logo\":{\"@type\":\"ImageObject\",\"inLanguage\":\"en-US\",\"@id\":\"https:\\\/\\\/jonkopingmarathon.se\\\/en\\\/#\\\/schema\\\/logo\\\/image\\\/\",\"url\":\"https:\\\/\\\/jonkopingmarathon.se\\\/wp-content\\\/uploads\\\/2024\\\/01\\\/OG_IMAGE_JonkopingMarathon.jpg\",\"contentUrl\":\"https:\\\/\\\/jonkopingmarathon.se\\\/wp-content\\\/uploads\\\/2024\\\/01\\\/OG_IMAGE_JonkopingMarathon.jpg\",\"width\":1200,\"height\":630,\"caption\":\"J\u00f6nk\u00f6ping Marathon\"},\"image\":{\"@id\":\"https:\\\/\\\/jonkopingmarathon.se\\\/en\\\/#\\\/schema\\\/logo\\\/image\\\/\"},\"sameAs\":[\"https:\\\/\\\/www.facebook.com\\\/stadenarredo\",\"https:\\\/\\\/www.instagram.com\\\/jonkopingmarathon\\\/\",\"https:\\\/\\\/www.youtube.com\\\/channel\\\/UCbXk-FxL8Z1K_OdthfGt-YA\"]}]}<\/script>\n<!-- \/ Yoast SEO plugin. -->","yoast_head_json":{"title":"Digital gift card - J\u00f6nk\u00f6ping Half Marathon - J\u00f6nk\u00f6ping Marathon","robots":{"index":"index","follow":"follow","max-snippet":"max-snippet:-1","max-image-preview":"max-image-preview:large","max-video-preview":"max-video-preview:-1"},"canonical":"https:\/\/jonkopingmarathon.se\/en\/product\/jonkoping-half-marathon-gift-card\/","og_locale":"en_US","og_type":"article","og_title":"Digital gift card - J\u00f6nk\u00f6ping Half Marathon - J\u00f6nk\u00f6ping Marathon","og_description":"See instructions below  Period of validity: 2 years","og_url":"https:\/\/jonkopingmarathon.se\/en\/product\/jonkoping-half-marathon-gift-card\/","og_site_name":"J\u00f6nk\u00f6ping Marathon","article_publisher":"https:\/\/www.facebook.com\/stadenarredo","article_modified_time":"2025-05-30T09:58:23+00:00","og_image":[{"width":1000,"height":1000,"url":"https:\/\/jonkopingmarathon.se\/wp-content\/uploads\/2023\/12\/presentkort_21K_webshop.jpg","type":"image\/jpeg"}],"twitter_card":"summary_large_image","twitter_misc":{"Est. reading time":"1 minute"},"schema":{"@context":"https:\/\/schema.org","@graph":[{"@type":"WebPage","@id":"https:\/\/jonkopingmarathon.se\/en\/product\/jonkoping-half-marathon-gift-card\/","url":"https:\/\/jonkopingmarathon.se\/en\/product\/jonkoping-half-marathon-gift-card\/","name":"Digital gift card - J\u00f6nk\u00f6ping Half Marathon - J\u00f6nk\u00f6ping Marathon","isPartOf":{"@id":"https:\/\/jonkopingmarathon.se\/en\/#website"},"primaryImageOfPage":{"@id":"https:\/\/jonkopingmarathon.se\/en\/product\/jonkoping-half-marathon-gift-card\/#primaryimage"},"image":{"@id":"https:\/\/jonkopingmarathon.se\/en\/product\/jonkoping-half-marathon-gift-card\/#primaryimage"},"thumbnailUrl":"https:\/\/jonkopingmarathon.se\/wp-content\/uploads\/2023\/12\/presentkort_21K_webshop.jpg","datePublished":"2017-11-04T11:50:32+00:00","dateModified":"2025-05-30T09:58:23+00:00","breadcrumb":{"@id":"https:\/\/jonkopingmarathon.se\/en\/product\/jonkoping-half-marathon-gift-card\/#breadcrumb"},"inLanguage":"en-US","potentialAction":[{"@type":"ReadAction","target":["https:\/\/jonkopingmarathon.se\/en\/product\/jonkoping-half-marathon-gift-card\/"]}]},{"@type":"ImageObject","inLanguage":"en-US","@id":"https:\/\/jonkopingmarathon.se\/en\/product\/jonkoping-half-marathon-gift-card\/#primaryimage","url":"https:\/\/jonkopingmarathon.se\/wp-content\/uploads\/2023\/12\/presentkort_21K_webshop.jpg","contentUrl":"https:\/\/jonkopingmarathon.se\/wp-content\/uploads\/2023\/12\/presentkort_21K_webshop.jpg","width":1000,"height":1000},{"@type":"BreadcrumbList","@id":"https:\/\/jonkopingmarathon.se\/en\/product\/jonkoping-half-marathon-gift-card\/#breadcrumb","itemListElement":[{"@type":"ListItem","position":1,"name":"Start","item":"https:\/\/jonkopingmarathon.se\/en\/"},{"@type":"ListItem","position":2,"name":"Web shop","item":"https:\/\/jonkopingmarathon.se\/en\/shop\/"},{"@type":"ListItem","position":3,"name":"Digital gift card &#8211; J\u00f6nk\u00f6ping Half Marathon"}]},{"@type":"WebSite","@id":"https:\/\/jonkopingmarathon.se\/en\/#website","url":"https:\/\/jonkopingmarathon.se\/en\/","name":"J\u00f6nk\u00f6ping Marathon","description":"jonkopingmarathon.se","publisher":{"@id":"https:\/\/jonkopingmarathon.se\/en\/#organization"},"potentialAction":[{"@type":"SearchAction","target":{"@type":"EntryPoint","urlTemplate":"https:\/\/jonkopingmarathon.se\/en\/?s={search_term_string}"},"query-input":{"@type":"PropertyValueSpecification","valueRequired":true,"valueName":"search_term_string"}}],"inLanguage":"en-US"},{"@type":"Organization","@id":"https:\/\/jonkopingmarathon.se\/en\/#organization","name":"J\u00f6nk\u00f6ping Marathon","url":"https:\/\/jonkopingmarathon.se\/en\/","logo":{"@type":"ImageObject","inLanguage":"en-US","@id":"https:\/\/jonkopingmarathon.se\/en\/#\/schema\/logo\/image\/","url":"https:\/\/jonkopingmarathon.se\/wp-content\/uploads\/2024\/01\/OG_IMAGE_JonkopingMarathon.jpg","contentUrl":"https:\/\/jonkopingmarathon.se\/wp-content\/uploads\/2024\/01\/OG_IMAGE_JonkopingMarathon.jpg","width":1200,"height":630,"caption":"J\u00f6nk\u00f6ping Marathon"},"image":{"@id":"https:\/\/jonkopingmarathon.se\/en\/#\/schema\/logo\/image\/"},"sameAs":["https:\/\/www.facebook.com\/stadenarredo","https:\/\/www.instagram.com\/jonkopingmarathon\/","https:\/\/www.youtube.com\/channel\/UCbXk-FxL8Z1K_OdthfGt-YA"]}]}},"_links":{"self":[{"href":"https:\/\/jonkopingmarathon.se\/en\/wp-json\/wp\/v2\/product\/50665","targetHints":{"allow":["GET"]}}],"collection":[{"href":"https:\/\/jonkopingmarathon.se\/en\/wp-json\/wp\/v2\/product"}],"about":[{"href":"https:\/\/jonkopingmarathon.se\/en\/wp-json\/wp\/v2\/types\/product"}],"wp:featuredmedia":[{"embeddable":true,"href":"https:\/\/jonkopingmarathon.se\/en\/wp-json\/wp\/v2\/media\/51023"}],"wp:attachment":[{"href":"https:\/\/jonkopingmarathon.se\/en\/wp-json\/wp\/v2\/media?parent=50665"}],"wp:term":[{"taxonomy":"product_brand","embeddable":true,"href":"https:\/\/jonkopingmarathon.se\/en\/wp-json\/wp\/v2\/product_brand?post=50665"},{"taxonomy":"product_cat","embeddable":true,"href":"https:\/\/jonkopingmarathon.se\/en\/wp-json\/wp\/v2\/product_cat?post=50665"},{"taxonomy":"product_tag","embeddable":true,"href":"https:\/\/jonkopingmarathon.se\/en\/wp-json\/wp\/v2\/product_tag?post=50665"}],"curies":[{"name":"wp","href":"https:\/\/api.w.org\/{rel}","templated":true}]}}