{"id":62067,"date":"2025-12-05T15:48:51","date_gmt":"2025-12-05T14:48:51","guid":{"rendered":"https:\/\/jonkopingmarathon.se\/?post_type=product&#038;p=62067"},"modified":"2025-12-05T15:49:18","modified_gmt":"2025-12-05T14:49:18","slug":"jm-kockforklade-med-fickor","status":"publish","type":"product","link":"https:\/\/jonkopingmarathon.se\/en\/product\/jm-kockforklade-med-fickor\/","title":{"rendered":"JM Kockf\u00f6rkl\u00e4de med fickor"},"content":{"rendered":"<p>Det ska givetvis synas att du \u00e4r en l\u00f6pare \u00e4ven n\u00e4r du lagar mat.<\/p>\n<p>Alla vet att kosten \u00e4r A och O \u00e4ven f\u00f6r maratonl\u00f6pare s\u00e5 varf\u00f6r inte vara extra snygg \u00e4ven n\u00e4r du lagar mat?<\/p>\n<p>F\u00f6rkl\u00e4det har en bekv\u00e4m passform som g\u00f6r att du kan r\u00f6ra dig fritt samtidigt som det skyddar dina kl\u00e4der fr\u00e5n smuts och spill. Den stora fickan p\u00e5 framsidan ger dig gott om utrymme att f\u00f6rvara n\u00f6dv\u00e4ndiga verktyg och tillbeh\u00f6r inom r\u00e4ckh\u00e5ll.<\/p>\n","protected":false},"excerpt":{"rendered":"<p>Det ska givetvis synas att du \u00e4r en l\u00f6pare \u00e4ven n\u00e4r du lagar mat. Alla vet att kosten \u00e4r A och O \u00e4ven f\u00f6r maratonl\u00f6pare s\u00e5 varf\u00f6r inte vara extra snygg \u00e4ven n\u00e4r du lagar mat? F\u00f6rkl\u00e4det har en bekv\u00e4m passform som g\u00f6r att du kan r\u00f6ra dig fritt samtidigt som det skyddar dina kl\u00e4der [&#8230;]<\/p>\n","protected":false},"featured_media":62068,"template":"","meta":{"_acf_changed":false},"product_brand":[],"product_cat":[180,84],"product_tag":[],"class_list":{"0":"post-62067","1":"product","2":"type-product","3":"status-publish","4":"has-post-thumbnail","6":"product_cat-merchandise","7":"product_cat-webshop","9":"first","10":"instock","11":"taxable","12":"shipping-taxable","13":"purchasable","14":"product-type-simple"},"acf":[],"yoast_head":"<!-- This site is optimized with the Yoast SEO plugin v27.6 - https:\/\/yoast.com\/product\/yoast-seo-wordpress\/ -->\n<title>JM Kockf\u00f6rkl\u00e4de med fickor - J\u00f6nk\u00f6ping Marathon<\/title>\n<meta name=\"robots\" content=\"index, follow, max-snippet:-1, max-image-preview:large, max-video-preview:-1\" \/>\n<link rel=\"canonical\" href=\"https:\/\/jonkopingmarathon.se\/en\/product\/jm-kockforklade-med-fickor\/\" \/>\n<meta property=\"og:locale\" content=\"en_US\" \/>\n<meta property=\"og:type\" content=\"article\" \/>\n<meta property=\"og:title\" content=\"JM Kockf\u00f6rkl\u00e4de med fickor - J\u00f6nk\u00f6ping Marathon\" \/>\n<meta property=\"og:description\" content=\"Det ska givetvis synas att du \u00e4r en l\u00f6pare \u00e4ven n\u00e4r du lagar mat. Alla vet att kosten \u00e4r A och O \u00e4ven f\u00f6r maratonl\u00f6pare s\u00e5 varf\u00f6r inte vara extra snygg \u00e4ven n\u00e4r du lagar mat? F\u00f6rkl\u00e4det har en bekv\u00e4m passform som g\u00f6r att du kan r\u00f6ra dig fritt samtidigt som det skyddar dina kl\u00e4der [...]\" \/>\n<meta property=\"og:url\" content=\"https:\/\/jonkopingmarathon.se\/en\/product\/jm-kockforklade-med-fickor\/\" \/>\n<meta property=\"og:site_name\" content=\"J\u00f6nk\u00f6ping Marathon\" \/>\n<meta property=\"article:publisher\" content=\"https:\/\/www.facebook.com\/stadenarredo\" \/>\n<meta property=\"article:modified_time\" content=\"2025-12-05T14:49:18+00:00\" \/>\n<meta property=\"og:image\" content=\"https:\/\/jonkopingmarathon.se\/wp-content\/uploads\/2025\/12\/apron-produktbild.jpg\" \/>\n\t<meta property=\"og:image:width\" content=\"1541\" \/>\n\t<meta property=\"og:image:height\" content=\"1500\" \/>\n\t<meta property=\"og:image:type\" content=\"image\/jpeg\" \/>\n<meta name=\"twitter:card\" content=\"summary_large_image\" \/>\n<meta name=\"twitter:label1\" content=\"Est. reading time\" \/>\n\t<meta name=\"twitter:data1\" content=\"1 minute\" \/>\n<script type=\"application\/ld+json\" class=\"yoast-schema-graph\">{\"@context\":\"https:\\\/\\\/schema.org\",\"@graph\":[{\"@type\":\"WebPage\",\"@id\":\"https:\\\/\\\/jonkopingmarathon.se\\\/en\\\/product\\\/jm-kockforklade-med-fickor\\\/\",\"url\":\"https:\\\/\\\/jonkopingmarathon.se\\\/en\\\/product\\\/jm-kockforklade-med-fickor\\\/\",\"name\":\"JM Kockf\u00f6rkl\u00e4de med fickor - J\u00f6nk\u00f6ping Marathon\",\"isPartOf\":{\"@id\":\"https:\\\/\\\/jonkopingmarathon.se\\\/en\\\/#website\"},\"primaryImageOfPage\":{\"@id\":\"https:\\\/\\\/jonkopingmarathon.se\\\/en\\\/product\\\/jm-kockforklade-med-fickor\\\/#primaryimage\"},\"image\":{\"@id\":\"https:\\\/\\\/jonkopingmarathon.se\\\/en\\\/product\\\/jm-kockforklade-med-fickor\\\/#primaryimage\"},\"thumbnailUrl\":\"https:\\\/\\\/jonkopingmarathon.se\\\/wp-content\\\/uploads\\\/2025\\\/12\\\/apron-produktbild.jpg\",\"datePublished\":\"2025-12-05T14:48:51+00:00\",\"dateModified\":\"2025-12-05T14:49:18+00:00\",\"breadcrumb\":{\"@id\":\"https:\\\/\\\/jonkopingmarathon.se\\\/en\\\/product\\\/jm-kockforklade-med-fickor\\\/#breadcrumb\"},\"inLanguage\":\"en-US\",\"potentialAction\":[{\"@type\":\"ReadAction\",\"target\":[\"https:\\\/\\\/jonkopingmarathon.se\\\/en\\\/product\\\/jm-kockforklade-med-fickor\\\/\"]}]},{\"@type\":\"ImageObject\",\"inLanguage\":\"en-US\",\"@id\":\"https:\\\/\\\/jonkopingmarathon.se\\\/en\\\/product\\\/jm-kockforklade-med-fickor\\\/#primaryimage\",\"url\":\"https:\\\/\\\/jonkopingmarathon.se\\\/wp-content\\\/uploads\\\/2025\\\/12\\\/apron-produktbild.jpg\",\"contentUrl\":\"https:\\\/\\\/jonkopingmarathon.se\\\/wp-content\\\/uploads\\\/2025\\\/12\\\/apron-produktbild.jpg\",\"width\":1541,\"height\":1500},{\"@type\":\"BreadcrumbList\",\"@id\":\"https:\\\/\\\/jonkopingmarathon.se\\\/en\\\/product\\\/jm-kockforklade-med-fickor\\\/#breadcrumb\",\"itemListElement\":[{\"@type\":\"ListItem\",\"position\":1,\"name\":\"Start\",\"item\":\"https:\\\/\\\/jonkopingmarathon.se\\\/en\\\/\"},{\"@type\":\"ListItem\",\"position\":2,\"name\":\"Web shop\",\"item\":\"https:\\\/\\\/jonkopingmarathon.se\\\/en\\\/shop\\\/\"},{\"@type\":\"ListItem\",\"position\":3,\"name\":\"JM Kockf\u00f6rkl\u00e4de med fickor\"}]},{\"@type\":\"WebSite\",\"@id\":\"https:\\\/\\\/jonkopingmarathon.se\\\/en\\\/#website\",\"url\":\"https:\\\/\\\/jonkopingmarathon.se\\\/en\\\/\",\"name\":\"J\u00f6nk\u00f6ping Marathon\",\"description\":\"jonkopingmarathon.se\",\"publisher\":{\"@id\":\"https:\\\/\\\/jonkopingmarathon.se\\\/en\\\/#organization\"},\"potentialAction\":[{\"@type\":\"SearchAction\",\"target\":{\"@type\":\"EntryPoint\",\"urlTemplate\":\"https:\\\/\\\/jonkopingmarathon.se\\\/en\\\/?s={search_term_string}\"},\"query-input\":{\"@type\":\"PropertyValueSpecification\",\"valueRequired\":true,\"valueName\":\"search_term_string\"}}],\"inLanguage\":\"en-US\"},{\"@type\":\"Organization\",\"@id\":\"https:\\\/\\\/jonkopingmarathon.se\\\/en\\\/#organization\",\"name\":\"J\u00f6nk\u00f6ping Marathon\",\"url\":\"https:\\\/\\\/jonkopingmarathon.se\\\/en\\\/\",\"logo\":{\"@type\":\"ImageObject\",\"inLanguage\":\"en-US\",\"@id\":\"https:\\\/\\\/jonkopingmarathon.se\\\/en\\\/#\\\/schema\\\/logo\\\/image\\\/\",\"url\":\"https:\\\/\\\/jonkopingmarathon.se\\\/wp-content\\\/uploads\\\/2024\\\/01\\\/OG_IMAGE_JonkopingMarathon.jpg\",\"contentUrl\":\"https:\\\/\\\/jonkopingmarathon.se\\\/wp-content\\\/uploads\\\/2024\\\/01\\\/OG_IMAGE_JonkopingMarathon.jpg\",\"width\":1200,\"height\":630,\"caption\":\"J\u00f6nk\u00f6ping Marathon\"},\"image\":{\"@id\":\"https:\\\/\\\/jonkopingmarathon.se\\\/en\\\/#\\\/schema\\\/logo\\\/image\\\/\"},\"sameAs\":[\"https:\\\/\\\/www.facebook.com\\\/stadenarredo\",\"https:\\\/\\\/www.instagram.com\\\/jonkopingmarathon\\\/\",\"https:\\\/\\\/www.youtube.com\\\/channel\\\/UCbXk-FxL8Z1K_OdthfGt-YA\"]}]}<\/script>\n<!-- \/ Yoast SEO plugin. -->","yoast_head_json":{"title":"JM Kockf\u00f6rkl\u00e4de med fickor - J\u00f6nk\u00f6ping Marathon","robots":{"index":"index","follow":"follow","max-snippet":"max-snippet:-1","max-image-preview":"max-image-preview:large","max-video-preview":"max-video-preview:-1"},"canonical":"https:\/\/jonkopingmarathon.se\/en\/product\/jm-kockforklade-med-fickor\/","og_locale":"en_US","og_type":"article","og_title":"JM Kockf\u00f6rkl\u00e4de med fickor - J\u00f6nk\u00f6ping Marathon","og_description":"Det ska givetvis synas att du \u00e4r en l\u00f6pare \u00e4ven n\u00e4r du lagar mat. Alla vet att kosten \u00e4r A och O \u00e4ven f\u00f6r maratonl\u00f6pare s\u00e5 varf\u00f6r inte vara extra snygg \u00e4ven n\u00e4r du lagar mat? F\u00f6rkl\u00e4det har en bekv\u00e4m passform som g\u00f6r att du kan r\u00f6ra dig fritt samtidigt som det skyddar dina kl\u00e4der [...]","og_url":"https:\/\/jonkopingmarathon.se\/en\/product\/jm-kockforklade-med-fickor\/","og_site_name":"J\u00f6nk\u00f6ping Marathon","article_publisher":"https:\/\/www.facebook.com\/stadenarredo","article_modified_time":"2025-12-05T14:49:18+00:00","og_image":[{"width":1541,"height":1500,"url":"https:\/\/jonkopingmarathon.se\/wp-content\/uploads\/2025\/12\/apron-produktbild.jpg","type":"image\/jpeg"}],"twitter_card":"summary_large_image","twitter_misc":{"Est. reading time":"1 minute"},"schema":{"@context":"https:\/\/schema.org","@graph":[{"@type":"WebPage","@id":"https:\/\/jonkopingmarathon.se\/en\/product\/jm-kockforklade-med-fickor\/","url":"https:\/\/jonkopingmarathon.se\/en\/product\/jm-kockforklade-med-fickor\/","name":"JM Kockf\u00f6rkl\u00e4de med fickor - J\u00f6nk\u00f6ping Marathon","isPartOf":{"@id":"https:\/\/jonkopingmarathon.se\/en\/#website"},"primaryImageOfPage":{"@id":"https:\/\/jonkopingmarathon.se\/en\/product\/jm-kockforklade-med-fickor\/#primaryimage"},"image":{"@id":"https:\/\/jonkopingmarathon.se\/en\/product\/jm-kockforklade-med-fickor\/#primaryimage"},"thumbnailUrl":"https:\/\/jonkopingmarathon.se\/wp-content\/uploads\/2025\/12\/apron-produktbild.jpg","datePublished":"2025-12-05T14:48:51+00:00","dateModified":"2025-12-05T14:49:18+00:00","breadcrumb":{"@id":"https:\/\/jonkopingmarathon.se\/en\/product\/jm-kockforklade-med-fickor\/#breadcrumb"},"inLanguage":"en-US","potentialAction":[{"@type":"ReadAction","target":["https:\/\/jonkopingmarathon.se\/en\/product\/jm-kockforklade-med-fickor\/"]}]},{"@type":"ImageObject","inLanguage":"en-US","@id":"https:\/\/jonkopingmarathon.se\/en\/product\/jm-kockforklade-med-fickor\/#primaryimage","url":"https:\/\/jonkopingmarathon.se\/wp-content\/uploads\/2025\/12\/apron-produktbild.jpg","contentUrl":"https:\/\/jonkopingmarathon.se\/wp-content\/uploads\/2025\/12\/apron-produktbild.jpg","width":1541,"height":1500},{"@type":"BreadcrumbList","@id":"https:\/\/jonkopingmarathon.se\/en\/product\/jm-kockforklade-med-fickor\/#breadcrumb","itemListElement":[{"@type":"ListItem","position":1,"name":"Start","item":"https:\/\/jonkopingmarathon.se\/en\/"},{"@type":"ListItem","position":2,"name":"Web shop","item":"https:\/\/jonkopingmarathon.se\/en\/shop\/"},{"@type":"ListItem","position":3,"name":"JM Kockf\u00f6rkl\u00e4de med fickor"}]},{"@type":"WebSite","@id":"https:\/\/jonkopingmarathon.se\/en\/#website","url":"https:\/\/jonkopingmarathon.se\/en\/","name":"J\u00f6nk\u00f6ping Marathon","description":"jonkopingmarathon.se","publisher":{"@id":"https:\/\/jonkopingmarathon.se\/en\/#organization"},"potentialAction":[{"@type":"SearchAction","target":{"@type":"EntryPoint","urlTemplate":"https:\/\/jonkopingmarathon.se\/en\/?s={search_term_string}"},"query-input":{"@type":"PropertyValueSpecification","valueRequired":true,"valueName":"search_term_string"}}],"inLanguage":"en-US"},{"@type":"Organization","@id":"https:\/\/jonkopingmarathon.se\/en\/#organization","name":"J\u00f6nk\u00f6ping Marathon","url":"https:\/\/jonkopingmarathon.se\/en\/","logo":{"@type":"ImageObject","inLanguage":"en-US","@id":"https:\/\/jonkopingmarathon.se\/en\/#\/schema\/logo\/image\/","url":"https:\/\/jonkopingmarathon.se\/wp-content\/uploads\/2024\/01\/OG_IMAGE_JonkopingMarathon.jpg","contentUrl":"https:\/\/jonkopingmarathon.se\/wp-content\/uploads\/2024\/01\/OG_IMAGE_JonkopingMarathon.jpg","width":1200,"height":630,"caption":"J\u00f6nk\u00f6ping Marathon"},"image":{"@id":"https:\/\/jonkopingmarathon.se\/en\/#\/schema\/logo\/image\/"},"sameAs":["https:\/\/www.facebook.com\/stadenarredo","https:\/\/www.instagram.com\/jonkopingmarathon\/","https:\/\/www.youtube.com\/channel\/UCbXk-FxL8Z1K_OdthfGt-YA"]}]}},"_links":{"self":[{"href":"https:\/\/jonkopingmarathon.se\/en\/wp-json\/wp\/v2\/product\/62067","targetHints":{"allow":["GET"]}}],"collection":[{"href":"https:\/\/jonkopingmarathon.se\/en\/wp-json\/wp\/v2\/product"}],"about":[{"href":"https:\/\/jonkopingmarathon.se\/en\/wp-json\/wp\/v2\/types\/product"}],"wp:featuredmedia":[{"embeddable":true,"href":"https:\/\/jonkopingmarathon.se\/en\/wp-json\/wp\/v2\/media\/62068"}],"wp:attachment":[{"href":"https:\/\/jonkopingmarathon.se\/en\/wp-json\/wp\/v2\/media?parent=62067"}],"wp:term":[{"taxonomy":"product_brand","embeddable":true,"href":"https:\/\/jonkopingmarathon.se\/en\/wp-json\/wp\/v2\/product_brand?post=62067"},{"taxonomy":"product_cat","embeddable":true,"href":"https:\/\/jonkopingmarathon.se\/en\/wp-json\/wp\/v2\/product_cat?post=62067"},{"taxonomy":"product_tag","embeddable":true,"href":"https:\/\/jonkopingmarathon.se\/en\/wp-json\/wp\/v2\/product_tag?post=62067"}],"curies":[{"name":"wp","href":"https:\/\/api.w.org\/{rel}","templated":true}]}}